{"id":9932,"date":"2017-07-17T10:16:04","date_gmt":"2017-07-17T02:16:04","guid":{"rendered":"https:\/\/www.innosen.com\/?page_id=9932\/"},"modified":"2018-04-13T11:23:48","modified_gmt":"2018-04-13T03:23:48","slug":"casier-de-rangement-plateaux","status":"publish","type":"page","link":"https:\/\/www.innosen.com\/fr\/qa_systems\/casier-de-rangement-plateaux\/","title":{"rendered":"Casier de Rangement pour les Plateaux"},"content":{"rendered":"<p>[et_pb_section bb_built=&#8221;1&#8243; admin_label=&#8221;section&#8221; padding_mobile=&#8221;off&#8221; custom_padding_tablet=&#8221;50px|0|50px|0&#8243; custom_padding_last_edited=&#8221;on|desktop&#8221; next_background_color=&#8221;#f4f4f4&#8243;][et_pb_row admin_label=&#8221;Row&#8221; custom_padding=&#8221;0px||8mm|&#8221; column_padding_mobile=&#8221;on&#8221; parallax_method_1=&#8221;off&#8221; parallax_method_2=&#8221;off&#8221; background_position=&#8221;top_left&#8221; background_repeat=&#8221;repeat&#8221; background_size=&#8221;initial&#8221;][et_pb_column type=&#8221;1_2&#8243;][et_pb_text admin_label=&#8221;Top plate rack&#8221; disabled_on=&#8221;off||&#8221; header_font=&#8221;Roboto||||&#8221; header_font_size=&#8221;1&#8243; text_font=&#8221;Roboto|on||on|&#8221; text_font_size=&#8221;30&#8243; text_text_color=&#8221;#ff6600&#8243; text_line_height=&#8221;1em&#8221; custom_margin=&#8221;5mm|0px|0mm|0px&#8221; custom_padding=&#8221;5mm|0mm|0mm|0mm&#8221; background_position=&#8221;top_left&#8221; background_repeat=&#8221;repeat&#8221; background_size=&#8221;initial&#8221;]<\/p>\n<p class=\"\">Casier de Rangement pour les Plateaux<\/p>\n<p>[\/et_pb_text][et_pb_text admin_label=&#8221;IS9031&#8243; disabled_on=&#8221;off||&#8221; header_font=&#8221;Roboto||||&#8221; header_font_size=&#8221;0&#8243; header_line_height=&#8221;2.6em&#8221; text_font=&#8221;Roboto Light|||on|&#8221; text_font_size=&#8221;25&#8243; text_text_color=&#8221;#424242&#8243; text_line_height=&#8221;1.5&#8243; custom_margin=&#8221;0px|5mm|5mm|0mm&#8221; custom_padding=&#8221;0px|0mm|0mm|0mm&#8221; background_position=&#8221;top_left&#8221; background_repeat=&#8221;repeat&#8221; background_size=&#8221;initial&#8221;]<\/p>\n<p>IS9031<\/p>\n<p>[\/et_pb_text][et_pb_divider admin_label=&#8221;DIVIDER&#8221; color=&#8221;#f2f2f2&#8243; show_divider=&#8221;on&#8221; height=&#8221;3&#8243; divider_style=&#8221;solid&#8221; divider_position=&#8221;bottom&#8221; hide_on_mobile=&#8221;off&#8221; \/][et_pb_text admin_label=&#8221;For easy storage and organisation of your Top plates&#8221; header_font_size=&#8221;1px&#8221; text_font=&#8221;Roboto|||on|&#8221; text_font_size=&#8221;20&#8243; text_text_color=&#8221;#e0605c&#8221; text_line_height=&#8221;1.2&#8243; custom_margin=&#8221;|||0mm&#8221; custom_padding=&#8221;|||0px&#8221; background_position=&#8221;top_left&#8221; background_repeat=&#8221;repeat&#8221; background_size=&#8221;initial&#8221;]<\/p>\n<p><strong>Pour ranger et organiser facilement vos differents plateaux <\/strong><\/p>\n<p>[\/et_pb_text][et_pb_text admin_label=&#8221;Innosen&#8217;s top plate rack can easily organise &#8221; text_orientation=&#8221;justified&#8221; header_font_size=&#8221;1px&#8221; text_font=&#8221;Open Sans||||&#8221; text_font_size=&#8221;13&#8243; text_line_height=&#8221;1.7&#8243; custom_margin=&#8221;|||0mm&#8221; background_position=&#8221;top_left&#8221; background_repeat=&#8221;repeat&#8221; background_size=&#8221;initial&#8221;]<\/p>\n<p>Pour ranger et organiser facilement vos differents plateaux . Egouttage des plateaux et \u00e9vacuation de l\u2019\u00e9lectrolyte en exc\u00e8s.<\/p>\n<p>[\/et_pb_text][et_pb_button admin_label=&#8221;Dites Moi Plus&#8221; button_url=&#8221;\/contact?product=IS9031&#8243; button_text=&#8221;Dites Moi Plus&#8221; button_alignment=&#8221;left&#8221; custom_button=&#8221;on&#8221; button_text_size=&#8221;13&#8243; button_text_color=&#8221;#ffffff&#8221; button_bg_color=&#8221;#e0605c&#8221; button_border_width=&#8221;0&#8243; button_border_radius=&#8221;15&#8243; button_font=&#8221;Roboto|||on|&#8221; button_use_icon=&#8221;on&#8221; button_icon=&#8221;%%198%%&#8221; button_bg_color_hover=&#8221;#ff6600&#8243; button_border_radius_hover=&#8221;15&#8243; background_color=&#8221;#ff6600&#8243; \/][\/et_pb_column][et_pb_column type=&#8221;1_2&#8243;][et_pb_image admin_label=&#8221;IS9031 Image&#8221; src=&#8221;\/wp-content\/uploads\/2016\/02\/IS9031_510x510px.png&#8221; alt=&#8221;IS9031&#8243; title_text=&#8221;IS9031&#8243; align=&#8221;center&#8221; show_in_lightbox=&#8221;off&#8221; url_new_window=&#8221;off&#8221; use_overlay=&#8221;off&#8221; force_fullwidth=&#8221;off&#8221; always_center_on_mobile=&#8221;on&#8221; use_border_color=&#8221;off&#8221; custom_margin=&#8221;30px|||&#8221; animation_style=&#8221;slide&#8221; animation_duration=&#8221;500ms&#8221; animation_intensity_slide=&#8221;10%&#8221; animation_direction=&#8221;left&#8221; show_bottom_space=&#8221;on&#8221; _builder_version=&#8221;3.0.98&#8243; \/][\/et_pb_column][\/et_pb_row][\/et_pb_section][et_pb_section bb_built=&#8221;1&#8243; background_color=&#8221;#f4f4f4&#8243; custom_padding=&#8221;13px|0px|8px|0px&#8221; prev_background_color=&#8221;#ffffff&#8221; next_background_color=&#8221;#ff6600&#8243;][et_pb_row admin_label=&#8221;Row&#8221; custom_padding=&#8221;13px|0px|15px|0px&#8221; column_padding_mobile=&#8221;on&#8221; parallax_method_1=&#8221;off&#8221; parallax_method_2=&#8221;off&#8221; background_position=&#8221;top_left&#8221; background_repeat=&#8221;repeat&#8221; background_size=&#8221;initial&#8221;][et_pb_column type=&#8221;1_2&#8243;][et_pb_text admin_label=&#8221;BENEFIT&#8221; disabled_on=&#8221;off||&#8221; header_font=&#8221;Roboto||||&#8221; header_font_size=&#8221;1&#8243; text_font=&#8221;Roboto|on||on|&#8221; text_font_size=&#8221;25&#8243; text_text_color=&#8221;#ff6600&#8243; text_line_height=&#8221;3em&#8221; custom_margin=&#8221;0mm|0px|0mm|0px&#8221; custom_padding=&#8221;0mm|0mm|0mm|0mm&#8221; background_position=&#8221;top_left&#8221; background_repeat=&#8221;repeat&#8221; background_size=&#8221;initial&#8221;]<\/p>\n<p>AVANTAGES<\/p>\n<p>[\/et_pb_text][et_pb_text admin_label=&#8221;Benefits txt&#8221; text_orientation=&#8221;justified&#8221; disabled_on=&#8221;off||&#8221; header_font_size=&#8221;1px&#8221; text_font=&#8221;Open Sans||||&#8221; text_font_size=&#8221;13&#8243; text_line_height=&#8221;1.7&#8243; custom_margin=&#8221;|||0mm&#8221; background_position=&#8221;top_left&#8221; background_repeat=&#8221;repeat&#8221; background_size=&#8221;initial&#8221;]<\/p>\n<p>&#x2705; Rangement facile de vos plateaux (5 maximum)<\/p>\n<p>&#x2705; Egouttage des plateaux et \u00e9vacuation de l\u2019\u00e9lectrolyte en exc\u00e8s<\/p>\n<p>&#x2705; Etiquetage facile<\/p>\n<p>&#x2705; Gain de place dans votre laboratoire<\/p>\n<p>[\/et_pb_text][et_pb_text admin_label=&#8221;AN ADD ON TO&#8221; disabled_on=&#8221;off||&#8221; header_font=&#8221;Roboto||||&#8221; header_font_size=&#8221;1&#8243; text_font=&#8221;Roboto|on||on|&#8221; text_font_size=&#8221;25&#8243; text_text_color=&#8221;#ff6600&#8243; text_line_height=&#8221;3em&#8221; custom_margin=&#8221;0mm|0px|0mm|0px&#8221; custom_padding=&#8221;0mm|0mm|0mm|0mm&#8221; background_position=&#8221;top_left&#8221; background_repeat=&#8221;repeat&#8221; background_size=&#8221;initial&#8221;]<\/p>\n<p>UN COMPLEMENT POUR :<\/p>\n<p>[\/et_pb_text][et_pb_text admin_label=&#8221;Benefits txt&#8221; text_orientation=&#8221;justified&#8221; disabled_on=&#8221;off||&#8221; header_font_size=&#8221;1px&#8221; text_font=&#8221;Open Sans||||&#8221; text_font_size=&#8221;13&#8243; text_line_height=&#8221;1.7&#8243; custom_margin=&#8221;|||0mm&#8221; background_position=&#8221;top_left&#8221; background_repeat=&#8221;repeat&#8221; background_size=&#8221;initial&#8221;]<\/p>\n<p>\u25a0 Adaptateur standard pour le contr\u00f4le de porosit\u00e9 sur les couvercles IS9020MT<\/p>\n<p>\u25a0 Adaptateur standard pour le contr\u00f4le de porosit\u00e9 sur les couvercles IS9020MR<\/p>\n<p>\u25a0 Adaptateur pour le contr\u00f4le de porosit\u00e9 sur les grands couvercles IS9019R<\/p>\n<p>\u25a0 Adaptateur pour le contr\u00f4le de porosit\u00e9 sur les grands couvercles IS9019TR<\/p>\n<p>[\/et_pb_text][\/et_pb_column][et_pb_column type=&#8221;1_2&#8243;][et_pb_text admin_label=&#8221;USED WITH&#8221; disabled_on=&#8221;off||&#8221; header_font=&#8221;Roboto||||&#8221; header_font_size=&#8221;1&#8243; text_font=&#8221;Roboto|on||on|&#8221; text_font_size=&#8221;25&#8243; text_text_color=&#8221;#ff6600&#8243; text_line_height=&#8221;3em&#8221; custom_margin=&#8221;0mm|0px|0mm|0px&#8221; custom_padding=&#8221;0mm|0mm|0mm|0mm&#8221; background_position=&#8221;top_left&#8221; background_repeat=&#8221;repeat&#8221; background_size=&#8221;initial&#8221;]<\/p>\n<p>A UTILISER AVEC<\/p>\n<p>[\/et_pb_text][et_pb_text admin_label=&#8221;End Adapter IS9019TR IS9020TMR_txt&#8221; disabled_on=&#8221;off||&#8221; header_font=&#8221;Roboto||||&#8221; header_font_size=&#8221;1&#8243; text_font=&#8221;Roboto|||on|&#8221; text_font_size=&#8221;20&#8243; text_text_color=&#8221;#424242&#8243; text_line_height=&#8221;1em&#8221; custom_margin=&#8221;0px|0px|0mm|0px&#8221; custom_padding=&#8221;0px|0mm|5px|0px&#8221; background_position=&#8221;top_left&#8221; background_repeat=&#8221;repeat&#8221; background_size=&#8221;initial&#8221;]<\/p>\n<p>L\u2019ADAPTATEUR POUR LE CONTROLE DE POROSITE SUR LES COUVERCLES IS9019TR, IS9020TMR<\/p>\n<p>[\/et_pb_text][et_pb_text admin_label=&#8221;End Adapter IS9019TR IS9020TMR_txt&#8221; text_orientation=&#8221;justified&#8221; header_font_size=&#8221;1px&#8221; text_font=&#8221;Open Sans||||&#8221; text_font_size=&#8221;13&#8243; text_text_color=&#8221;#424242&#8243; text_line_height=&#8221;1.7&#8243; custom_margin=&#8221;|||0mm&#8221; background_position=&#8221;top_left&#8221; background_repeat=&#8221;repeat&#8221; background_size=&#8221;initial&#8221;]<\/p>\n<p>Pour contr\u00f4ler la porosit\u00e9 du vernis sur une large gamme de couvercles, capsules et feuilles planes, de diff\u00e9rents types et tailles.<\/p>\n<p>[\/et_pb_text][et_pb_image admin_label=&#8221;IS9019TR_IS9020TMR image&#8221; src=&#8221;https:\/\/www.innosen.com\/wp-content\/uploads\/2017\/05\/IS9019TR_IS9020TMR.png&#8221; alt=&#8221;IS9019TR_IS9020TMR&#8221; title_text=&#8221;IS9019TR_IS9020TMR&#8221; custom_margin=&#8221;|80px|30px|80px&#8221; animation_style=&#8221;none&#8221; animation_duration=&#8221;1000ms&#8221; animation_intensity_slide=&#8221;50%&#8221; show_bottom_space=&#8221;on&#8221; \/][\/et_pb_column][\/et_pb_row][\/et_pb_section][et_pb_section bb_built=&#8221;1&#8243; parallax_1=&#8221;off&#8221; parallax_2=&#8221;off&#8221; parallax_3=&#8221;off&#8221; parallax_method_1=&#8221;off&#8221; parallax_method_2=&#8221;off&#8221; parallax_method_3=&#8221;off&#8221; disabled_on=&#8221;off|off|off&#8221; custom_padding_last_edited=&#8221;on|desktop&#8221; _builder_version=&#8221;3.0.106&#8243; custom_padding=&#8221;0px|||&#8221; custom_padding_tablet=&#8221;50px|0|50px|0&#8243; background_color=&#8221;#ff6600&#8243; prev_background_color=&#8221;#f4f4f4&#8243; global_module=&#8221;17409&#8243;][et_pb_row global_parent=&#8221;17409&#8243; _builder_version=&#8221;3.0.90&#8243; custom_margin=&#8221;||0mm|&#8221; custom_padding=&#8221;||0mm|&#8221; background_position=&#8221;top_left&#8221; background_repeat=&#8221;repeat&#8221; background_size=&#8221;initial&#8221;][et_pb_column type=&#8221;4_4&#8243;][et_pb_text admin_label=&#8221;Office&#8221; global_parent=&#8221;17409&#8243; _builder_version=&#8221;3.0.91&#8243; background_layout=&#8221;light&#8221; header_font=&#8221;Roboto|700|||||||&#8221; header_text_color=&#8221;#ffffff&#8221; header_font_size=&#8221;25px&#8221; custom_padding=&#8221;||0mm|&#8221; custom_margin=&#8221;5mm|||&#8221; background_position=&#8221;top_left&#8221; background_repeat=&#8221;repeat&#8221; background_size=&#8221;initial&#8221;]<\/p>\n<h1>NOS BUREAUX<\/h1>\n<p>[\/et_pb_text][\/et_pb_column][\/et_pb_row][et_pb_row global_parent=&#8221;17409&#8243; use_custom_gutter=&#8221;on&#8221; gutter_width=&#8221;1&#8243; custom_padding=&#8221;0px||0px|&#8221; column_padding_mobile=&#8221;on&#8221; parallax_method_1=&#8221;off&#8221; parallax_method_2=&#8221;off&#8221; parallax_method_3=&#8221;off&#8221; parallax_method_4=&#8221;off&#8221; _builder_version=&#8221;3.0.106&#8243; background_size=&#8221;initial&#8221; background_position=&#8221;top_left&#8221; background_repeat=&#8221;repeat&#8221; custom_margin=&#8221;0px||0px|&#8221;][et_pb_column type=&#8221;1_4&#8243;][et_pb_text admin_label=&#8221;Spain&#8221; global_parent=&#8221;17409&#8243; _builder_version=&#8221;3.0.106&#8243; text_font_size=&#8221;13&#8243; text_text_color=&#8221;#ffffff&#8221; background_size=&#8221;initial&#8221; background_position=&#8221;top_left&#8221; background_repeat=&#8221;repeat&#8221; custom_padding=&#8221;||10px|&#8221; use_border_color=&#8221;off&#8221; background_layout=&#8221;light&#8221; text_font=&#8221;Roboto|300|||||||&#8221;]<\/p>\n<p><strong>Espagne<\/strong><br \/>\nRom\u00e0 Piera i Arcal, 8<br \/>\n08330 Premi\u00e0 de Mar (Barcelone)<br \/>\nEspagne<br \/>\nT\u00e9l. Principal Multilangue:<br \/>\n+34 937 549 526<br \/>\nT\u00e9l. Direct Alternatif :<br \/>\nFran\u00e7ais: +33 1 76 64 12 87<br \/>\nEnglish: +44 1905 887845<br \/>\nFax: +34 937 549 687<\/p>\n<p>[\/et_pb_text][\/et_pb_column][et_pb_column type=&#8221;1_4&#8243;][et_pb_text admin_label=&#8221;Hongkong&#8221; global_parent=&#8221;17409&#8243; _builder_version=&#8221;3.0.106&#8243; text_font_size=&#8221;13&#8243; text_text_color=&#8221;#ffffff&#8221; background_size=&#8221;initial&#8221; background_position=&#8221;top_left&#8221; background_repeat=&#8221;repeat&#8221; custom_padding=&#8221;||10px|&#8221; use_border_color=&#8221;off&#8221; background_layout=&#8221;light&#8221; text_font=&#8221;Roboto|300|||||||&#8221;]<\/p>\n<p><strong>Hong Kong<\/strong><br \/>\n11th Floor Dah Sing Life Building<br \/>\n99 Des Voeux Road Central<br \/>\nHong Kong<br \/>\nTel: +852 2127 0699<\/p>\n<p>[\/et_pb_text][\/et_pb_column][et_pb_column type=&#8221;1_4&#8243;][et_pb_text admin_label=&#8221;Philippines&#8221; global_parent=&#8221;17409&#8243; _builder_version=&#8221;3.0.106&#8243; text_font_size=&#8221;13&#8243; text_text_color=&#8221;#ffffff&#8221; background_size=&#8221;initial&#8221; background_position=&#8221;top_left&#8221; background_repeat=&#8221;repeat&#8221; custom_padding=&#8221;||10px|&#8221; use_border_color=&#8221;off&#8221; background_layout=&#8221;light&#8221; text_font=&#8221;Roboto|300|||||||&#8221;]<\/p>\n<p><strong>Philippines<\/strong><br \/>\n808 Citystate Centre Building<br \/>\n709 Shaw Boulevard<br \/>\n1600 Pasig City<br \/>\nPhilippines<br \/>\nTel: +63 2 696 6965<br \/>\nFax: +63 2 696 6159<\/p>\n<p>[\/et_pb_text][\/et_pb_column][et_pb_column type=&#8221;1_4&#8243;][et_pb_text admin_label=&#8221;USA&#8221; global_parent=&#8221;17409&#8243; _builder_version=&#8221;3.0.106&#8243; text_font_size=&#8221;13&#8243; text_text_color=&#8221;#ffffff&#8221; background_size=&#8221;initial&#8221; background_position=&#8221;top_left&#8221; background_repeat=&#8221;repeat&#8221; custom_padding=&#8221;||10px|&#8221; use_border_color=&#8221;off&#8221; background_layout=&#8221;light&#8221; text_font=&#8221;Roboto|300|||||||&#8221;]<\/p>\n<p><strong>les \u00c9tats-Unis d&#8217;Am\u00e9rique<\/strong><br \/>\n769 N.Overland Trail<br \/>\nFort Collins, Colorado<br \/>\nUSA<br \/>\nTel: +1 970 237 5046<\/p>\n<p>[\/et_pb_text][\/et_pb_column][\/et_pb_row][et_pb_row global_parent=&#8221;17409&#8243; _builder_version=&#8221;3.0.106&#8243; custom_margin=&#8221;0mm|||&#8221;][et_pb_column type=&#8221;1_2&#8243;][et_pb_text global_parent=&#8221;17409&#8243; _builder_version=&#8221;3.0.106&#8243; background_layout=&#8221;light&#8221; text_font_size=&#8221;13px&#8221;]<\/p>\n<div class=\"footerMenu\"><a href=\"https:\/\/www.innosen.com\/fr\/\">Accueil&nbsp; |&nbsp; <\/a><a href=\"https:\/\/www.innosen.com\/fr\/contact\/\">Contact&nbsp; &nbsp;|&nbsp;&nbsp;<\/a><a href=\"https:\/\/www.innosen.com\/fr\/privacy\/\">Protections des donn\u00e9s<\/a><a href=\"https:\/\/www.innosen.com\/fr\/contact\/\">&nbsp; |&nbsp;&nbsp;<\/a><a href=\"https:\/\/www.innosen.com\/fr\/sitemap\/\">Plan du site<\/a><a href=\"https:\/\/www.innosen.com\/fr\/contact\/\">&nbsp; |&nbsp;&nbsp;<\/a><a class=\"print-link\"><a class=\"print-link\" href=\"javascript:window.print()\">Imprimez cette page<\/a><\/a><\/div>\n<p>[\/et_pb_text][\/et_pb_column][et_pb_column type=&#8221;1_4&#8243;][et_pb_social_media_follow global_parent=&#8221;17409&#8243; background_layout=&#8221;dark&#8221; url_new_window=&#8221;off&#8221; follow_button=&#8221;on&#8221; _builder_version=&#8221;3.0.106&#8243; text_orientation=&#8221;left&#8221;][et_pb_social_media_follow_network social_network=&#8221;linkedin&#8221; url=&#8221;https:\/\/www.linkedin.com\/company\/innosen\/&#8221; _builder_version=&#8221;3.0.106&#8243; background_color=&#8221;#007bb6&#8243; link_shape=&#8221;rounded_rectangle&#8221; follow_button=&#8221;on&#8221; url_new_window=&#8221;off&#8221; skype_action=&#8221;call&#8221; use_background_color_gradient=&#8221;off&#8221; background_color_gradient_start=&#8221;#2b87da&#8221; background_color_gradient_end=&#8221;#29c4a9&#8243; background_color_gradient_type=&#8221;linear&#8221; background_color_gradient_direction=&#8221;180deg&#8221; background_color_gradient_direction_radial=&#8221;center&#8221; background_color_gradient_start_position=&#8221;0%&#8221; background_color_gradient_end_position=&#8221;100%&#8221; background_color_gradient_overlays_image=&#8221;off&#8221; parallax=&#8221;off&#8221; parallax_method=&#8221;on&#8221; background_size=&#8221;cover&#8221; background_position=&#8221;center&#8221; background_repeat=&#8221;no-repeat&#8221; background_blend=&#8221;normal&#8221; allow_player_pause=&#8221;off&#8221; background_video_pause_outside_viewport=&#8221;on&#8221; box_shadow_style=&#8221;none&#8221;]<\/p>\n<p>LinkedIn<\/p>\n<p>[\/et_pb_social_media_follow_network][\/et_pb_social_media_follow][\/et_pb_column][et_pb_column type=&#8221;1_4&#8243;][et_pb_text admin_label=&#8221;All rights Reserved&#8221; global_parent=&#8221;17409&#8243; _builder_version=&#8221;3.0.106&#8243; text_font_size=&#8221;13&#8243; text_text_color=&#8221;#ffffff&#8221; background_size=&#8221;initial&#8221; background_position=&#8221;top_left&#8221; background_repeat=&#8221;repeat&#8221; custom_padding=&#8221;||10px|&#8221; use_border_color=&#8221;off&#8221; background_layout=&#8221;light&#8221; text_font=&#8221;Roboto|300|||||||&#8221;]<\/p>\n<p>\u00a9 2018 Innosen. All Rights Reserved.<\/p>\n<p>[\/et_pb_text][\/et_pb_column][\/et_pb_row][\/et_pb_section]<\/p>\n<script>function getWR360PopupSkin(){return 'light_rounded';}<\/script>","protected":false},"excerpt":{"rendered":"<p>Casier de Rangement pour les Plateaux IS9031 Pour ranger et organiser facilement vos differents plateaux Pour ranger et organiser facilement vos differents plateaux . Egouttage des plateaux et \u00e9vacuation de l\u2019\u00e9lectrolyte en exc\u00e8s. AVANTAGES &#x2705; Rangement facile de vos plateaux (5 maximum) &#x2705; Egouttage des plateaux et \u00e9vacuation de l\u2019\u00e9lectrolyte en exc\u00e8s &#x2705; Etiquetage facile [&hellip;]<\/p>\n","protected":false},"author":1,"featured_media":0,"parent":1774,"menu_order":0,"comment_status":"closed","ping_status":"closed","template":"","meta":{"_et_pb_use_builder":"on","_et_pb_old_content":"","_et_gb_content_width":"","_monsterinsights_skip_tracking":false,"_monsterinsights_sitenote_active":false,"_monsterinsights_sitenote_note":"","_monsterinsights_sitenote_category":0,"footnotes":""},"class_list":["post-9932","page","type-page","status-publish","hentry"],"yoast_head":"<!-- This site is optimized with the Yoast SEO Premium plugin v20.1 (Yoast SEO v24.9) - https:\/\/yoast.com\/wordpress\/plugins\/seo\/ -->\n<title>Casier de Rangement pour les Plateaux - Innosen<\/title>\n<meta name=\"description\" content=\"Casier de rangement pour les plateaux. Pour ranger et organiser facilement vos differents plateaux . Egouttage des plateaux et \u00e9vacuation de l\u2019\u00e9lectrolyte en exc\u00e8s.\" \/>\n<meta name=\"robots\" content=\"index, follow, max-snippet:-1, max-image-preview:large, max-video-preview:-1\" \/>\n<link rel=\"canonical\" href=\"https:\/\/www.innosen.com\/fr\/qa_systems\/casier-de-rangement-plateaux\/\" \/>\n<script type=\"application\/ld+json\" class=\"yoast-schema-graph\">{\"@context\":\"https:\/\/schema.org\",\"@graph\":[{\"@type\":\"WebPage\",\"@id\":\"\/fr\/qa_systems\/casier-de-rangement-plateaux\/\",\"url\":\"https:\/\/www.innosen.com\/fr\/qa_systems\/casier-de-rangement-plateaux\/\",\"name\":\"Casier de Rangement pour les Plateaux - Innosen\",\"isPartOf\":{\"@id\":\"https:\/\/www.innosen.com\/#website\"},\"datePublished\":\"2017-07-17T02:16:04+00:00\",\"dateModified\":\"2018-04-13T03:23:48+00:00\",\"description\":\"Casier de rangement pour les plateaux. Pour ranger et organiser facilement vos differents plateaux . Egouttage des plateaux et \u00e9vacuation de l\u2019\u00e9lectrolyte en exc\u00e8s.\",\"breadcrumb\":{\"@id\":\"https:\/\/www.innosen.com\/fr\/qa_systems\/casier-de-rangement-plateaux\/#breadcrumb\"},\"inLanguage\":\"fr-FR\",\"potentialAction\":[{\"@type\":\"ReadAction\",\"target\":[\"https:\/\/www.innosen.com\/fr\/qa_systems\/casier-de-rangement-plateaux\/\"]}]},{\"@type\":\"BreadcrumbList\",\"@id\":\"https:\/\/www.innosen.com\/fr\/qa_systems\/casier-de-rangement-plateaux\/#breadcrumb\",\"itemListElement\":[{\"@type\":\"ListItem\",\"position\":1,\"name\":\"Home\",\"item\":\"https:\/\/www.innosen.com\/fr\/\"},{\"@type\":\"ListItem\",\"position\":2,\"name\":\"Produits d\u2019Assurance Qualit\u00e9\",\"item\":\"\/fr\/qa_systems\/\"},{\"@type\":\"ListItem\",\"position\":3,\"name\":\"Casier de Rangement pour les Plateaux\"}]},{\"@type\":\"WebSite\",\"@id\":\"https:\/\/www.innosen.com\/#website\",\"url\":\"https:\/\/www.innosen.com\/\",\"name\":\"Innosen\",\"description\":\"Innovative Sensors for Canmaking\",\"publisher\":{\"@id\":\"https:\/\/www.innosen.com\/#organization\"},\"potentialAction\":[{\"@type\":\"SearchAction\",\"target\":{\"@type\":\"EntryPoint\",\"urlTemplate\":\"https:\/\/www.innosen.com\/?s={search_term_string}\"},\"query-input\":{\"@type\":\"PropertyValueSpecification\",\"valueRequired\":true,\"valueName\":\"search_term_string\"}}],\"inLanguage\":\"fr-FR\"},{\"@type\":\"Organization\",\"@id\":\"https:\/\/www.innosen.com\/#organization\",\"name\":\"Innosen\",\"url\":\"https:\/\/www.innosen.com\/\",\"logo\":{\"@type\":\"ImageObject\",\"inLanguage\":\"fr-FR\",\"@id\":\"https:\/\/www.innosen.com\/#\/schema\/logo\/image\/\",\"url\":\"\",\"contentUrl\":\"\",\"caption\":\"Innosen\"},\"image\":{\"@id\":\"https:\/\/www.innosen.com\/#\/schema\/logo\/image\/\"},\"sameAs\":[\"https:\/\/www.linkedin.com\/company\/innosen\/\",\"https:\/\/www.youtube.com\/channel\/UClrXAfXhkiKqnqqtU4Sn2Lg?view_as=subscriber\"]}]}<\/script>\n<!-- \/ Yoast SEO Premium plugin. -->","yoast_head_json":{"title":"Casier de Rangement pour les Plateaux - Innosen","description":"Casier de rangement pour les plateaux. Pour ranger et organiser facilement vos differents plateaux . Egouttage des plateaux et \u00e9vacuation de l\u2019\u00e9lectrolyte en exc\u00e8s.","robots":{"index":"index","follow":"follow","max-snippet":"max-snippet:-1","max-image-preview":"max-image-preview:large","max-video-preview":"max-video-preview:-1"},"canonical":"https:\/\/www.innosen.com\/fr\/qa_systems\/casier-de-rangement-plateaux\/","schema":{"@context":"https:\/\/schema.org","@graph":[{"@type":"WebPage","@id":"\/fr\/qa_systems\/casier-de-rangement-plateaux\/","url":"https:\/\/www.innosen.com\/fr\/qa_systems\/casier-de-rangement-plateaux\/","name":"Casier de Rangement pour les Plateaux - Innosen","isPartOf":{"@id":"https:\/\/www.innosen.com\/#website"},"datePublished":"2017-07-17T02:16:04+00:00","dateModified":"2018-04-13T03:23:48+00:00","description":"Casier de rangement pour les plateaux. Pour ranger et organiser facilement vos differents plateaux . Egouttage des plateaux et \u00e9vacuation de l\u2019\u00e9lectrolyte en exc\u00e8s.","breadcrumb":{"@id":"https:\/\/www.innosen.com\/fr\/qa_systems\/casier-de-rangement-plateaux\/#breadcrumb"},"inLanguage":"fr-FR","potentialAction":[{"@type":"ReadAction","target":["https:\/\/www.innosen.com\/fr\/qa_systems\/casier-de-rangement-plateaux\/"]}]},{"@type":"BreadcrumbList","@id":"https:\/\/www.innosen.com\/fr\/qa_systems\/casier-de-rangement-plateaux\/#breadcrumb","itemListElement":[{"@type":"ListItem","position":1,"name":"Home","item":"https:\/\/www.innosen.com\/fr\/"},{"@type":"ListItem","position":2,"name":"Produits d\u2019Assurance Qualit\u00e9","item":"\/fr\/qa_systems\/"},{"@type":"ListItem","position":3,"name":"Casier de Rangement pour les Plateaux"}]},{"@type":"WebSite","@id":"https:\/\/www.innosen.com\/#website","url":"https:\/\/www.innosen.com\/","name":"Innosen","description":"Innovative Sensors for Canmaking","publisher":{"@id":"https:\/\/www.innosen.com\/#organization"},"potentialAction":[{"@type":"SearchAction","target":{"@type":"EntryPoint","urlTemplate":"https:\/\/www.innosen.com\/?s={search_term_string}"},"query-input":{"@type":"PropertyValueSpecification","valueRequired":true,"valueName":"search_term_string"}}],"inLanguage":"fr-FR"},{"@type":"Organization","@id":"https:\/\/www.innosen.com\/#organization","name":"Innosen","url":"https:\/\/www.innosen.com\/","logo":{"@type":"ImageObject","inLanguage":"fr-FR","@id":"https:\/\/www.innosen.com\/#\/schema\/logo\/image\/","url":"","contentUrl":"","caption":"Innosen"},"image":{"@id":"https:\/\/www.innosen.com\/#\/schema\/logo\/image\/"},"sameAs":["https:\/\/www.linkedin.com\/company\/innosen\/","https:\/\/www.youtube.com\/channel\/UClrXAfXhkiKqnqqtU4Sn2Lg?view_as=subscriber"]}]}},"_links":{"self":[{"href":"https:\/\/www.innosen.com\/fr\/wp-json\/wp\/v2\/pages\/9932","targetHints":{"allow":["GET"]}}],"collection":[{"href":"https:\/\/www.innosen.com\/fr\/wp-json\/wp\/v2\/pages"}],"about":[{"href":"https:\/\/www.innosen.com\/fr\/wp-json\/wp\/v2\/types\/page"}],"author":[{"embeddable":true,"href":"https:\/\/www.innosen.com\/fr\/wp-json\/wp\/v2\/users\/1"}],"replies":[{"embeddable":true,"href":"https:\/\/www.innosen.com\/fr\/wp-json\/wp\/v2\/comments?post=9932"}],"version-history":[{"count":0,"href":"https:\/\/www.innosen.com\/fr\/wp-json\/wp\/v2\/pages\/9932\/revisions"}],"up":[{"embeddable":true,"href":"https:\/\/www.innosen.com\/fr\/wp-json\/wp\/v2\/pages\/1774"}],"wp:attachment":[{"href":"https:\/\/www.innosen.com\/fr\/wp-json\/wp\/v2\/media?parent=9932"}],"curies":[{"name":"wp","href":"https:\/\/api.w.org\/{rel}","templated":true}]}}