{"id":1727,"date":"2016-03-04T08:47:40","date_gmt":"2016-03-04T00:47:40","guid":{"rendered":"\/fr\/crown_corks"},"modified":"2018-04-16T14:55:30","modified_gmt":"2018-04-16T06:55:30","slug":"crown_corks","status":"publish","type":"page","link":"https:\/\/www.innosen.com\/fr\/crown_corks\/","title":{"rendered":"Produits pour Bouchons Couronnes"},"content":{"rendered":"<p>[et_pb_section bb_built=&#8221;1&#8243; fullwidth=&#8221;off&#8221; specialty=&#8221;off&#8221; transparent_background=&#8221;off&#8221; allow_player_pause=&#8221;off&#8221; inner_shadow=&#8221;off&#8221; parallax=&#8221;off&#8221; parallax_method=&#8221;off&#8221; padding_mobile=&#8221;off&#8221; make_fullwidth=&#8221;off&#8221; use_custom_width=&#8221;off&#8221; width_unit=&#8221;on&#8221; make_equal=&#8221;off&#8221; use_custom_gutter=&#8221;off&#8221; custom_padding_tablet=&#8221;50px|0|50px|0&#8243; custom_padding_last_edited=&#8221;on|desktop&#8221; prev_background_color=&#8221;#000000&#8243; next_background_color=&#8221;#ff6600&#8243;][et_pb_row background_position=&#8221;top_left&#8221; background_repeat=&#8221;repeat&#8221; background_size=&#8221;initial&#8221;][et_pb_column type=&#8221;4_4&#8243;][et_pb_post_title title=&#8221;on&#8221; meta=&#8221;off&#8221; author=&#8221;on&#8221; date=&#8221;on&#8221; categories=&#8221;on&#8221; comments=&#8221;on&#8221; featured_image=&#8221;off&#8221; featured_placement=&#8221;below&#8221; parallax_effect=&#8221;on&#8221; parallax_method=&#8221;off&#8221; text_orientation=&#8221;left&#8221; text_color=&#8221;dark&#8221; text_background=&#8221;off&#8221; text_bg_color=&#8221;rgba(255,255,255,0.9)&#8221; module_bg_color=&#8221;rgba(255,255,255,0)&#8221; title_all_caps=&#8221;off&#8221; use_border_color=&#8221;off&#8221; border_color=&#8221;#ffffff&#8221; border_style=&#8221;solid&#8221; parallax=&#8221;on&#8221; background_color=&#8221;rgba(255,255,255,0)&#8221; \/][\/et_pb_column][\/et_pb_row][et_pb_row admin_label=&#8221;Row&#8221; background_position=&#8221;top_left&#8221; background_repeat=&#8221;repeat&#8221; background_size=&#8221;initial&#8221;][et_pb_column type=&#8221;1_4&#8243;][et_pb_blurb admin_label=&#8221;Double Sheet Detector&#8221; global_module=&#8221;3953&#8243; title=&#8221;D\u00e9tecteur de double feuille&#8221; url_new_window=&#8221;off&#8221; use_icon=&#8221;off&#8221; icon_color=&#8221;#ff6600&#8243; use_circle=&#8221;off&#8221; circle_color=&#8221;#ff6600&#8243; use_circle_border=&#8221;off&#8221; circle_border_color=&#8221;#ff6600&#8243; image=&#8221;\/wp-content\/uploads\/2016\/02\/images_new-site_0017_IS231_Double_Sheet_Detector.jpg&#8221; alt=&#8221;D\u00e9tecteur de double feuille&#8221; icon_placement=&#8221;top&#8221; animation=&#8221;off&#8221; background_layout=&#8221;light&#8221; text_orientation=&#8221;left&#8221; use_icon_font_size=&#8221;off&#8221; use_border_color=&#8221;off&#8221; border_color=&#8221;#ffffff&#8221; border_style=&#8221;solid&#8221; url=&#8221;\/fr\/3pc\/double_sheet_detector\/&#8221; saved_tabs=&#8221;all&#8221; background_position=&#8221;top_left&#8221; background_repeat=&#8221;repeat&#8221; background_size=&#8221;initial&#8221;]<\/p>\n<p>protection \u00e0 100 % contre les d\u00e9g\u00e2ts caus\u00e9s par doubles feuilles \u00e0 l&#8217;empileur, dans la cisaille et dans la presse d&#8217;alimenteur en feuille \u2026 <a href=\"\/fr\/3pc\/double_sheet_detector\/\">PLUS<\/a><\/p>\n<p>[\/et_pb_blurb][\/et_pb_column][et_pb_column type=&#8221;1_4&#8243;][et_pb_blurb admin_label=&#8221;Missing Lacquer Detector&#8221; global_module=&#8221;3963&#8243; title=&#8221;Detecteur d&#8217;absence de vernis&#8221; url_new_window=&#8221;off&#8221; use_icon=&#8221;off&#8221; icon_color=&#8221;#ff6600&#8243; use_circle=&#8221;off&#8221; circle_color=&#8221;#ff6600&#8243; use_circle_border=&#8221;off&#8221; circle_border_color=&#8221;#ff6600&#8243; image=&#8221;\/wp-content\/uploads\/2016\/02\/Innosen-IS641-IS651-Missing-Lacquer-Detector.jpg&#8221; alt=&#8221;Detecteur d&#8217;absence de vernis&#8221; icon_placement=&#8221;top&#8221; animation=&#8221;off&#8221; background_layout=&#8221;light&#8221; text_orientation=&#8221;left&#8221; use_icon_font_size=&#8221;off&#8221; use_border_color=&#8221;off&#8221; border_color=&#8221;#ffffff&#8221; border_style=&#8221;solid&#8221; url=&#8221;\/fr\/3pc\/missing_lacquer_detector\/&#8221; saved_tabs=&#8221;all&#8221; background_position=&#8221;top_left&#8221; background_repeat=&#8221;repeat&#8221; background_size=&#8221;initial&#8221;]<\/p>\n<p>Il d\u00e9tecte les feuilles ou les bo\u00eetes non vernies \u00e0 la vitesse de la ligne \u2026 <a href=\"\/fr\/3pc\/missing_lacquer_detector\/\">PLUS<\/a><\/p>\n<p>[\/et_pb_blurb][\/et_pb_column][et_pb_column type=&#8221;1_4&#8243;][et_pb_blurb admin_label=&#8221;Semi-Automatic Enamel Rater&#8221; global_module=&#8221;3971&#8243; title=&#8221;Porosim\u00e8tre semi-automatique&#8221; url_new_window=&#8221;off&#8221; use_icon=&#8221;off&#8221; icon_color=&#8221;#ff6600&#8243; use_circle=&#8221;off&#8221; circle_color=&#8221;#ff6600&#8243; use_circle_border=&#8221;off&#8221; circle_border_color=&#8221;#ff6600&#8243; image=&#8221;\/wp-content\/uploads\/2016\/02\/Innosen-SI9100-Enamel-Rater.jpg&#8221; alt=&#8221;Porosim\u00e8tre semi-automatique&#8221; icon_placement=&#8221;top&#8221; animation=&#8221;off&#8221; background_layout=&#8221;light&#8221; text_orientation=&#8221;left&#8221; use_icon_font_size=&#8221;off&#8221; use_border_color=&#8221;off&#8221; border_color=&#8221;#ffffff&#8221; border_style=&#8221;solid&#8221; url=&#8221;\/fr\/qa_systems\/semi_automatic_enamel_rater\/&#8221; saved_tabs=&#8221;all&#8221; background_position=&#8221;top_left&#8221; background_repeat=&#8221;repeat&#8221; background_size=&#8221;initial&#8221;]<\/p>\n<p>r\u00e9duisez des erreurs de mesure en v\u00e9rifiant la porosit\u00e9 du vernis sur des bo\u00eetes de boisson et des couvercles\u2026 <a href=\"\/fr\/qa_systems\/semi_automatic_enamel_rater\/\">PLUS<\/a><\/p>\n<p>[\/et_pb_blurb][\/et_pb_column][et_pb_column type=&#8221;1_4&#8243;][et_pb_blurb admin_label=&#8221;Can Stand&#8221; global_module=&#8221;3978&#8243; title=&#8221;Super support avec adaptateur pour chapeaux de couronne&#8221; url_new_window=&#8221;off&#8221; use_icon=&#8221;off&#8221; icon_color=&#8221;#ff6600&#8243; use_circle=&#8221;off&#8221; circle_color=&#8221;#ff6600&#8243; use_circle_border=&#8221;off&#8221; circle_border_color=&#8221;#ff6600&#8243; image=&#8221;\/wp-content\/uploads\/2016\/02\/Innosen-IS9015-Can-Stand.jpg&#8221; alt=&#8221;Super support avec adaptateur pour chapeaux de couronne&#8221; icon_placement=&#8221;top&#8221; animation=&#8221;off&#8221; background_layout=&#8221;light&#8221; text_orientation=&#8221;left&#8221; use_icon_font_size=&#8221;off&#8221; use_border_color=&#8221;off&#8221; border_color=&#8221;#ffffff&#8221; border_style=&#8221;solid&#8221; url=&#8221;\/fr\/qa_systems\/can_stand_for_enamel_rater\/&#8221; saved_tabs=&#8221;all&#8221; background_position=&#8221;top_left&#8221; background_repeat=&#8221;repeat&#8221; background_size=&#8221;initial&#8221;]<\/p>\n<p>pour produits d&#8217;emballage m\u00e9talliques avec col \u00e9troit, grand diam\u00e8tre de base ou bo\u00eetes de profil bas \u2026 <a href=\"\/fr\/qa_systems\/can_stand_for_enamel_rater\/\">PLUS<\/a><\/p>\n<p>[\/et_pb_blurb][\/et_pb_column][\/et_pb_row][et_pb_row admin_label=&#8221;Row&#8221; make_fullwidth=&#8221;off&#8221; use_custom_width=&#8221;off&#8221; width_unit=&#8221;on&#8221; use_custom_gutter=&#8221;off&#8221; custom_padding=&#8221;100px|||&#8221; padding_mobile=&#8221;off&#8221; allow_player_pause=&#8221;off&#8221; parallax=&#8221;off&#8221; parallax_method=&#8221;off&#8221; make_equal=&#8221;off&#8221; parallax_1=&#8221;off&#8221; parallax_method_1=&#8221;off&#8221; parallax_2=&#8221;off&#8221; parallax_method_2=&#8221;off&#8221; parallax_3=&#8221;off&#8221; parallax_method_3=&#8221;off&#8221; parallax_4=&#8221;off&#8221; parallax_method_4=&#8221;off&#8221; column_padding_mobile=&#8221;on&#8221; background_position=&#8221;top_left&#8221; background_repeat=&#8221;repeat&#8221; background_size=&#8221;initial&#8221;][et_pb_column type=&#8221;1_4&#8243;][\/et_pb_column][et_pb_column type=&#8221;1_4&#8243;][\/et_pb_column][et_pb_column type=&#8221;1_4&#8243;][\/et_pb_column][et_pb_column type=&#8221;1_4&#8243;][\/et_pb_column][\/et_pb_row][et_pb_row admin_label=&#8221;Row&#8221; make_fullwidth=&#8221;off&#8221; use_custom_width=&#8221;off&#8221; width_unit=&#8221;on&#8221; use_custom_gutter=&#8221;off&#8221; padding_mobile=&#8221;off&#8221; allow_player_pause=&#8221;off&#8221; parallax=&#8221;off&#8221; parallax_method=&#8221;off&#8221; make_equal=&#8221;off&#8221; parallax_1=&#8221;off&#8221; parallax_method_1=&#8221;off&#8221; parallax_2=&#8221;off&#8221; parallax_method_2=&#8221;off&#8221; parallax_3=&#8221;off&#8221; parallax_method_3=&#8221;off&#8221; parallax_4=&#8221;off&#8221; parallax_method_4=&#8221;off&#8221; column_padding_mobile=&#8221;on&#8221; background_position=&#8221;top_left&#8221; background_repeat=&#8221;repeat&#8221; background_size=&#8221;initial&#8221;][et_pb_column type=&#8221;1_4&#8243;][\/et_pb_column][et_pb_column type=&#8221;1_4&#8243;][\/et_pb_column][et_pb_column type=&#8221;1_4&#8243;][\/et_pb_column][et_pb_column type=&#8221;1_4&#8243;][\/et_pb_column][\/et_pb_row][et_pb_row admin_label=&#8221;Row&#8221; make_fullwidth=&#8221;off&#8221; use_custom_width=&#8221;off&#8221; width_unit=&#8221;on&#8221; use_custom_gutter=&#8221;off&#8221; custom_padding=&#8221;100px|||&#8221; padding_mobile=&#8221;off&#8221; allow_player_pause=&#8221;off&#8221; parallax=&#8221;off&#8221; parallax_method=&#8221;off&#8221; make_equal=&#8221;off&#8221; parallax_1=&#8221;off&#8221; parallax_method_1=&#8221;off&#8221; parallax_2=&#8221;off&#8221; parallax_method_2=&#8221;off&#8221; parallax_3=&#8221;off&#8221; parallax_method_3=&#8221;off&#8221; parallax_4=&#8221;off&#8221; parallax_method_4=&#8221;off&#8221; column_padding_mobile=&#8221;on&#8221; background_position=&#8221;top_left&#8221; background_repeat=&#8221;repeat&#8221; background_size=&#8221;initial&#8221;][et_pb_column type=&#8221;1_4&#8243;][\/et_pb_column][et_pb_column type=&#8221;1_4&#8243;][\/et_pb_column][et_pb_column type=&#8221;1_4&#8243;][\/et_pb_column][et_pb_column type=&#8221;1_4&#8243;][\/et_pb_column][\/et_pb_row][\/et_pb_section][et_pb_section bb_built=&#8221;1&#8243; parallax_1=&#8221;off&#8221; parallax_2=&#8221;off&#8221; parallax_3=&#8221;off&#8221; parallax_method_1=&#8221;off&#8221; parallax_method_2=&#8221;off&#8221; parallax_method_3=&#8221;off&#8221; disabled_on=&#8221;off|off|off&#8221; custom_padding_last_edited=&#8221;on|desktop&#8221; _builder_version=&#8221;3.0.106&#8243; custom_padding=&#8221;0px|||&#8221; custom_padding_tablet=&#8221;50px|0|50px|0&#8243; background_color=&#8221;#ff6600&#8243; prev_background_color=&#8221;#FFFFFF&#8221; global_module=&#8221;17409&#8243;][et_pb_row global_parent=&#8221;17409&#8243; _builder_version=&#8221;3.0.90&#8243; custom_margin=&#8221;||0mm|&#8221; custom_padding=&#8221;||0mm|&#8221; background_position=&#8221;top_left&#8221; background_repeat=&#8221;repeat&#8221; background_size=&#8221;initial&#8221;][et_pb_column type=&#8221;4_4&#8243;][et_pb_text admin_label=&#8221;Office&#8221; global_parent=&#8221;17409&#8243; _builder_version=&#8221;3.0.91&#8243; background_layout=&#8221;light&#8221; header_font=&#8221;Roboto|700|||||||&#8221; header_text_color=&#8221;#ffffff&#8221; header_font_size=&#8221;25px&#8221; custom_padding=&#8221;||0mm|&#8221; custom_margin=&#8221;5mm|||&#8221; background_position=&#8221;top_left&#8221; background_repeat=&#8221;repeat&#8221; background_size=&#8221;initial&#8221;]<\/p>\n<h1>NOS BUREAUX<\/h1>\n<p>[\/et_pb_text][\/et_pb_column][\/et_pb_row][et_pb_row global_parent=&#8221;17409&#8243; use_custom_gutter=&#8221;on&#8221; gutter_width=&#8221;1&#8243; custom_padding=&#8221;0px||0px|&#8221; column_padding_mobile=&#8221;on&#8221; parallax_method_1=&#8221;off&#8221; parallax_method_2=&#8221;off&#8221; parallax_method_3=&#8221;off&#8221; parallax_method_4=&#8221;off&#8221; _builder_version=&#8221;3.0.106&#8243; background_size=&#8221;initial&#8221; background_position=&#8221;top_left&#8221; background_repeat=&#8221;repeat&#8221; custom_margin=&#8221;0px||0px|&#8221;][et_pb_column type=&#8221;1_4&#8243;][et_pb_text admin_label=&#8221;Spain&#8221; global_parent=&#8221;17409&#8243; _builder_version=&#8221;3.0.106&#8243; text_font_size=&#8221;13&#8243; text_text_color=&#8221;#ffffff&#8221; background_size=&#8221;initial&#8221; background_position=&#8221;top_left&#8221; background_repeat=&#8221;repeat&#8221; custom_padding=&#8221;||10px|&#8221; use_border_color=&#8221;off&#8221; background_layout=&#8221;light&#8221; text_font=&#8221;Roboto|300|||||||&#8221;]<\/p>\n<p><strong>Espagne<\/strong><br \/>\nRom\u00e0 Piera i Arcal, 8<br \/>\n08330 Premi\u00e0 de Mar (Barcelone)<br \/>\nEspagne<br \/>\nT\u00e9l. Principal Multilangue:<br \/>\n+34 937 549 526<br \/>\nT\u00e9l. Direct Alternatif :<br \/>\nFran\u00e7ais: +33 1 76 64 12 87<br \/>\nEnglish: +44 1905 887845<br \/>\nFax: +34 937 549 687<\/p>\n<p>[\/et_pb_text][\/et_pb_column][et_pb_column type=&#8221;1_4&#8243;][et_pb_text admin_label=&#8221;Hongkong&#8221; global_parent=&#8221;17409&#8243; _builder_version=&#8221;3.0.106&#8243; text_font_size=&#8221;13&#8243; text_text_color=&#8221;#ffffff&#8221; background_size=&#8221;initial&#8221; background_position=&#8221;top_left&#8221; background_repeat=&#8221;repeat&#8221; custom_padding=&#8221;||10px|&#8221; use_border_color=&#8221;off&#8221; background_layout=&#8221;light&#8221; text_font=&#8221;Roboto|300|||||||&#8221;]<\/p>\n<p><strong>Hong Kong<\/strong><br \/>\n11th Floor Dah Sing Life Building<br \/>\n99 Des Voeux Road Central<br \/>\nHong Kong<br \/>\nTel: +852 2127 0699<\/p>\n<p>[\/et_pb_text][\/et_pb_column][et_pb_column type=&#8221;1_4&#8243;][et_pb_text admin_label=&#8221;Philippines&#8221; global_parent=&#8221;17409&#8243; _builder_version=&#8221;3.0.106&#8243; text_font_size=&#8221;13&#8243; text_text_color=&#8221;#ffffff&#8221; background_size=&#8221;initial&#8221; background_position=&#8221;top_left&#8221; background_repeat=&#8221;repeat&#8221; custom_padding=&#8221;||10px|&#8221; use_border_color=&#8221;off&#8221; background_layout=&#8221;light&#8221; text_font=&#8221;Roboto|300|||||||&#8221;]<\/p>\n<p><strong>Philippines<\/strong><br \/>\n808 Citystate Centre Building<br \/>\n709 Shaw Boulevard<br \/>\n1600 Pasig City<br \/>\nPhilippines<br \/>\nTel: +63 2 696 6965<br \/>\nFax: +63 2 696 6159<\/p>\n<p>[\/et_pb_text][\/et_pb_column][et_pb_column type=&#8221;1_4&#8243;][et_pb_text admin_label=&#8221;USA&#8221; global_parent=&#8221;17409&#8243; _builder_version=&#8221;3.0.106&#8243; text_font_size=&#8221;13&#8243; text_text_color=&#8221;#ffffff&#8221; background_size=&#8221;initial&#8221; background_position=&#8221;top_left&#8221; background_repeat=&#8221;repeat&#8221; custom_padding=&#8221;||10px|&#8221; use_border_color=&#8221;off&#8221; background_layout=&#8221;light&#8221; text_font=&#8221;Roboto|300|||||||&#8221;]<\/p>\n<p><strong>les \u00c9tats-Unis d&#8217;Am\u00e9rique<\/strong><br \/>\n769 N.Overland Trail<br \/>\nFort Collins, Colorado<br \/>\nUSA<br \/>\nTel: +1 970 237 5046<\/p>\n<p>[\/et_pb_text][\/et_pb_column][\/et_pb_row][et_pb_row global_parent=&#8221;17409&#8243; _builder_version=&#8221;3.0.106&#8243; custom_margin=&#8221;0mm|||&#8221;][et_pb_column type=&#8221;1_2&#8243;][et_pb_text global_parent=&#8221;17409&#8243; _builder_version=&#8221;3.0.106&#8243; background_layout=&#8221;light&#8221; text_font_size=&#8221;13px&#8221;]<\/p>\n<div class=\"footerMenu\"><a href=\"https:\/\/www.innosen.com\/fr\/\">Accueil&nbsp; |&nbsp; <\/a><a href=\"https:\/\/www.innosen.com\/fr\/contact\/\">Contact&nbsp; &nbsp;|&nbsp;&nbsp;<\/a><a href=\"https:\/\/www.innosen.com\/fr\/privacy\/\">Protections des donn\u00e9s<\/a><a href=\"https:\/\/www.innosen.com\/fr\/contact\/\">&nbsp; |&nbsp;&nbsp;<\/a><a href=\"https:\/\/www.innosen.com\/fr\/sitemap\/\">Plan du site<\/a><a href=\"https:\/\/www.innosen.com\/fr\/contact\/\">&nbsp; |&nbsp;&nbsp;<\/a><a class=\"print-link\"><a class=\"print-link\" href=\"javascript:window.print()\">Imprimez cette page<\/a><\/a><\/div>\n<p>[\/et_pb_text][\/et_pb_column][et_pb_column type=&#8221;1_4&#8243;][et_pb_social_media_follow global_parent=&#8221;17409&#8243; background_layout=&#8221;dark&#8221; url_new_window=&#8221;off&#8221; follow_button=&#8221;on&#8221; _builder_version=&#8221;3.0.106&#8243; text_orientation=&#8221;left&#8221;][et_pb_social_media_follow_network social_network=&#8221;linkedin&#8221; url=&#8221;https:\/\/www.linkedin.com\/company\/innosen\/&#8221; _builder_version=&#8221;3.0.106&#8243; background_color=&#8221;#007bb6&#8243; link_shape=&#8221;rounded_rectangle&#8221; follow_button=&#8221;on&#8221; url_new_window=&#8221;off&#8221; skype_action=&#8221;call&#8221; use_background_color_gradient=&#8221;off&#8221; background_color_gradient_start=&#8221;#2b87da&#8221; background_color_gradient_end=&#8221;#29c4a9&#8243; background_color_gradient_type=&#8221;linear&#8221; background_color_gradient_direction=&#8221;180deg&#8221; background_color_gradient_direction_radial=&#8221;center&#8221; background_color_gradient_start_position=&#8221;0%&#8221; background_color_gradient_end_position=&#8221;100%&#8221; background_color_gradient_overlays_image=&#8221;off&#8221; parallax=&#8221;off&#8221; parallax_method=&#8221;on&#8221; background_size=&#8221;cover&#8221; background_position=&#8221;center&#8221; background_repeat=&#8221;no-repeat&#8221; background_blend=&#8221;normal&#8221; allow_player_pause=&#8221;off&#8221; background_video_pause_outside_viewport=&#8221;on&#8221; box_shadow_style=&#8221;none&#8221;]<\/p>\n<p>LinkedIn<\/p>\n<p>[\/et_pb_social_media_follow_network][\/et_pb_social_media_follow][\/et_pb_column][et_pb_column type=&#8221;1_4&#8243;][et_pb_text admin_label=&#8221;All rights Reserved&#8221; global_parent=&#8221;17409&#8243; _builder_version=&#8221;3.0.106&#8243; text_font_size=&#8221;13&#8243; text_text_color=&#8221;#ffffff&#8221; background_size=&#8221;initial&#8221; background_position=&#8221;top_left&#8221; background_repeat=&#8221;repeat&#8221; custom_padding=&#8221;||10px|&#8221; use_border_color=&#8221;off&#8221; background_layout=&#8221;light&#8221; text_font=&#8221;Roboto|300|||||||&#8221;]<\/p>\n<p>\u00a9 2018 Innosen. All Rights Reserved.<\/p>\n<p>[\/et_pb_text][\/et_pb_column][\/et_pb_row][\/et_pb_section]<\/p>\n<script>function getWR360PopupSkin(){return 'light_rounded';}<\/script>","protected":false},"excerpt":{"rendered":"<p>protection \u00e0 100 % contre les d\u00e9g\u00e2ts caus\u00e9s par doubles feuilles \u00e0 l&#8217;empileur, dans la cisaille et dans la presse d&#8217;alimenteur en feuille \u2026 PLUS Il d\u00e9tecte les feuilles ou les bo\u00eetes non vernies \u00e0 la vitesse de la ligne \u2026 PLUS r\u00e9duisez des erreurs de mesure en v\u00e9rifiant la porosit\u00e9 du vernis sur des [&hellip;]<\/p>\n","protected":false},"author":1,"featured_media":0,"parent":0,"menu_order":0,"comment_status":"closed","ping_status":"closed","template":"","meta":{"_et_pb_use_builder":"on","_et_pb_old_content":"","_et_gb_content_width":"","_monsterinsights_skip_tracking":false,"_monsterinsights_sitenote_active":false,"_monsterinsights_sitenote_note":"","_monsterinsights_sitenote_category":0,"footnotes":""},"class_list":["post-1727","page","type-page","status-publish","hentry"],"yoast_head":"<!-- This site is optimized with the Yoast SEO Premium plugin v20.1 (Yoast SEO v24.9) - https:\/\/yoast.com\/wordpress\/plugins\/seo\/ -->\n<title>Produits pour Bouchons Couronnes - Innosen<\/title>\n<meta name=\"description\" content=\"Produits pour Bouchons Couronnes -\" \/>\n<meta name=\"robots\" content=\"index, follow, max-snippet:-1, max-image-preview:large, max-video-preview:-1\" \/>\n<link rel=\"canonical\" href=\"https:\/\/www.innosen.com\/fr\/crown_corks\/\" \/>\n<script type=\"application\/ld+json\" class=\"yoast-schema-graph\">{\"@context\":\"https:\/\/schema.org\",\"@graph\":[{\"@type\":\"WebPage\",\"@id\":\"\/fr\/crown_corks\/\",\"url\":\"https:\/\/www.innosen.com\/fr\/crown_corks\/\",\"name\":\"Produits pour Bouchons Couronnes - Innosen\",\"isPartOf\":{\"@id\":\"https:\/\/www.innosen.com\/#website\"},\"datePublished\":\"2016-03-04T00:47:40+00:00\",\"dateModified\":\"2018-04-16T06:55:30+00:00\",\"description\":\"Produits pour Bouchons Couronnes -\",\"breadcrumb\":{\"@id\":\"https:\/\/www.innosen.com\/fr\/crown_corks\/#breadcrumb\"},\"inLanguage\":\"fr-FR\",\"potentialAction\":[{\"@type\":\"ReadAction\",\"target\":[\"https:\/\/www.innosen.com\/fr\/crown_corks\/\"]}]},{\"@type\":\"BreadcrumbList\",\"@id\":\"https:\/\/www.innosen.com\/fr\/crown_corks\/#breadcrumb\",\"itemListElement\":[{\"@type\":\"ListItem\",\"position\":1,\"name\":\"Home\",\"item\":\"https:\/\/www.innosen.com\/fr\/\"},{\"@type\":\"ListItem\",\"position\":2,\"name\":\"Produits pour Bouchons Couronnes\"}]},{\"@type\":\"WebSite\",\"@id\":\"https:\/\/www.innosen.com\/#website\",\"url\":\"https:\/\/www.innosen.com\/\",\"name\":\"Innosen\",\"description\":\"Innovative Sensors for Canmaking\",\"publisher\":{\"@id\":\"https:\/\/www.innosen.com\/#organization\"},\"potentialAction\":[{\"@type\":\"SearchAction\",\"target\":{\"@type\":\"EntryPoint\",\"urlTemplate\":\"https:\/\/www.innosen.com\/?s={search_term_string}\"},\"query-input\":{\"@type\":\"PropertyValueSpecification\",\"valueRequired\":true,\"valueName\":\"search_term_string\"}}],\"inLanguage\":\"fr-FR\"},{\"@type\":\"Organization\",\"@id\":\"https:\/\/www.innosen.com\/#organization\",\"name\":\"Innosen\",\"url\":\"https:\/\/www.innosen.com\/\",\"logo\":{\"@type\":\"ImageObject\",\"inLanguage\":\"fr-FR\",\"@id\":\"https:\/\/www.innosen.com\/#\/schema\/logo\/image\/\",\"url\":\"\",\"contentUrl\":\"\",\"caption\":\"Innosen\"},\"image\":{\"@id\":\"https:\/\/www.innosen.com\/#\/schema\/logo\/image\/\"},\"sameAs\":[\"https:\/\/www.linkedin.com\/company\/innosen\/\",\"https:\/\/www.youtube.com\/channel\/UClrXAfXhkiKqnqqtU4Sn2Lg?view_as=subscriber\"]}]}<\/script>\n<!-- \/ Yoast SEO Premium plugin. -->","yoast_head_json":{"title":"Produits pour Bouchons Couronnes - Innosen","description":"Produits pour Bouchons Couronnes -","robots":{"index":"index","follow":"follow","max-snippet":"max-snippet:-1","max-image-preview":"max-image-preview:large","max-video-preview":"max-video-preview:-1"},"canonical":"https:\/\/www.innosen.com\/fr\/crown_corks\/","schema":{"@context":"https:\/\/schema.org","@graph":[{"@type":"WebPage","@id":"\/fr\/crown_corks\/","url":"https:\/\/www.innosen.com\/fr\/crown_corks\/","name":"Produits pour Bouchons Couronnes - Innosen","isPartOf":{"@id":"https:\/\/www.innosen.com\/#website"},"datePublished":"2016-03-04T00:47:40+00:00","dateModified":"2018-04-16T06:55:30+00:00","description":"Produits pour Bouchons Couronnes -","breadcrumb":{"@id":"https:\/\/www.innosen.com\/fr\/crown_corks\/#breadcrumb"},"inLanguage":"fr-FR","potentialAction":[{"@type":"ReadAction","target":["https:\/\/www.innosen.com\/fr\/crown_corks\/"]}]},{"@type":"BreadcrumbList","@id":"https:\/\/www.innosen.com\/fr\/crown_corks\/#breadcrumb","itemListElement":[{"@type":"ListItem","position":1,"name":"Home","item":"https:\/\/www.innosen.com\/fr\/"},{"@type":"ListItem","position":2,"name":"Produits pour Bouchons Couronnes"}]},{"@type":"WebSite","@id":"https:\/\/www.innosen.com\/#website","url":"https:\/\/www.innosen.com\/","name":"Innosen","description":"Innovative Sensors for Canmaking","publisher":{"@id":"https:\/\/www.innosen.com\/#organization"},"potentialAction":[{"@type":"SearchAction","target":{"@type":"EntryPoint","urlTemplate":"https:\/\/www.innosen.com\/?s={search_term_string}"},"query-input":{"@type":"PropertyValueSpecification","valueRequired":true,"valueName":"search_term_string"}}],"inLanguage":"fr-FR"},{"@type":"Organization","@id":"https:\/\/www.innosen.com\/#organization","name":"Innosen","url":"https:\/\/www.innosen.com\/","logo":{"@type":"ImageObject","inLanguage":"fr-FR","@id":"https:\/\/www.innosen.com\/#\/schema\/logo\/image\/","url":"","contentUrl":"","caption":"Innosen"},"image":{"@id":"https:\/\/www.innosen.com\/#\/schema\/logo\/image\/"},"sameAs":["https:\/\/www.linkedin.com\/company\/innosen\/","https:\/\/www.youtube.com\/channel\/UClrXAfXhkiKqnqqtU4Sn2Lg?view_as=subscriber"]}]}},"_links":{"self":[{"href":"https:\/\/www.innosen.com\/fr\/wp-json\/wp\/v2\/pages\/1727","targetHints":{"allow":["GET"]}}],"collection":[{"href":"https:\/\/www.innosen.com\/fr\/wp-json\/wp\/v2\/pages"}],"about":[{"href":"https:\/\/www.innosen.com\/fr\/wp-json\/wp\/v2\/types\/page"}],"author":[{"embeddable":true,"href":"https:\/\/www.innosen.com\/fr\/wp-json\/wp\/v2\/users\/1"}],"replies":[{"embeddable":true,"href":"https:\/\/www.innosen.com\/fr\/wp-json\/wp\/v2\/comments?post=1727"}],"version-history":[{"count":0,"href":"https:\/\/www.innosen.com\/fr\/wp-json\/wp\/v2\/pages\/1727\/revisions"}],"wp:attachment":[{"href":"https:\/\/www.innosen.com\/fr\/wp-json\/wp\/v2\/media?parent=1727"}],"curies":[{"name":"wp","href":"https:\/\/api.w.org\/{rel}","templated":true}]}}