{"id":5554,"date":"2016-02-18T09:29:52","date_gmt":"2016-02-18T09:29:52","guid":{"rendered":"\/es\/tour\/"},"modified":"2025-07-09T17:00:49","modified_gmt":"2025-07-09T09:00:49","slug":"3pc","status":"publish","type":"page","link":"https:\/\/www.innosen.com\/es\/tours\/3pc\/","title":{"rendered":"Latas de 3 piezas (soldadas) Visita al proceso de fabricaci\u00f3n de latas"},"content":{"rendered":"<p>[et_pb_section fb_built=&#8221;1&#8243; _builder_version=&#8221;4.16&#8243; _module_preset=&#8221;default&#8221; custom_padding=&#8221;||3px|||&#8221; global_colors_info=&#8221;{}&#8221;][et_pb_row _builder_version=&#8221;4.16&#8243; _module_preset=&#8221;default&#8221; custom_padding=&#8221;||51px|||&#8221; global_colors_info=&#8221;{}&#8221;][et_pb_column type=&#8221;4_4&#8243; _builder_version=&#8221;4.16&#8243; _module_preset=&#8221;default&#8221; global_colors_info=&#8221;{}&#8221;][et_pb_text admin_label=&#8221;3 Piece Welded Canmaking Tour&#8221; _builder_version=&#8221;4.27.4&#8243; text_font=&#8221;Roboto|on||on|&#8221; text_text_color=&#8221;#ffffff&#8221; text_font_size=&#8221;32&#8243; header_font=&#8221;Roboto Light||||&#8221; header_text_color=&#8221;#ffffff&#8221; header_line_height=&#8221;1.2em&#8221; background_color=&#8221;#444444&#8243; background_position=&#8221;top_left&#8221; background_repeat=&#8221;repeat&#8221; max_width_tablet=&#8221;&#8221; max_width_phone=&#8221;&#8221; max_width_last_edited=&#8221;on|desktop&#8221; custom_margin=&#8221;10px||||false|true&#8221; custom_padding=&#8221;20px||20px|&#8221; border_color=&#8221;#7f7f7f&#8221; border_style=&#8221;solid&#8221; global_colors_info=&#8221;{}&#8221;]<\/p>\n<h1 style=\"text-align: center;\">Latas de 3 piezas (soldadas)<\/h1>\n<p style=\"text-align: center;\">Visita al proceso de fabricaci\u00f3n de latas<\/p>\n<p>[\/et_pb_text][et_pb_image src=&#8221;https:\/\/www.innosen.com\/wp-content\/uploads\/2021\/05\/tny-cantour-es-scaled.jpg&#8221; alt=&#8221;tny cantour es&#8221; title_text=&#8221;tny cantour es&#8221; _builder_version=&#8221;4.27.4&#8243; _module_preset=&#8221;default&#8221; hover_enabled=&#8221;0&#8243; global_colors_info=&#8221;{}&#8221; sticky_enabled=&#8221;0&#8243;][\/et_pb_image][\/et_pb_column][\/et_pb_row][et_pb_row column_structure=&#8221;1_2,1_2&#8243; _builder_version=&#8221;4.16&#8243; _module_preset=&#8221;default&#8221; custom_padding=&#8221;||100px|||&#8221; global_colors_info=&#8221;{}&#8221;][et_pb_column type=&#8221;1_2&#8243; _builder_version=&#8221;4.16&#8243; _module_preset=&#8221;default&#8221; global_colors_info=&#8221;{}&#8221;][et_pb_text admin_label=&#8221;Problems per line&#8221; _builder_version=&#8221;4.16&#8243; _module_preset=&#8221;default&#8221; header_font=&#8221;|700|||||||&#8221; header_text_color=&#8221;#ff6600&#8243; header_line_height=&#8221;1.3em&#8221; header_2_font=&#8221;|700|||||||&#8221; header_2_text_color=&#8221;#424242&#8243; header_2_font_size=&#8221;25px&#8221; header_2_line_height=&#8221;1.3em&#8221; header_3_font=&#8221;|700|||||||&#8221; header_3_line_height=&#8221;1.3em&#8221; header_4_font=&#8221;|700|||||||&#8221; header_4_font_size=&#8221;15px&#8221; header_4_line_height=&#8221;1.3em&#8221; global_colors_info=&#8221;{}&#8221;]<\/p>\n<h2>Problemas Seg\u00fan tipo de L\u00ednea:<\/h2>\n<p><strong>1. Lineas para bobinas y corte:<\/strong>Bobina desplazada lateralmente, Variaciones en la longitud de la hoja (Hojas demasiado cortas\/largas)<\/p>\n<p><strong>2. Despaletizadora\/ Desapiladora\/ Descargadora:<\/strong> Hojas Dobles<\/p>\n<p><strong>3. Barnizadora:<\/strong> Hojas Dobles, Reservas desalineadas, reservas contaminadas, Hojas con ausencia de barniz, aumento del coste debido al exceso de consumo de barniz<\/p>\n<p><strong>4. Curado (Horno de Rejilla):<\/strong> Hojas dobles, reservas contaminadas<\/p>\n<p><strong>5. Litograf\u00eda:<\/strong> Hojas dobles, litograf\u00edas desalineadas<\/p>\n<p><strong>6. Curado (Horno UV):<\/strong> Hojas litografiadas sin curar<\/p>\n<p><strong>7. Cizalla:<\/strong>Filos desafilados en las cizallas debido a hojas dobles o hojas desviadas<\/p>\n<p><strong>8. Soldadura:<\/strong> Rotura del hilo de soldadura, presencia de barniz, paradas de producci\u00f3n, latas giradas del rev\u00e9s, mala calidad de las soldaduras.<\/p>\n<p>[\/et_pb_text][\/et_pb_column][et_pb_column type=&#8221;1_2&#8243; _builder_version=&#8221;4.16&#8243; _module_preset=&#8221;default&#8221; global_colors_info=&#8221;{}&#8221;][et_pb_text admin_label=&#8221;Recommended sensor&#8221; _builder_version=&#8221;4.27.4&#8243; _module_preset=&#8221;default&#8221; header_font=&#8221;|700|||||||&#8221; header_text_color=&#8221;#ff6600&#8243; header_line_height=&#8221;1.3em&#8221; header_2_font=&#8221;|700|||||||&#8221; header_2_text_color=&#8221;#424242&#8243; header_2_font_size=&#8221;25px&#8221; header_2_line_height=&#8221;1.3em&#8221; header_3_font=&#8221;|700|||||||&#8221; header_3_line_height=&#8221;1.3em&#8221; header_4_font=&#8221;|700|||||||&#8221; header_4_font_size=&#8221;15px&#8221; header_4_line_height=&#8221;1.3em&#8221; global_colors_info=&#8221;{}&#8221;]<\/p>\n<h2>Sensores recomendados para cada l\u00ednea:<\/h2>\n<p><strong>1. Lineas para bobinas y corte<\/strong><\/p>\n<p><a href=\"https:\/\/www.innosen.com\/?page_id=914\">Sistema de Medici\u00f3n del Desplazamiento Lateral de la Bobina IS1270<\/a><br \/><a href=\"https:\/\/www.innosen.com\/es\/coils\/online_sheet_length_measurement_system\/\">Sistema de Medici\u00f3n de la Longitud de Hoja en L\u00ednea IS1260<\/a><br \/><a href=\"https:\/\/www.innosen.com\/es\/coils\/coil_missing_lacquer_detector\/\">Detector de ausencia de barniz en la bobina IS691<\/a><\/p>\n<p><strong>2. Despaletizadora\/ Desapiladora\/ Descargadora:<\/strong><\/p>\n<p><a href=\"https:\/\/www.innosen.com\/es\/3pc\/double_sheet_detector\/\">Detector de doble hoja IS231<\/a><\/p>\n<p><strong>3. Barnizadora<\/strong><\/p>\n<p><a href=\"https:\/\/www.innosen.com\/es\/3pc\/double_sheet_detector\/\">Detector de doble hoja IS231<\/a><br \/><a href=\"https:\/\/www.innosen.com\/es\/3pc\/sheet-skew-detector\/\">Sistema de Control del Paralelismo IS416<\/a><br \/><a href=\"https:\/\/www.innosen.com\/es\/3pc\/sheet-translation-detector\/\">Medici\u00f3n del Desplazamiento Lateral de las Hojalatas IS430 MK II<\/a><br \/><a href=\"https:\/\/www.innosen.com\/es\/3pc\/sheet_registration_measurement\/\">Control de la Alimentaci\u00f3n de Hojalatas en la Barnizadora IS450<\/a><br \/><a href=\"https:\/\/www.innosen.com\/es\/3pc\/missing_lacquer_detector\/\">Detector de Falta de Barniz IS641\/IS651<\/a><\/p>\n<p><strong>4. Curado (Horno de Rejilla)<\/strong><\/p>\n<p><a href=\"https:\/\/www.innosen.com\/es\/3pc\/double_sheet_detector\/\">Detector de doble hoja IS231<\/a><br \/><a href=\"https:\/\/www.innosen.com\/es\/3pc\/oven_logger_welded_can_lines\/\">Registrador para hornos de l\u00edneas de producci\u00f3n de latas de 3 piezas SL2300<\/a><\/p>\n<p><strong>5. Litograf\u00eda<\/strong><\/p>\n<p><a href=\"https:\/\/www.innosen.com\/de\/?p=26712\">Detector de doble hoja IS231<\/a><br \/><a href=\"https:\/\/www.innosen.com\/es\/3pc\/inverted-can-label-detector\/\">Detector de decoraci\u00f3n invertida en latas IS625<\/a><\/p>\n<p><strong>6. Curado (Horno UV)<\/strong><\/p>\n<p><a href=\"https:\/\/www.innosen.com\/es\/3pc\/double_sheet_detector\/\">Detector de doble hoja IS231<\/a><br \/><a href=\"https:\/\/www.innosen.com\/es\/qa_systems\/uv_logger\/\">Registrador de Ultravioletas IS310<\/a><\/p>\n<p><strong>7. Cizalla<\/strong><br \/><a href=\"https:\/\/www.innosen.com\/es\/3pc\/double_sheet_detector\/\">Detector de doble hoja IS231<\/a><br \/><a href=\"https:\/\/www.innosen.com\/es\/3pc\/sheet-skew-detector\/\">Sistema de Control del Paralelismo IS416<\/a><br \/><a href=\"https:\/\/www.innosen.com\/es\/3pc\/sheet-translation-detector\/\">Medici\u00f3n del Desplazamiento Lateral de las Hojalatas IS430 MK II<\/a><br \/><a href=\"https:\/\/www.innosen.com\/es\/3pc\/sheet_registration_measurement\/\">Control de la Alimentaci\u00f3n de Hojalatas en la Barnizadora IS450<\/a><br \/><a href=\"https:\/\/www.innosen.com\/es\/3pc\/plain_margin_inspector\/\">Inspector de Reservas IS610 <\/a><\/p>\n<p><strong>8. Soldadura<\/strong><\/p>\n<p><a href=\"https:\/\/www.innosen.com\/es\/3pc\/inverted_blank_detector\/\">Detector de Hojas Invertidas IS621\/IS631<\/a><\/p>\n<p>[\/et_pb_text][\/et_pb_column][\/et_pb_row][\/et_pb_section][et_pb_section fb_built=&#8221;1&#8243; custom_padding_last_edited=&#8221;on|desktop&#8221; parallax_method_1=&#8221;off&#8221; parallax_method_2=&#8221;off&#8221; parallax_method_3=&#8221;off&#8221; disabled_on=&#8221;off|off|off&#8221; admin_label=&#8221;ENGLISH FOOTER&#8221; _builder_version=&#8221;4.16&#8243; background_color=&#8221;#ff6600&#8243; min_height=&#8221;417.9px&#8221; custom_margin=&#8221;0px||0px||true|false&#8221; custom_padding=&#8221;||||false|false&#8221; custom_padding_tablet=&#8221;50px|0|50px|0&#8243; custom_padding_phone=&#8221;&#8221; z_index_tablet=&#8221;500&#8243; global_module=&#8221;19914&#8243; saved_tabs=&#8221;all&#8221; collapsed=&#8221;on&#8221; global_colors_info=&#8221;{}&#8221;][et_pb_row _builder_version=&#8221;4.16&#8243; custom_margin=&#8221;||0mm|&#8221; custom_padding=&#8221;30px||0mm||false|false&#8221; global_colors_info=&#8221;{}&#8221;][et_pb_column type=&#8221;4_4&#8243; _builder_version=&#8221;4.16&#8243; custom_padding=&#8221;|||&#8221; global_colors_info=&#8221;{}&#8221; custom_padding__hover=&#8221;|||&#8221;][et_pb_text admin_label=&#8221;Office&#8221; _builder_version=&#8221;4.16&#8243; header_font=&#8221;|700|||||||&#8221; header_text_color=&#8221;#ffffff&#8221; header_2_font=&#8221;|700|||||||&#8221; header_2_font_size=&#8221;25px&#8221; custom_margin=&#8221;5mm|||&#8221; custom_padding=&#8221;||0mm|&#8221; global_colors_info=&#8221;{}&#8221;]<\/p>\n<h2><span style=\"color: #ffffff;\">OFICINAS<\/span><\/h2>\n<p>[\/et_pb_text][\/et_pb_column][\/et_pb_row][et_pb_row column_structure=&#8221;1_4,1_4,1_4,1_4&#8243; use_custom_gutter=&#8221;on&#8221; gutter_width=&#8221;1&#8243; column_padding_mobile=&#8221;on&#8221; _builder_version=&#8221;4.16&#8243; background_size=&#8221;initial&#8221; background_position=&#8221;top_left&#8221; background_repeat=&#8221;repeat&#8221; custom_margin=&#8221;0px||0px|&#8221; custom_padding=&#8221;0px||0px|&#8221; global_colors_info=&#8221;{}&#8221;][et_pb_column type=&#8221;1_4&#8243; _builder_version=&#8221;4.16&#8243; custom_padding=&#8221;|||&#8221; global_colors_info=&#8221;{}&#8221; custom_padding__hover=&#8221;|||&#8221;][et_pb_text admin_label=&#8221;Spain&#8221; _builder_version=&#8221;4.21.0&#8243; text_font=&#8221;|300|||||||&#8221; text_text_color=&#8221;#ffffff&#8221; text_font_size=&#8221;13&#8243; background_size=&#8221;initial&#8221; background_position=&#8221;top_left&#8221; background_repeat=&#8221;repeat&#8221; custom_padding=&#8221;||10px|&#8221; use_border_color=&#8221;off&#8221; global_colors_info=&#8221;{}&#8221;]<\/p>\n<p><strong>Spain<\/strong><br \/><span class=\"fontstyle0\">Rom\u00e0 Piera i Arcal, 8<br \/>08330 Premi\u00e0 de Mar (Barcelona)<br \/>Spain<br \/>Main Multilanguage Tel:<br \/>+34 937 549 526<\/span><br \/>Email: info@innosen.com<\/p>\n<p>[\/et_pb_text][\/et_pb_column][et_pb_column type=&#8221;1_4&#8243; _builder_version=&#8221;4.16&#8243; custom_padding=&#8221;|||&#8221; global_colors_info=&#8221;{}&#8221; custom_padding__hover=&#8221;|||&#8221;][et_pb_text admin_label=&#8221;Hongkong&#8221; _builder_version=&#8221;4.16&#8243; text_font=&#8221;|300|||||||&#8221; text_text_color=&#8221;#ffffff&#8221; text_font_size=&#8221;13&#8243; background_size=&#8221;initial&#8221; background_position=&#8221;top_left&#8221; background_repeat=&#8221;repeat&#8221; custom_padding=&#8221;||10px|&#8221; use_border_color=&#8221;off&#8221; global_colors_info=&#8221;{}&#8221;]<\/p>\n<p><strong>Hong Kong<\/strong><br \/>11th Floor Dah Sing Life Building<br \/>99 Des Voeux Road Central<br \/>Hong Kong<br \/>Tel: +852 2127 0699<\/p>\n<p>[\/et_pb_text][\/et_pb_column][et_pb_column type=&#8221;1_4&#8243; _builder_version=&#8221;4.16&#8243; custom_padding=&#8221;|||&#8221; global_colors_info=&#8221;{}&#8221; custom_padding__hover=&#8221;|||&#8221;][et_pb_text admin_label=&#8221;Philippines&#8221; _builder_version=&#8221;4.16&#8243; text_font=&#8221;|300|||||||&#8221; text_text_color=&#8221;#ffffff&#8221; text_font_size=&#8221;13&#8243; background_size=&#8221;initial&#8221; background_position=&#8221;top_left&#8221; background_repeat=&#8221;repeat&#8221; custom_padding=&#8221;||10px|&#8221; use_border_color=&#8221;off&#8221; global_colors_info=&#8221;{}&#8221;]<\/p>\n<p><strong>Philippines<\/strong><br \/>808 Citystate Centre Building<br \/>709 Shaw Boulevard<br \/>1600 Pasig City<br \/>Philippines<br \/>Tel: +63 2 8696 6965 \/<br \/>+63 2 8696 6978<\/p>\n<p>[\/et_pb_text][\/et_pb_column][et_pb_column type=&#8221;1_4&#8243; _builder_version=&#8221;4.16&#8243; custom_padding=&#8221;|||&#8221; global_colors_info=&#8221;{}&#8221; custom_padding__hover=&#8221;|||&#8221;][et_pb_text admin_label=&#8221;USA&#8221; _builder_version=&#8221;4.16&#8243; text_font=&#8221;|300|||||||&#8221; text_text_color=&#8221;#ffffff&#8221; text_font_size=&#8221;13&#8243; background_size=&#8221;initial&#8221; background_position=&#8221;top_left&#8221; background_repeat=&#8221;repeat&#8221; custom_padding=&#8221;||10px|&#8221; use_border_color=&#8221;off&#8221; global_colors_info=&#8221;{}&#8221;]<\/p>\n<p><strong>USA<\/strong><br \/>7691 N.Overland Trail<br \/>80524 Fort Collins<br \/>Colorado<br \/>USA<br \/>Tel: +1 970 305 8721<\/p>\n<p>[\/et_pb_text][\/et_pb_column][\/et_pb_row][et_pb_row column_structure=&#8221;1_2,1_4,1_4&#8243; _builder_version=&#8221;4.16&#8243; custom_margin=&#8221;0mm|||&#8221; custom_padding=&#8221;27px|0px|30px|0px|false|false&#8221; global_colors_info=&#8221;{}&#8221;][et_pb_column type=&#8221;1_2&#8243; _builder_version=&#8221;4.16&#8243; custom_padding=&#8221;|||&#8221; global_colors_info=&#8221;{}&#8221; custom_padding__hover=&#8221;|||&#8221;][et_pb_text _builder_version=&#8221;4.16&#8243; text_font=&#8221;|300|||||||&#8221; text_font_size=&#8221;13px&#8221; background_layout=&#8221;dark&#8221; global_colors_info=&#8221;{}&#8221;]<\/p>\n<div class=\"footerMenu\"><strong><a href=\"\/\">P\u00e1gina Inicial<\/a> | <a href=\"https:\/\/www.innosen.com\/es\/contact\/\"> Contactenos<\/a> | <a href=\"https:\/\/www.innosen.com\/es\/privacy\/\"> Privacidad<\/a>| <a class=\"print-link\"><a class=\"print-link\" href=\"javascript:window.print()\">Print This Page<\/a><\/a><\/strong><\/div>\n<div>\u00a9 2023 Innosen. Todos los derechos reservados.<\/div>\n<p>&nbsp;<\/p>\n<p>[\/et_pb_text][\/et_pb_column][et_pb_column type=&#8221;1_4&#8243; _builder_version=&#8221;4.16&#8243; custom_padding=&#8221;|||&#8221; global_colors_info=&#8221;{}&#8221; custom_padding__hover=&#8221;|||&#8221;][et_pb_social_media_follow url_new_window=&#8221;off&#8221; follow_button=&#8221;on&#8221; _builder_version=&#8221;4.21.0&#8243; text_orientation=&#8221;left&#8221; background_layout=&#8221;dark&#8221; global_colors_info=&#8221;{}&#8221;][et_pb_social_media_follow_network social_network=&#8221;linkedin&#8221; url=&#8221;https:\/\/www.linkedin.com\/company\/innosen\/&#8221; _builder_version=&#8221;4.21.0&#8243; background_color=&#8221;#007bb6&#8243; global_colors_info=&#8221;{}&#8221;]linkedin[\/et_pb_social_media_follow_network][\/et_pb_social_media_follow][\/et_pb_column][et_pb_column type=&#8221;1_4&#8243; _builder_version=&#8221;4.16&#8243; custom_padding=&#8221;|||&#8221; global_colors_info=&#8221;{}&#8221; custom_padding__hover=&#8221;|||&#8221;][\/et_pb_column][\/et_pb_row][\/et_pb_section]<\/p>\n<script>function getWR360PopupSkin(){return 'light_rounded';}<\/script>","protected":false},"excerpt":{"rendered":"<p>Latas de 3 piezas (soldadas) Visita al proceso de fabricaci\u00f3n de latasProblemas Seg\u00fan tipo de L\u00ednea: 1. Lineas para bobinas y corte:Bobina desplazada lateralmente, Variaciones en la longitud de la hoja (Hojas demasiado cortas\/largas) 2. Despaletizadora\/ Desapiladora\/ Descargadora: Hojas Dobles 3. Barnizadora: Hojas Dobles, Reservas desalineadas, reservas contaminadas, Hojas con ausencia de barniz, aumento del [&hellip;]<\/p>\n","protected":false},"author":1,"featured_media":0,"parent":5577,"menu_order":0,"comment_status":"closed","ping_status":"closed","template":"","meta":{"_et_pb_use_builder":"on","_et_pb_old_content":"","_et_gb_content_width":"","_monsterinsights_skip_tracking":false,"_monsterinsights_sitenote_active":false,"_monsterinsights_sitenote_note":"","_monsterinsights_sitenote_category":0,"footnotes":""},"class_list":["post-5554","page","type-page","status-publish","hentry"],"yoast_head":"<!-- This site is optimized with the Yoast SEO Premium plugin v20.1 (Yoast SEO v24.9) - https:\/\/yoast.com\/wordpress\/plugins\/seo\/ -->\n<title>Latas de 3 piezas (soldadas) Visita al proceso de fabricaci\u00f3n de latas - Innosen<\/title>\n<meta name=\"description\" content=\"Providing a complete quality assurance solution for your 3-piece metal packaging production, from coil unloading to cutting, coating etc.\" \/>\n<meta name=\"robots\" content=\"index, follow, max-snippet:-1, max-image-preview:large, max-video-preview:-1\" \/>\n<link rel=\"canonical\" href=\"https:\/\/www.innosen.com\/es\/tours\/3pc\/\" \/>\n<script type=\"application\/ld+json\" class=\"yoast-schema-graph\">{\"@context\":\"https:\/\/schema.org\",\"@graph\":[{\"@type\":\"WebPage\",\"@id\":\"https:\/\/www.innosen.com\/es\/tours\/3pc\/\",\"url\":\"https:\/\/www.innosen.com\/es\/tours\/3pc\/\",\"name\":\"Latas de 3 piezas (soldadas) Visita al proceso de fabricaci\u00f3n de latas - Innosen\",\"isPartOf\":{\"@id\":\"https:\/\/www.innosen.com\/#website\"},\"datePublished\":\"2016-02-18T09:29:52+00:00\",\"dateModified\":\"2025-07-09T09:00:49+00:00\",\"description\":\"Providing a complete quality assurance solution for your 3-piece metal packaging production, from coil unloading to cutting, coating etc.\",\"breadcrumb\":{\"@id\":\"https:\/\/www.innosen.com\/es\/tours\/3pc\/#breadcrumb\"},\"inLanguage\":\"es-ES\",\"potentialAction\":[{\"@type\":\"ReadAction\",\"target\":[\"https:\/\/www.innosen.com\/es\/tours\/3pc\/\"]}]},{\"@type\":\"BreadcrumbList\",\"@id\":\"https:\/\/www.innosen.com\/es\/tours\/3pc\/#breadcrumb\",\"itemListElement\":[{\"@type\":\"ListItem\",\"position\":1,\"name\":\"Home\",\"item\":\"https:\/\/www.innosen.com\/es\/\"},{\"@type\":\"ListItem\",\"position\":2,\"name\":\"Tours\",\"item\":\"\/es\/tours\/\"},{\"@type\":\"ListItem\",\"position\":3,\"name\":\"Latas de 3 piezas (soldadas) Visita al proceso de fabricaci\u00f3n de latas\"}]},{\"@type\":\"WebSite\",\"@id\":\"https:\/\/www.innosen.com\/#website\",\"url\":\"https:\/\/www.innosen.com\/\",\"name\":\"Innosen\",\"description\":\"Innovative Sensors for Canmaking\",\"publisher\":{\"@id\":\"https:\/\/www.innosen.com\/#organization\"},\"potentialAction\":[{\"@type\":\"SearchAction\",\"target\":{\"@type\":\"EntryPoint\",\"urlTemplate\":\"https:\/\/www.innosen.com\/?s={search_term_string}\"},\"query-input\":{\"@type\":\"PropertyValueSpecification\",\"valueRequired\":true,\"valueName\":\"search_term_string\"}}],\"inLanguage\":\"es-ES\"},{\"@type\":\"Organization\",\"@id\":\"https:\/\/www.innosen.com\/#organization\",\"name\":\"Innosen\",\"url\":\"https:\/\/www.innosen.com\/\",\"logo\":{\"@type\":\"ImageObject\",\"inLanguage\":\"es-ES\",\"@id\":\"https:\/\/www.innosen.com\/#\/schema\/logo\/image\/\",\"url\":\"\",\"contentUrl\":\"\",\"caption\":\"Innosen\"},\"image\":{\"@id\":\"https:\/\/www.innosen.com\/#\/schema\/logo\/image\/\"},\"sameAs\":[\"https:\/\/www.linkedin.com\/company\/innosen\/\",\"https:\/\/www.youtube.com\/channel\/UClrXAfXhkiKqnqqtU4Sn2Lg?view_as=subscriber\"]}]}<\/script>\n<!-- \/ Yoast SEO Premium plugin. -->","yoast_head_json":{"title":"Latas de 3 piezas (soldadas) Visita al proceso de fabricaci\u00f3n de latas - Innosen","description":"Providing a complete quality assurance solution for your 3-piece metal packaging production, from coil unloading to cutting, coating etc.","robots":{"index":"index","follow":"follow","max-snippet":"max-snippet:-1","max-image-preview":"max-image-preview:large","max-video-preview":"max-video-preview:-1"},"canonical":"https:\/\/www.innosen.com\/es\/tours\/3pc\/","schema":{"@context":"https:\/\/schema.org","@graph":[{"@type":"WebPage","@id":"https:\/\/www.innosen.com\/es\/tours\/3pc\/","url":"https:\/\/www.innosen.com\/es\/tours\/3pc\/","name":"Latas de 3 piezas (soldadas) Visita al proceso de fabricaci\u00f3n de latas - Innosen","isPartOf":{"@id":"https:\/\/www.innosen.com\/#website"},"datePublished":"2016-02-18T09:29:52+00:00","dateModified":"2025-07-09T09:00:49+00:00","description":"Providing a complete quality assurance solution for your 3-piece metal packaging production, from coil unloading to cutting, coating etc.","breadcrumb":{"@id":"https:\/\/www.innosen.com\/es\/tours\/3pc\/#breadcrumb"},"inLanguage":"es-ES","potentialAction":[{"@type":"ReadAction","target":["https:\/\/www.innosen.com\/es\/tours\/3pc\/"]}]},{"@type":"BreadcrumbList","@id":"https:\/\/www.innosen.com\/es\/tours\/3pc\/#breadcrumb","itemListElement":[{"@type":"ListItem","position":1,"name":"Home","item":"https:\/\/www.innosen.com\/es\/"},{"@type":"ListItem","position":2,"name":"Tours","item":"\/es\/tours\/"},{"@type":"ListItem","position":3,"name":"Latas de 3 piezas (soldadas) Visita al proceso de fabricaci\u00f3n de latas"}]},{"@type":"WebSite","@id":"https:\/\/www.innosen.com\/#website","url":"https:\/\/www.innosen.com\/","name":"Innosen","description":"Innovative Sensors for Canmaking","publisher":{"@id":"https:\/\/www.innosen.com\/#organization"},"potentialAction":[{"@type":"SearchAction","target":{"@type":"EntryPoint","urlTemplate":"https:\/\/www.innosen.com\/?s={search_term_string}"},"query-input":{"@type":"PropertyValueSpecification","valueRequired":true,"valueName":"search_term_string"}}],"inLanguage":"es-ES"},{"@type":"Organization","@id":"https:\/\/www.innosen.com\/#organization","name":"Innosen","url":"https:\/\/www.innosen.com\/","logo":{"@type":"ImageObject","inLanguage":"es-ES","@id":"https:\/\/www.innosen.com\/#\/schema\/logo\/image\/","url":"","contentUrl":"","caption":"Innosen"},"image":{"@id":"https:\/\/www.innosen.com\/#\/schema\/logo\/image\/"},"sameAs":["https:\/\/www.linkedin.com\/company\/innosen\/","https:\/\/www.youtube.com\/channel\/UClrXAfXhkiKqnqqtU4Sn2Lg?view_as=subscriber"]}]}},"_links":{"self":[{"href":"https:\/\/www.innosen.com\/es\/wp-json\/wp\/v2\/pages\/5554","targetHints":{"allow":["GET"]}}],"collection":[{"href":"https:\/\/www.innosen.com\/es\/wp-json\/wp\/v2\/pages"}],"about":[{"href":"https:\/\/www.innosen.com\/es\/wp-json\/wp\/v2\/types\/page"}],"author":[{"embeddable":true,"href":"https:\/\/www.innosen.com\/es\/wp-json\/wp\/v2\/users\/1"}],"replies":[{"embeddable":true,"href":"https:\/\/www.innosen.com\/es\/wp-json\/wp\/v2\/comments?post=5554"}],"version-history":[{"count":25,"href":"https:\/\/www.innosen.com\/es\/wp-json\/wp\/v2\/pages\/5554\/revisions"}],"predecessor-version":[{"id":35631,"href":"https:\/\/www.innosen.com\/es\/wp-json\/wp\/v2\/pages\/5554\/revisions\/35631"}],"up":[{"embeddable":true,"href":"https:\/\/www.innosen.com\/es\/wp-json\/wp\/v2\/pages\/5577"}],"wp:attachment":[{"href":"https:\/\/www.innosen.com\/es\/wp-json\/wp\/v2\/media?parent=5554"}],"curies":[{"name":"wp","href":"https:\/\/api.w.org\/{rel}","templated":true}]}}