{"id":18797,"date":"2018-06-20T14:53:17","date_gmt":"2018-06-20T06:53:17","guid":{"rendered":"https:\/\/www.innosen.com\/?page_id=18797"},"modified":"2018-07-30T13:54:01","modified_gmt":"2018-07-30T05:54:01","slug":"privacy","status":"publish","type":"page","link":"https:\/\/www.innosen.com\/es\/privacy\/","title":{"rendered":"Pol\u00edtica de privacidad de datos"},"content":{"rendered":"<p>[et_pb_section bb_built=&#8221;1&#8243; admin_label=&#8221;section&#8221; next_background_color=&#8221;#ff6600&#8243;][et_pb_row admin_label=&#8221;row&#8221; background_position=&#8221;top_left&#8221; background_repeat=&#8221;repeat&#8221; background_size=&#8221;initial&#8221;][et_pb_column type=&#8221;4_4&#8243;][et_pb_text admin_label=&#8221;Data Privacy Policy Title&#8221; _builder_version=&#8221;3.5.1&#8243; header_font=&#8221;Roboto|700|||||||&#8221; header_text_align=&#8221;center&#8221; header_text_color=&#8221;#ff6600&#8243; header_line_height=&#8221;1.1em&#8221; header_4_font=&#8221;Roboto|300|on||||||&#8221; header_4_text_color=&#8221;#6d6d6d&#8221; custom_margin=&#8221;40px||60px|&#8221; header_font_size=&#8221;50px&#8221; header_2_font=&#8221;Roboto|300|||||||&#8221; header_2_font_size=&#8221;30px&#8221; text_font=&#8221;Open Sans||on||||||&#8221; text_text_color=&#8221;#6d6d6d&#8221;]<\/p>\n<h1 style=\"text-align: center;\">Pol\u00edtica de privacidad de datos de Innosen<\/h1>\n<h2 style=\"text-align: center;\">de acuerdo con el Reglamento General de Protecci\u00f3n de Datos de la UE<\/h2>\n<p style=\"text-align: center;\">Creado el: 16 de mayo de 2018<\/p>\n<p>[\/et_pb_text][et_pb_text admin_label=&#8221;Data Privacy Policy Text&#8221; use_border_color=&#8221;off&#8221; background_position=&#8221;top_left&#8221; background_repeat=&#8221;repeat&#8221; background_size=&#8221;initial&#8221; _builder_version=&#8221;3.10.1&#8243; text_font=&#8221;Open Sans||||||||&#8221; text_text_color=&#8221;#6d6d6d&#8221;]<\/p>\n<p>La privacidad de sus datos personales es de suma importancia para nosotros; Es por eso que nos esforzamos por cumplir diligentemente con las disposiciones del Reglamento General de Protecci\u00f3n de Datos de la UE (GDPR). Juramos que los datos confiados a nosotros estar\u00e1n completamente protegidos.<\/p>\n<p>Lea detenidamente nuestra pol\u00edtica de privacidad para obtener una comprensi\u00f3n clara de c\u00f3mo recopilamos, usamos, protegemos o manejamos sus Datos Personales.<\/p>\n<p><strong>Pol\u00edtica de Privacidad<\/strong><br \/>\nDe acuerdo con el Reglamento General de Protecci\u00f3n de Datos de la UE (GDPR), esta pol\u00edtica de privacidad ha sido compilada para prestar un mejor servicio a aquellos que est\u00e1n interesados en c\u00f3mo se est\u00e1n utilizando sus &#8216;Datos Personales&#8217; (PD). PD, como se describe en el GDPR, es cualquier informaci\u00f3n relacionada con una persona f\u00edsica o &#8220;sujeto de datos&#8221; que se puede utilizar para identificar directa o indirectamente a la persona. Puede ser cualquier cosa, desde un nombre, puesto de trabajo, n\u00famero de tel\u00e9fono o una direcci\u00f3n de correo electr\u00f3nico.<\/p>\n<p><strong>\u00bfQu\u00e9 datos personales recopilamos de las personas que nos env\u00edan correos electr\u00f3nicos o visitan nuestro sitio web?<\/strong><br \/>\nAl enviar un correo electr\u00f3nico, se le puede pedir que ingrese su nombre, direcci\u00f3n de correo electr\u00f3nico, n\u00famero de tel\u00e9fono u otros detalles para que podamos ayudarlo de la mejor manera posible.<\/p>\n<p><strong>\u00bfCu\u00e1ndo recopilamos informaci\u00f3n y cu\u00e1nto tiempo la guardamos?<\/strong><br \/>\nPodemos recopilar informaci\u00f3n de usted cuando realiza un pedido, al suscribirse a nuestros boletines informativos, al completar un formulario, al visitar nuestros programas, llamarnos por tel\u00e9fono, ingresar informaci\u00f3n en nuestro sitio web o enviarnos sus comentarios sobre nuestros productos o servicios y conectarse a nuestra cuenta de redes sociales. Tambi\u00e9n podr\u00edamos recopilar informaci\u00f3n disponible de sus sitios web.<br \/>\nSu informaci\u00f3n se mantendr\u00e1 hasta que solicite su eliminaci\u00f3n.<\/p>\n<p><strong>\u00bfC\u00f3mo protegemos tu informaci\u00f3n?<\/strong><br \/>\nPodemos utilizar la informaci\u00f3n que recopilamos de usted de las siguientes maneras:<\/p>\n<p>\u2022 Para personalizar su experiencia y permitirnos ofrecer el tipo de contenido y ofertas de productos que m\u00e1s le interesan<br \/>\n\u2022 Para permitirnos ofrecer un mejor servicio<br \/>\n\u2022 Para enviar correos electr\u00f3nicos peri\u00f3dicamente de naturaleza t\u00e9cnica o de ventas para mantenerlo al d\u00eda acerca de nuestra innovaci\u00f3n<br \/>\n\u2022 Para hacer un seguimiento con usted despu\u00e9s de la correspondencia (correo electr\u00f3nico, llamada telef\u00f3nica o reuniones)<\/p>\n<p><strong>\u00bfC\u00f3mo protegemos tu informaci\u00f3n?<br \/>\n<\/strong>La seguridad de sus datos es muy importante para nosotros. Para proteger los datos personales de nuestros clientes, hemos dise\u00f1ado e impuesto medidas t\u00e9cnicas y organizativas para garantizar la seguridad de nuestros sistemas.<\/p>\n<p>Se aplican pol\u00edticas de protecci\u00f3n de datos para impedir que personas no autorizadas accedan a sitios de procesamiento de datos que procesan y utilizan datos, evitar que el sistema de procesamiento de datos se use sin autorizaci\u00f3n y para garantizar que las personas autorizadas a utilizar un sistema de procesamiento de datos solo tengan acceso a los datos si est\u00e1n autorizados para acceder, y esos datos no se pueden leer, copiar, modificar o eliminar sin autorizaci\u00f3n durante el procesamiento, uso y almacenamiento.<\/p>\n<p>Las pol\u00edticas de procesamiento de datos aseguran que se realicen comprobaciones para determinar si se ingresaron, modificaron o eliminaron los datos en el sistema de procesamiento de datos, y se aseguran de que los datos personales procesados en nombre de un cliente se procesen estrictamente de acuerdo con el Reglamento General de Protecci\u00f3n de Datos.<\/p>\n<p>Usamos certificado SSL Es una tecnolog\u00eda de seguridad est\u00e1ndar para establecer enlaces encriptados entre un servidor y un cliente. Normalmente lo usamos en nuestro servidor, sitio web o servidor de correo.<\/p>\n<p>Recibimos nuestros propios datos y hemos asignado seguridades internas para garantizar la seguridad y la continuidad de nuestros procesos comerciales.<\/p>\n<p><strong>Revelaci\u00f3n de terceros<\/strong><br \/>\nNo vendemos, comercializamos ni transferimos sus Datos personales a terceros.<\/p>\n<p><strong>Enlaces a terceros<\/strong><br \/>\nOcasionalmente, a nuestro criterio, podemos incluir u ofrecer productos o servicios de terceros en nuestro sitio web. Estos sitios de terceros tienen pol\u00edticas de privacidad separadas e independientes. Por lo tanto, no tenemos ninguna responsabilidad por el contenido y las actividades de estos sitios vinculados. No obstante, buscamos proteger la integridad de nuestro sitio y agradecemos cualquier comentario sobre estos sitios.<\/p>\n<p><strong>Derechos del sujeto de datos<\/strong><br \/>\nEl Reglamento general de protecci\u00f3n de datos de la UE otorga a los usuarios el derecho de:<br \/>\n\u2022 Preguntar cu\u00e1ndo comenzamos a procesar su informaci\u00f3n<br \/>\n\u2022 Corregir cualquier informaci\u00f3n suya<br \/>\n\u2022 Solicitar la eliminaci\u00f3n de su informaci\u00f3n personal<br \/>\n\u2022 Restringirnos de almacenar su informaci\u00f3n personal<br \/>\n\u2022 Solicitar una notificaci\u00f3n con respecto a las correcciones y eliminaciones de informaci\u00f3n personal<br \/>\n\u2022 Pedir la recuperaci\u00f3n de informaci\u00f3n personal en formato legible por m\u00e1quina<br \/>\n\u2022 Darse de baja de nuestro bolet\u00edn informativo en cualquier momento que desee<\/p>\n<p>Puede ejercer cualquiera de sus derechos utilizando nuestro <a href=\"https:\/\/goo.gl\/forms\/XDukccqTE0n06paG3\">Formulario de Solicitud de Acceso<\/a>.<\/p>\n<p><strong>En caso de violaci\u00f3n de datos<\/strong><br \/>\nDe conformidad con el Reglamento General de Protecci\u00f3n de Datos de la UE, se lo notificaremos a usted y a la autoridad de control dentro de las 72 horas posteriores a haber tenido conocimiento de la violaci\u00f3n de datos personales. Tenga la seguridad de que le proporcionaremos todos los detalles del incidente y trabajaremos para evitar que vuelva a suceder.<\/p>\n<p><strong>Actualizaciones de la pol\u00edtica de privacidad<\/strong><br \/>\nPodemos actualizar la Pol\u00edtica de privacidad en cualquier momento para reflejar los cambios en nuestras pol\u00edticas internas. Si hay cambios importantes en la Pol\u00edtica de privacidad, le enviaremos un aviso a trav\u00e9s de nuestro sitio web o correo postal personal.<\/p>\n<p><strong>Cont\u00e1ctenos<\/strong><br \/>\nSi tiene alguna pregunta sobre esta pol\u00edtica de privacidad, puede comunicarse con nosotros utilizando la siguiente informaci\u00f3n.<\/p>\n<p>info@innosen.com<br \/>\nInnosen Ltd.<br \/>\nAtt: Marketing Department<br \/>\nAtt: Departamento de Marketing<br \/>\nPiso 11.<br \/>\nEdificio Dah Sing Life<br \/>\n99 Des Voeux Road Central, Hong Kong<br \/>\nTel: +852 2127 0699<\/p>\n<p>&nbsp;<\/p>\n<p>&nbsp;<\/p>\n<p><strong>POL\u00cdTICA DE COOKIES<\/strong><\/p>\n<p><strong>Qu\u00e9 son las Cookies?<\/strong><br \/>\nLas cookies son peque\u00f1as porciones de datos almacenados en su computadora por los sitios web que visita. Son monitoreados por maestros de la web para realizar un seguimiento de la informaci\u00f3n que se est\u00e1 utilizando en nuestro sitio web.<\/p>\n<p><strong>No todas las cookies se crean iguales<\/strong><br \/>\nHay varios tipos de cookies. Cada tipo tiene implicaciones diferentes para su uso del sitio web y para su privacidad.<\/p>\n<p><strong>Las cookies estrictamente necesarias<\/strong> son esenciales para llevar a cabo algunas transacciones voluntarias basadas en la web, como enviar consultas de productos o solicitudes de soporte. Las cookies definidas como &#8220;Estrictamente necesarias&#8221; no se utilizan para recopilar informaci\u00f3n que podr\u00eda usarse para anunciarle productos o servicios.<\/p>\n<p><strong>Las cookies de rendimiento<\/strong> recopilan informaci\u00f3n sobre c\u00f3mo se utiliza nuestro sitio web, de qu\u00e9 p\u00e1ginas recibe visitas y si experimenta alg\u00fan error. Estas cookies no recopilan ninguna informaci\u00f3n que pueda identificarlo. Toda la informaci\u00f3n recopilada es an\u00f3nima y solo se utiliza para ayudarnos a mejorar el funcionamiento de nuestro sitio web, comprender qu\u00e9 es lo que interesa a nuestros usuarios y medir la efectividad de nuestra publicidad.<\/p>\n<p>El uso de nuestro sitio indica que usted acepta el uso de cookies de &#8216;Rendimiento&#8217;.<\/p>\n<p>Al igual que muchos sitios web, Google Analytics administra estas cookies. Google no utiliza las cookies para ning\u00fan otro fin que no sean los mencionados anteriormente. <a href=\"https:\/\/policies.google.com\/privacy\">Declaraci\u00f3n de Privacidad de Google<\/a><\/p>\n<p><strong>NO<\/strong> usamos <strong>cookies de orientaci\u00f3n<\/strong> que enlazan a servicios de terceros, como redes sociales o agencias de publicidad.<\/p>\n<p>&nbsp;<\/p>\n<p>&nbsp;<\/p>\n<p><strong>USTED TIENE EL CONTROL<\/strong><\/p>\n<p>Puede aceptar, restringir o bloquear la ubicaci\u00f3n de cookies en su ordenador <a href=\"http:\/\/www.aboutcookies.org\/how-to-control-cookies\/\">ajustando las preferencias de su navegador web<\/a>. Tambi\u00e9n puede eliminar cualquier cookie existente de su ordenador.<\/p>\n<p><em>*Tenga en cuenta que deshabilitar todas las cookies <strong>puede interferir<\/strong> en el funcionamiento del sitio.<\/em><\/p>\n<p>La versi\u00f3n en ingl\u00e9s de este Aviso de Privacidad regir\u00e1 en caso de conflicto o cambios sustanciales de traducci\u00f3n en un idioma que no sea ingl\u00e9s.<\/p>\n<p>&nbsp;<\/p>\n<p>&nbsp;<\/p>\n<p>[\/et_pb_text][\/et_pb_column][\/et_pb_row][\/et_pb_section][et_pb_section bb_built=&#8221;1&#8243; parallax_1=&#8221;off&#8221; parallax_2=&#8221;off&#8221; parallax_3=&#8221;off&#8221; parallax_method_1=&#8221;off&#8221; parallax_method_2=&#8221;off&#8221; parallax_method_3=&#8221;off&#8221; disabled_on=&#8221;off|off|off&#8221; custom_padding_last_edited=&#8221;on|desktop&#8221; _builder_version=&#8221;3.2&#8243; custom_padding=&#8221;0px|||&#8221; custom_padding_tablet=&#8221;50px|0|50px|0&#8243; background_color=&#8221;#ff6600&#8243; prev_background_color=&#8221;#ffffff&#8221; global_module=&#8221;18265&#8243;][et_pb_row global_parent=&#8221;18265&#8243; _builder_version=&#8221;3.0.90&#8243; custom_margin=&#8221;||0mm|&#8221; custom_padding=&#8221;||0mm|&#8221; background_position=&#8221;top_left&#8221; background_repeat=&#8221;repeat&#8221; background_size=&#8221;initial&#8221;][et_pb_column type=&#8221;4_4&#8243;][et_pb_text admin_label=&#8221;Office&#8221; global_parent=&#8221;18265&#8243; _builder_version=&#8221;3.0.91&#8243; background_layout=&#8221;light&#8221; header_font=&#8221;Roboto|700|||||||&#8221; header_text_color=&#8221;#ffffff&#8221; header_font_size=&#8221;25px&#8221; custom_padding=&#8221;||0mm|&#8221; custom_margin=&#8221;5mm|||&#8221; background_position=&#8221;top_left&#8221; background_repeat=&#8221;repeat&#8221; background_size=&#8221;initial&#8221;]<\/p>\n<h1>OFICINAS<\/h1>\n<p>[\/et_pb_text][\/et_pb_column][\/et_pb_row][et_pb_row global_parent=&#8221;18265&#8243; use_custom_gutter=&#8221;on&#8221; gutter_width=&#8221;1&#8243; custom_padding=&#8221;0px||0px|&#8221; column_padding_mobile=&#8221;on&#8221; parallax_method_1=&#8221;off&#8221; parallax_method_2=&#8221;off&#8221; parallax_method_3=&#8221;off&#8221; parallax_method_4=&#8221;off&#8221; _builder_version=&#8221;3.0.106&#8243; background_size=&#8221;initial&#8221; background_position=&#8221;top_left&#8221; background_repeat=&#8221;repeat&#8221; custom_margin=&#8221;0px||0px|&#8221;][et_pb_column type=&#8221;1_4&#8243;][et_pb_text admin_label=&#8221;Spain&#8221; global_parent=&#8221;18265&#8243; _builder_version=&#8221;3.0.106&#8243; text_font_size=&#8221;13&#8243; text_text_color=&#8221;#ffffff&#8221; background_size=&#8221;initial&#8221; background_position=&#8221;top_left&#8221; background_repeat=&#8221;repeat&#8221; custom_padding=&#8221;||10px|&#8221; use_border_color=&#8221;off&#8221; background_layout=&#8221;light&#8221; text_font=&#8221;Roboto|300|||||||&#8221;]<\/p>\n<p><strong>Espa\u00f1a<\/strong><br \/>\nRom\u00e0 Piera i Arcal, 8<br \/>\n08330 Premi\u00e0 de Mar (Barcelona)<br \/>\nEspa\u00f1a<br \/>\nMain Multilanguage Tel:<br \/>\n+34 937 549 526<br \/>\nAlternative Direct Tel:<br \/>\nFran\u00e7ais: +33 1 76 64 12 87<br \/>\nEnglish: +44 1905 887845<br \/>\nFax: +34 937 549 687<\/p>\n<p>[\/et_pb_text][\/et_pb_column][et_pb_column type=&#8221;1_4&#8243;][et_pb_text admin_label=&#8221;Hongkong&#8221; global_parent=&#8221;18265&#8243; _builder_version=&#8221;3.0.106&#8243; text_font_size=&#8221;13&#8243; text_text_color=&#8221;#ffffff&#8221; background_size=&#8221;initial&#8221; background_position=&#8221;top_left&#8221; background_repeat=&#8221;repeat&#8221; custom_padding=&#8221;||10px|&#8221; use_border_color=&#8221;off&#8221; background_layout=&#8221;light&#8221; text_font=&#8221;Roboto|300|||||||&#8221;]<\/p>\n<p><strong>Hong Kong<\/strong><br \/>\n11th Floor Dah Sing Life Building<br \/>\n99 Des Voeux Road Central<br \/>\nHong Kong<br \/>\nTel: +852 2127 0699<\/p>\n<p>[\/et_pb_text][\/et_pb_column][et_pb_column type=&#8221;1_4&#8243;][et_pb_text admin_label=&#8221;Philippines&#8221; global_parent=&#8221;18265&#8243; _builder_version=&#8221;3.0.106&#8243; text_font_size=&#8221;13&#8243; text_text_color=&#8221;#ffffff&#8221; background_size=&#8221;initial&#8221; background_position=&#8221;top_left&#8221; background_repeat=&#8221;repeat&#8221; custom_padding=&#8221;||10px|&#8221; use_border_color=&#8221;off&#8221; background_layout=&#8221;light&#8221; text_font=&#8221;Roboto|300|||||||&#8221;]<\/p>\n<p><strong>Filipinas<\/strong><br \/>\n808 Citystate Centre Building<br \/>\n709 Shaw Boulevard<br \/>\n1600 Pasig City<br \/>\nFilipinas<br \/>\nTel: +63 2 696 6965<br \/>\nFax: +63 2 696 6159<\/p>\n<p>[\/et_pb_text][\/et_pb_column][et_pb_column type=&#8221;1_4&#8243;][et_pb_text admin_label=&#8221;USA&#8221; global_parent=&#8221;18265&#8243; _builder_version=&#8221;3.2&#8243; text_font_size=&#8221;13&#8243; text_text_color=&#8221;#ffffff&#8221; background_size=&#8221;initial&#8221; background_position=&#8221;top_left&#8221; background_repeat=&#8221;repeat&#8221; custom_padding=&#8221;||10px|&#8221; use_border_color=&#8221;off&#8221; text_font=&#8221;Roboto|300|||||||&#8221;]<\/p>\n<p><b>Estados Unidos<br \/>\n<\/b>7691 N.Overland Trail<br \/>\n80524 Fort Collins<br \/>\nColorado<br \/>\nUSA<br \/>\nTel: +1 970 305 8721<\/p>\n<p>[\/et_pb_text][\/et_pb_column][\/et_pb_row][et_pb_row global_parent=&#8221;18265&#8243; _builder_version=&#8221;3.0.106&#8243; custom_margin=&#8221;0mm|||&#8221;][et_pb_column type=&#8221;1_2&#8243;][et_pb_text global_parent=&#8221;18265&#8243; _builder_version=&#8221;3.10.1&#8243;]<\/p>\n<div class=\"footerMenu\"><a href=\"https:\/\/www.innosen.com\/es\/\">P\u00e1gina inicial |<\/a>\u00a0 <a href=\"https:\/\/www.innosen.com\/es\/contact\/\">Cont\u00e1ctenos |\u00a0\u00a0<\/a><a href=\"https:\/\/www.innosen.com\/es\/privacy\/\">Privacidad |<\/a> \u00a0\u00a0<a href=\"https:\/\/www.innosen.com\/es\/sitemap\/\">Mapa del sitio<\/a><a href=\"https:\/\/www.innosen.com\/es\/contact\/\">\u00a0 |\u00a0\u00a0<\/a><a class=\"print-link\"><a class=\"print-link\" href=\"javascript:window.print()\">Imprimir esta p\u00e1gina<\/a><\/a><\/div>\n<p>[\/et_pb_text][\/et_pb_column][et_pb_column type=&#8221;1_4&#8243;][et_pb_social_media_follow global_parent=&#8221;18265&#8243; background_layout=&#8221;dark&#8221; url_new_window=&#8221;off&#8221; follow_button=&#8221;on&#8221; _builder_version=&#8221;3.0.106&#8243; text_orientation=&#8221;left&#8221;][et_pb_social_media_follow_network social_network=&#8221;linkedin&#8221; url=&#8221;https:\/\/www.linkedin.com\/company\/innosen\/&#8221; _builder_version=&#8221;3.0.106&#8243; background_color=&#8221;#007bb6&#8243; link_shape=&#8221;rounded_rectangle&#8221; follow_button=&#8221;on&#8221; url_new_window=&#8221;off&#8221; skype_action=&#8221;call&#8221; use_background_color_gradient=&#8221;off&#8221; background_color_gradient_start=&#8221;#2b87da&#8221; background_color_gradient_end=&#8221;#29c4a9&#8243; background_color_gradient_type=&#8221;linear&#8221; background_color_gradient_direction=&#8221;180deg&#8221; background_color_gradient_direction_radial=&#8221;center&#8221; background_color_gradient_start_position=&#8221;0%&#8221; background_color_gradient_end_position=&#8221;100%&#8221; background_color_gradient_overlays_image=&#8221;off&#8221; parallax=&#8221;off&#8221; parallax_method=&#8221;on&#8221; background_size=&#8221;cover&#8221; background_position=&#8221;center&#8221; background_repeat=&#8221;no-repeat&#8221; background_blend=&#8221;normal&#8221; allow_player_pause=&#8221;off&#8221; background_video_pause_outside_viewport=&#8221;on&#8221; box_shadow_style=&#8221;none&#8221;]<\/p>\n<p>LinkedIn<\/p>\n<p>[\/et_pb_social_media_follow_network][\/et_pb_social_media_follow][\/et_pb_column][et_pb_column type=&#8221;1_4&#8243;][et_pb_text admin_label=&#8221;All rights Reserved&#8221; global_parent=&#8221;18265&#8243; _builder_version=&#8221;3.0.106&#8243; text_font_size=&#8221;13&#8243; text_text_color=&#8221;#ffffff&#8221; background_size=&#8221;initial&#8221; background_position=&#8221;top_left&#8221; background_repeat=&#8221;repeat&#8221; custom_padding=&#8221;||10px|&#8221; use_border_color=&#8221;off&#8221; background_layout=&#8221;light&#8221; text_font=&#8221;Roboto|300|||||||&#8221;]<\/p>\n<p>\u00a9 2018 Innosen. Todos los derechos reservados.<\/p>\n<p>[\/et_pb_text][\/et_pb_column][\/et_pb_row][\/et_pb_section]<\/p>\n<script>function getWR360PopupSkin(){return 'light_rounded';}<\/script>","protected":false},"excerpt":{"rendered":"<p>Pol\u00edtica de privacidad de datos de Innosen de acuerdo con el Reglamento General de Protecci\u00f3n de Datos de la UE Creado el: 16 de mayo de 2018 La privacidad de sus datos personales es de suma importancia para nosotros; Es por eso que nos esforzamos por cumplir diligentemente con las disposiciones del Reglamento General de [&hellip;]<\/p>\n","protected":false},"author":1,"featured_media":0,"parent":0,"menu_order":0,"comment_status":"closed","ping_status":"closed","template":"","meta":{"_et_pb_use_builder":"on","_et_pb_old_content":"","_et_gb_content_width":"","_monsterinsights_skip_tracking":false,"_monsterinsights_sitenote_active":false,"_monsterinsights_sitenote_note":"","_monsterinsights_sitenote_category":0,"footnotes":""},"class_list":["post-18797","page","type-page","status-publish","hentry"],"yoast_head":"<!-- This site is optimized with the Yoast SEO Premium plugin v20.1 (Yoast SEO v24.9) - https:\/\/yoast.com\/wordpress\/plugins\/seo\/ -->\n<title>Pol\u00edtica de privacidad de datos - Innosen<\/title>\n<meta name=\"description\" content=\"Pol\u00edtica de privacidad de datos de Innosen de acuerdo con el Reglamento General de Protecci\u00f3n de Datos de la UE. Creado el: 16 de mayo de 2018...\" \/>\n<meta name=\"robots\" content=\"index, follow, max-snippet:-1, max-image-preview:large, max-video-preview:-1\" \/>\n<link rel=\"canonical\" href=\"https:\/\/www.innosen.com\/es\/privacy\/\" \/>\n<script type=\"application\/ld+json\" class=\"yoast-schema-graph\">{\"@context\":\"https:\/\/schema.org\",\"@graph\":[{\"@type\":\"WebPage\",\"@id\":\"\/es\/privacy\/\",\"url\":\"https:\/\/www.innosen.com\/es\/privacy\/\",\"name\":\"Pol\u00edtica de privacidad de datos - Innosen\",\"isPartOf\":{\"@id\":\"https:\/\/www.innosen.com\/#website\"},\"datePublished\":\"2018-06-20T06:53:17+00:00\",\"dateModified\":\"2018-07-30T05:54:01+00:00\",\"description\":\"Pol\u00edtica de privacidad de datos de Innosen de acuerdo con el Reglamento General de Protecci\u00f3n de Datos de la UE. Creado el: 16 de mayo de 2018...\",\"breadcrumb\":{\"@id\":\"https:\/\/www.innosen.com\/es\/privacy\/#breadcrumb\"},\"inLanguage\":\"es-ES\",\"potentialAction\":[{\"@type\":\"ReadAction\",\"target\":[\"https:\/\/www.innosen.com\/es\/privacy\/\"]}]},{\"@type\":\"BreadcrumbList\",\"@id\":\"https:\/\/www.innosen.com\/es\/privacy\/#breadcrumb\",\"itemListElement\":[{\"@type\":\"ListItem\",\"position\":1,\"name\":\"Home\",\"item\":\"https:\/\/www.innosen.com\/es\/\"},{\"@type\":\"ListItem\",\"position\":2,\"name\":\"Pol\u00edtica de privacidad de datos\"}]},{\"@type\":\"WebSite\",\"@id\":\"https:\/\/www.innosen.com\/#website\",\"url\":\"https:\/\/www.innosen.com\/\",\"name\":\"Innosen\",\"description\":\"Innovative Sensors for Canmaking\",\"publisher\":{\"@id\":\"https:\/\/www.innosen.com\/#organization\"},\"potentialAction\":[{\"@type\":\"SearchAction\",\"target\":{\"@type\":\"EntryPoint\",\"urlTemplate\":\"https:\/\/www.innosen.com\/?s={search_term_string}\"},\"query-input\":{\"@type\":\"PropertyValueSpecification\",\"valueRequired\":true,\"valueName\":\"search_term_string\"}}],\"inLanguage\":\"es-ES\"},{\"@type\":\"Organization\",\"@id\":\"https:\/\/www.innosen.com\/#organization\",\"name\":\"Innosen\",\"url\":\"https:\/\/www.innosen.com\/\",\"logo\":{\"@type\":\"ImageObject\",\"inLanguage\":\"es-ES\",\"@id\":\"https:\/\/www.innosen.com\/#\/schema\/logo\/image\/\",\"url\":\"\",\"contentUrl\":\"\",\"caption\":\"Innosen\"},\"image\":{\"@id\":\"https:\/\/www.innosen.com\/#\/schema\/logo\/image\/\"},\"sameAs\":[\"https:\/\/www.linkedin.com\/company\/innosen\/\",\"https:\/\/www.youtube.com\/channel\/UClrXAfXhkiKqnqqtU4Sn2Lg?view_as=subscriber\"]}]}<\/script>\n<!-- \/ Yoast SEO Premium plugin. -->","yoast_head_json":{"title":"Pol\u00edtica de privacidad de datos - Innosen","description":"Pol\u00edtica de privacidad de datos de Innosen de acuerdo con el Reglamento General de Protecci\u00f3n de Datos de la UE. Creado el: 16 de mayo de 2018...","robots":{"index":"index","follow":"follow","max-snippet":"max-snippet:-1","max-image-preview":"max-image-preview:large","max-video-preview":"max-video-preview:-1"},"canonical":"https:\/\/www.innosen.com\/es\/privacy\/","schema":{"@context":"https:\/\/schema.org","@graph":[{"@type":"WebPage","@id":"\/es\/privacy\/","url":"https:\/\/www.innosen.com\/es\/privacy\/","name":"Pol\u00edtica de privacidad de datos - Innosen","isPartOf":{"@id":"https:\/\/www.innosen.com\/#website"},"datePublished":"2018-06-20T06:53:17+00:00","dateModified":"2018-07-30T05:54:01+00:00","description":"Pol\u00edtica de privacidad de datos de Innosen de acuerdo con el Reglamento General de Protecci\u00f3n de Datos de la UE. Creado el: 16 de mayo de 2018...","breadcrumb":{"@id":"https:\/\/www.innosen.com\/es\/privacy\/#breadcrumb"},"inLanguage":"es-ES","potentialAction":[{"@type":"ReadAction","target":["https:\/\/www.innosen.com\/es\/privacy\/"]}]},{"@type":"BreadcrumbList","@id":"https:\/\/www.innosen.com\/es\/privacy\/#breadcrumb","itemListElement":[{"@type":"ListItem","position":1,"name":"Home","item":"https:\/\/www.innosen.com\/es\/"},{"@type":"ListItem","position":2,"name":"Pol\u00edtica de privacidad de datos"}]},{"@type":"WebSite","@id":"https:\/\/www.innosen.com\/#website","url":"https:\/\/www.innosen.com\/","name":"Innosen","description":"Innovative Sensors for Canmaking","publisher":{"@id":"https:\/\/www.innosen.com\/#organization"},"potentialAction":[{"@type":"SearchAction","target":{"@type":"EntryPoint","urlTemplate":"https:\/\/www.innosen.com\/?s={search_term_string}"},"query-input":{"@type":"PropertyValueSpecification","valueRequired":true,"valueName":"search_term_string"}}],"inLanguage":"es-ES"},{"@type":"Organization","@id":"https:\/\/www.innosen.com\/#organization","name":"Innosen","url":"https:\/\/www.innosen.com\/","logo":{"@type":"ImageObject","inLanguage":"es-ES","@id":"https:\/\/www.innosen.com\/#\/schema\/logo\/image\/","url":"","contentUrl":"","caption":"Innosen"},"image":{"@id":"https:\/\/www.innosen.com\/#\/schema\/logo\/image\/"},"sameAs":["https:\/\/www.linkedin.com\/company\/innosen\/","https:\/\/www.youtube.com\/channel\/UClrXAfXhkiKqnqqtU4Sn2Lg?view_as=subscriber"]}]}},"_links":{"self":[{"href":"https:\/\/www.innosen.com\/es\/wp-json\/wp\/v2\/pages\/18797","targetHints":{"allow":["GET"]}}],"collection":[{"href":"https:\/\/www.innosen.com\/es\/wp-json\/wp\/v2\/pages"}],"about":[{"href":"https:\/\/www.innosen.com\/es\/wp-json\/wp\/v2\/types\/page"}],"author":[{"embeddable":true,"href":"https:\/\/www.innosen.com\/es\/wp-json\/wp\/v2\/users\/1"}],"replies":[{"embeddable":true,"href":"https:\/\/www.innosen.com\/es\/wp-json\/wp\/v2\/comments?post=18797"}],"version-history":[{"count":0,"href":"https:\/\/www.innosen.com\/es\/wp-json\/wp\/v2\/pages\/18797\/revisions"}],"wp:attachment":[{"href":"https:\/\/www.innosen.com\/es\/wp-json\/wp\/v2\/media?parent=18797"}],"curies":[{"name":"wp","href":"https:\/\/api.w.org\/{rel}","templated":true}]}}