{"id":18268,"date":"2018-05-15T14:46:03","date_gmt":"2018-05-15T06:46:03","guid":{"rendered":"https:\/\/www.innosen.com\/?page_id=18268"},"modified":"2018-05-15T15:03:49","modified_gmt":"2018-05-15T07:03:49","slug":"template","status":"publish","type":"page","link":"https:\/\/www.innosen.com\/es\/template\/","title":{"rendered":"Template"},"content":{"rendered":"<p>[et_pb_section bb_built=&#8221;1&#8243; parallax_1=&#8221;off&#8221; parallax_2=&#8221;off&#8221; parallax_3=&#8221;off&#8221; parallax_method_1=&#8221;off&#8221; parallax_method_2=&#8221;off&#8221; parallax_method_3=&#8221;off&#8221; disabled_on=&#8221;off|off|off&#8221; custom_padding_last_edited=&#8221;on|desktop&#8221; _builder_version=&#8221;3.2&#8243; custom_padding=&#8221;0px|||&#8221; custom_padding_tablet=&#8221;50px|0|50px|0&#8243; background_color=&#8221;#ff6600&#8243; global_module=&#8221;18265&#8243;][et_pb_row global_parent=&#8221;18265&#8243; _builder_version=&#8221;3.0.90&#8243; custom_margin=&#8221;||0mm|&#8221; custom_padding=&#8221;||0mm|&#8221;][et_pb_column type=&#8221;4_4&#8243;][et_pb_text admin_label=&#8221;Office&#8221; global_parent=&#8221;18265&#8243; _builder_version=&#8221;3.0.91&#8243; background_layout=&#8221;light&#8221; header_font=&#8221;Roboto|700|||||||&#8221; header_text_color=&#8221;#ffffff&#8221; header_font_size=&#8221;25px&#8221; custom_padding=&#8221;||0mm|&#8221; custom_margin=&#8221;5mm|||&#8221;]<\/p>\n<h1>OFICINAS<\/h1>\n<p>[\/et_pb_text][\/et_pb_column][\/et_pb_row][et_pb_row global_parent=&#8221;18265&#8243; use_custom_gutter=&#8221;on&#8221; gutter_width=&#8221;1&#8243; custom_padding=&#8221;0px||0px|&#8221; column_padding_mobile=&#8221;on&#8221; parallax_method_1=&#8221;off&#8221; parallax_method_2=&#8221;off&#8221; parallax_method_3=&#8221;off&#8221; parallax_method_4=&#8221;off&#8221; _builder_version=&#8221;3.0.106&#8243; background_size=&#8221;initial&#8221; background_position=&#8221;top_left&#8221; background_repeat=&#8221;repeat&#8221; custom_margin=&#8221;0px||0px|&#8221;][et_pb_column type=&#8221;1_4&#8243;][et_pb_text admin_label=&#8221;Spain&#8221; global_parent=&#8221;18265&#8243; _builder_version=&#8221;3.0.106&#8243; text_font_size=&#8221;13&#8243; text_text_color=&#8221;#ffffff&#8221; background_size=&#8221;initial&#8221; background_position=&#8221;top_left&#8221; background_repeat=&#8221;repeat&#8221; custom_padding=&#8221;||10px|&#8221; use_border_color=&#8221;off&#8221; background_layout=&#8221;light&#8221; text_font=&#8221;Roboto|300|||||||&#8221;]<\/p>\n<p><strong>Espa\u00f1a<\/strong><br \/>\nRom\u00e0 Piera i Arcal, 8<br \/>\n08330 Premi\u00e0 de Mar (Barcelona)<br \/>\nEspa\u00f1a<br \/>\nMain Multilanguage Tel:<br \/>\n+34 937 549 526<br \/>\nAlternative Direct Tel:<br \/>\nFran\u00e7ais: +33 1 76 64 12 87<br \/>\nEnglish: +44 1905 887845<br \/>\nFax: +34 937 549 687<\/p>\n<p>[\/et_pb_text][\/et_pb_column][et_pb_column type=&#8221;1_4&#8243;][et_pb_text admin_label=&#8221;Hongkong&#8221; global_parent=&#8221;18265&#8243; _builder_version=&#8221;3.0.106&#8243; text_font_size=&#8221;13&#8243; text_text_color=&#8221;#ffffff&#8221; background_size=&#8221;initial&#8221; background_position=&#8221;top_left&#8221; background_repeat=&#8221;repeat&#8221; custom_padding=&#8221;||10px|&#8221; use_border_color=&#8221;off&#8221; background_layout=&#8221;light&#8221; text_font=&#8221;Roboto|300|||||||&#8221;]<\/p>\n<p><strong>Hong Kong<\/strong><br \/>\n11th Floor Dah Sing Life Building<br \/>\n99 Des Voeux Road Central<br \/>\nHong Kong<br \/>\nTel: +852 2127 0699<\/p>\n<p>[\/et_pb_text][\/et_pb_column][et_pb_column type=&#8221;1_4&#8243;][et_pb_text admin_label=&#8221;Philippines&#8221; global_parent=&#8221;18265&#8243; _builder_version=&#8221;3.0.106&#8243; text_font_size=&#8221;13&#8243; text_text_color=&#8221;#ffffff&#8221; background_size=&#8221;initial&#8221; background_position=&#8221;top_left&#8221; background_repeat=&#8221;repeat&#8221; custom_padding=&#8221;||10px|&#8221; use_border_color=&#8221;off&#8221; background_layout=&#8221;light&#8221; text_font=&#8221;Roboto|300|||||||&#8221;]<\/p>\n<p><strong>Filipinas<\/strong><br \/>\n808 Citystate Centre Building<br \/>\n709 Shaw Boulevard<br \/>\n1600 Pasig City<br \/>\nFilipinas<br \/>\nTel: +63 2 696 6965<br \/>\nFax: +63 2 696 6159<\/p>\n<p>[\/et_pb_text][\/et_pb_column][et_pb_column type=&#8221;1_4&#8243;][et_pb_text admin_label=&#8221;USA&#8221; global_parent=&#8221;18265&#8243; _builder_version=&#8221;3.2&#8243; text_font_size=&#8221;13&#8243; text_text_color=&#8221;#ffffff&#8221; background_size=&#8221;initial&#8221; background_position=&#8221;top_left&#8221; background_repeat=&#8221;repeat&#8221; custom_padding=&#8221;||10px|&#8221; use_border_color=&#8221;off&#8221; text_font=&#8221;Roboto|300|||||||&#8221;]<\/p>\n<p><b>Estados Unidos<br \/>\n<\/b>7691 N.Overland Trail<br \/>\n80524 Fort Collins<br \/>\nColorado<br \/>\nUSA<br \/>\nTel: +1 970 305 8721<\/p>\n<p>[\/et_pb_text][\/et_pb_column][\/et_pb_row][et_pb_row global_parent=&#8221;18265&#8243; _builder_version=&#8221;3.0.106&#8243; custom_margin=&#8221;0mm|||&#8221;][et_pb_column type=&#8221;1_2&#8243;][et_pb_text global_parent=&#8221;18265&#8243; _builder_version=&#8221;3.2&#8243; background_layout=&#8221;light&#8221;]<\/p>\n<div class=\"footerMenu\"><a href=\"https:\/\/www.innosen.com\/es\/\">P\u00e1gina inicial<\/a> |\u00a0 <\/a><a href=\"https:\/\/www.innosen.com\/es\/contact\/\">Cont\u00e1ctenos  |\u00a0\u00a0<\/a><a href=\"https:\/\/www.innosen.com\/es\/privacy\/\">Privacidad <\/a> |\u00a0\u00a0<\/a><a href=\"https:\/\/www.innosen.com\/es\/sitemap\/\">Mapa del sitio<\/a><a href=\"https:\/\/www.innosen.com\/es\/contact\/\">\u00a0 |\u00a0\u00a0<\/a><a class=\"print-link\"><a class=\"print-link\" href=\"javascript:window.print()\">Imprimir esta p\u00e1gina<\/a><\/a><\/div>\n<p>[\/et_pb_text][\/et_pb_column][et_pb_column type=&#8221;1_4&#8243;][et_pb_social_media_follow global_parent=&#8221;18265&#8243; background_layout=&#8221;dark&#8221; url_new_window=&#8221;off&#8221; follow_button=&#8221;on&#8221; _builder_version=&#8221;3.0.106&#8243; text_orientation=&#8221;left&#8221;][et_pb_social_media_follow_network social_network=&#8221;linkedin&#8221; url=&#8221;https:\/\/www.linkedin.com\/company\/innosen\/&#8221; _builder_version=&#8221;3.0.106&#8243; background_color=&#8221;#007bb6&#8243; link_shape=&#8221;rounded_rectangle&#8221; follow_button=&#8221;on&#8221; url_new_window=&#8221;off&#8221; skype_action=&#8221;call&#8221; use_background_color_gradient=&#8221;off&#8221; background_color_gradient_start=&#8221;#2b87da&#8221; background_color_gradient_end=&#8221;#29c4a9&#8243; background_color_gradient_type=&#8221;linear&#8221; background_color_gradient_direction=&#8221;180deg&#8221; background_color_gradient_direction_radial=&#8221;center&#8221; background_color_gradient_start_position=&#8221;0%&#8221; background_color_gradient_end_position=&#8221;100%&#8221; background_color_gradient_overlays_image=&#8221;off&#8221; parallax=&#8221;off&#8221; parallax_method=&#8221;on&#8221; background_size=&#8221;cover&#8221; background_position=&#8221;center&#8221; background_repeat=&#8221;no-repeat&#8221; background_blend=&#8221;normal&#8221; allow_player_pause=&#8221;off&#8221; background_video_pause_outside_viewport=&#8221;on&#8221; box_shadow_style=&#8221;none&#8221;]<\/p>\n<p>LinkedIn<\/p>\n<p>[\/et_pb_social_media_follow_network][\/et_pb_social_media_follow][\/et_pb_column][et_pb_column type=&#8221;1_4&#8243;][et_pb_text admin_label=&#8221;All rights Reserved&#8221; global_parent=&#8221;18265&#8243; _builder_version=&#8221;3.0.106&#8243; text_font_size=&#8221;13&#8243; text_text_color=&#8221;#ffffff&#8221; background_size=&#8221;initial&#8221; background_position=&#8221;top_left&#8221; background_repeat=&#8221;repeat&#8221; custom_padding=&#8221;||10px|&#8221; use_border_color=&#8221;off&#8221; background_layout=&#8221;light&#8221; text_font=&#8221;Roboto|300|||||||&#8221;]<\/p>\n<p>\u00a9 2018 Innosen. Todos los derechos reservados.<\/p>\n<p>[\/et_pb_text][\/et_pb_column][\/et_pb_row][\/et_pb_section]<\/p>\n<script>function getWR360PopupSkin(){return 'light_rounded';}<\/script>","protected":false},"excerpt":{"rendered":"<p>OFICINAS Espa\u00f1a Rom\u00e0 Piera i Arcal, 8 08330 Premi\u00e0 de Mar (Barcelona) Espa\u00f1a Main Multilanguage Tel: +34 937 549 526 Alternative Direct Tel: Fran\u00e7ais: +33 1 76 64 12 87 English: +44 1905 887845 Fax: +34 937 549 687 Hong Kong 11th Floor Dah Sing Life Building 99 Des Voeux Road Central Hong Kong Tel: [&hellip;]<\/p>\n","protected":false},"author":1,"featured_media":0,"parent":0,"menu_order":0,"comment_status":"closed","ping_status":"closed","template":"","meta":{"_et_pb_use_builder":"on","_et_pb_old_content":"","_et_gb_content_width":"","_monsterinsights_skip_tracking":false,"_monsterinsights_sitenote_active":false,"_monsterinsights_sitenote_note":"","_monsterinsights_sitenote_category":0,"footnotes":""},"class_list":["post-18268","page","type-page","status-publish","hentry"],"yoast_head":"<!-- This site is optimized with the Yoast SEO Premium plugin v20.1 (Yoast SEO v24.9) - https:\/\/yoast.com\/wordpress\/plugins\/seo\/ -->\n<title>Innosen | Sensores Innovadores para la Fabricaci\u00f3n de Latas<\/title>\n<meta name=\"description\" content=\"Innosen desarrolla y fabrica sensores y sistemas para la garant\u00eda de calidad para la industria del embalaje met\u00e1lico.\" \/>\n<meta name=\"robots\" content=\"index, follow, max-snippet:-1, max-image-preview:large, max-video-preview:-1\" \/>\n<link rel=\"canonical\" href=\"https:\/\/www.innosen.com\/es\/template\/\" \/>\n<script type=\"application\/ld+json\" class=\"yoast-schema-graph\">{\"@context\":\"https:\/\/schema.org\",\"@graph\":[{\"@type\":\"WebPage\",\"@id\":\"\/es\/template\/\",\"url\":\"https:\/\/www.innosen.com\/es\/template\/\",\"name\":\"Innosen | Sensores Innovadores para la Fabricaci\u00f3n de Latas\",\"isPartOf\":{\"@id\":\"https:\/\/www.innosen.com\/#website\"},\"datePublished\":\"2018-05-15T06:46:03+00:00\",\"dateModified\":\"2018-05-15T07:03:49+00:00\",\"description\":\"Innosen desarrolla y fabrica sensores y sistemas para la garant\u00eda de calidad para la industria del embalaje met\u00e1lico.\",\"breadcrumb\":{\"@id\":\"https:\/\/www.innosen.com\/es\/template\/#breadcrumb\"},\"inLanguage\":\"es-ES\",\"potentialAction\":[{\"@type\":\"ReadAction\",\"target\":[\"https:\/\/www.innosen.com\/es\/template\/\"]}]},{\"@type\":\"BreadcrumbList\",\"@id\":\"https:\/\/www.innosen.com\/es\/template\/#breadcrumb\",\"itemListElement\":[{\"@type\":\"ListItem\",\"position\":1,\"name\":\"Home\",\"item\":\"https:\/\/www.innosen.com\/es\/\"},{\"@type\":\"ListItem\",\"position\":2,\"name\":\"Template\"}]},{\"@type\":\"WebSite\",\"@id\":\"https:\/\/www.innosen.com\/#website\",\"url\":\"https:\/\/www.innosen.com\/\",\"name\":\"Innosen\",\"description\":\"Innovative Sensors for Canmaking\",\"publisher\":{\"@id\":\"https:\/\/www.innosen.com\/#organization\"},\"potentialAction\":[{\"@type\":\"SearchAction\",\"target\":{\"@type\":\"EntryPoint\",\"urlTemplate\":\"https:\/\/www.innosen.com\/?s={search_term_string}\"},\"query-input\":{\"@type\":\"PropertyValueSpecification\",\"valueRequired\":true,\"valueName\":\"search_term_string\"}}],\"inLanguage\":\"es-ES\"},{\"@type\":\"Organization\",\"@id\":\"https:\/\/www.innosen.com\/#organization\",\"name\":\"Innosen\",\"url\":\"https:\/\/www.innosen.com\/\",\"logo\":{\"@type\":\"ImageObject\",\"inLanguage\":\"es-ES\",\"@id\":\"https:\/\/www.innosen.com\/#\/schema\/logo\/image\/\",\"url\":\"\",\"contentUrl\":\"\",\"caption\":\"Innosen\"},\"image\":{\"@id\":\"https:\/\/www.innosen.com\/#\/schema\/logo\/image\/\"},\"sameAs\":[\"https:\/\/www.linkedin.com\/company\/innosen\/\",\"https:\/\/www.youtube.com\/channel\/UClrXAfXhkiKqnqqtU4Sn2Lg?view_as=subscriber\"]}]}<\/script>\n<!-- \/ Yoast SEO Premium plugin. -->","yoast_head_json":{"title":"Innosen | Sensores Innovadores para la Fabricaci\u00f3n de Latas","description":"Innosen desarrolla y fabrica sensores y sistemas para la garant\u00eda de calidad para la industria del embalaje met\u00e1lico.","robots":{"index":"index","follow":"follow","max-snippet":"max-snippet:-1","max-image-preview":"max-image-preview:large","max-video-preview":"max-video-preview:-1"},"canonical":"https:\/\/www.innosen.com\/es\/template\/","schema":{"@context":"https:\/\/schema.org","@graph":[{"@type":"WebPage","@id":"\/es\/template\/","url":"https:\/\/www.innosen.com\/es\/template\/","name":"Innosen | Sensores Innovadores para la Fabricaci\u00f3n de Latas","isPartOf":{"@id":"https:\/\/www.innosen.com\/#website"},"datePublished":"2018-05-15T06:46:03+00:00","dateModified":"2018-05-15T07:03:49+00:00","description":"Innosen desarrolla y fabrica sensores y sistemas para la garant\u00eda de calidad para la industria del embalaje met\u00e1lico.","breadcrumb":{"@id":"https:\/\/www.innosen.com\/es\/template\/#breadcrumb"},"inLanguage":"es-ES","potentialAction":[{"@type":"ReadAction","target":["https:\/\/www.innosen.com\/es\/template\/"]}]},{"@type":"BreadcrumbList","@id":"https:\/\/www.innosen.com\/es\/template\/#breadcrumb","itemListElement":[{"@type":"ListItem","position":1,"name":"Home","item":"https:\/\/www.innosen.com\/es\/"},{"@type":"ListItem","position":2,"name":"Template"}]},{"@type":"WebSite","@id":"https:\/\/www.innosen.com\/#website","url":"https:\/\/www.innosen.com\/","name":"Innosen","description":"Innovative Sensors for Canmaking","publisher":{"@id":"https:\/\/www.innosen.com\/#organization"},"potentialAction":[{"@type":"SearchAction","target":{"@type":"EntryPoint","urlTemplate":"https:\/\/www.innosen.com\/?s={search_term_string}"},"query-input":{"@type":"PropertyValueSpecification","valueRequired":true,"valueName":"search_term_string"}}],"inLanguage":"es-ES"},{"@type":"Organization","@id":"https:\/\/www.innosen.com\/#organization","name":"Innosen","url":"https:\/\/www.innosen.com\/","logo":{"@type":"ImageObject","inLanguage":"es-ES","@id":"https:\/\/www.innosen.com\/#\/schema\/logo\/image\/","url":"","contentUrl":"","caption":"Innosen"},"image":{"@id":"https:\/\/www.innosen.com\/#\/schema\/logo\/image\/"},"sameAs":["https:\/\/www.linkedin.com\/company\/innosen\/","https:\/\/www.youtube.com\/channel\/UClrXAfXhkiKqnqqtU4Sn2Lg?view_as=subscriber"]}]}},"_links":{"self":[{"href":"https:\/\/www.innosen.com\/es\/wp-json\/wp\/v2\/pages\/18268","targetHints":{"allow":["GET"]}}],"collection":[{"href":"https:\/\/www.innosen.com\/es\/wp-json\/wp\/v2\/pages"}],"about":[{"href":"https:\/\/www.innosen.com\/es\/wp-json\/wp\/v2\/types\/page"}],"author":[{"embeddable":true,"href":"https:\/\/www.innosen.com\/es\/wp-json\/wp\/v2\/users\/1"}],"replies":[{"embeddable":true,"href":"https:\/\/www.innosen.com\/es\/wp-json\/wp\/v2\/comments?post=18268"}],"version-history":[{"count":0,"href":"https:\/\/www.innosen.com\/es\/wp-json\/wp\/v2\/pages\/18268\/revisions"}],"wp:attachment":[{"href":"https:\/\/www.innosen.com\/es\/wp-json\/wp\/v2\/media?parent=18268"}],"curies":[{"name":"wp","href":"https:\/\/api.w.org\/{rel}","templated":true}]}}