{"id":15760,"date":"2018-01-12T16:05:18","date_gmt":"2018-01-12T08:05:18","guid":{"rendered":"https:\/\/www.innosen.com\/?page_id=15760"},"modified":"2025-05-29T13:25:46","modified_gmt":"2025-05-29T05:25:46","slug":"about-us","status":"publish","type":"page","link":"https:\/\/www.innosen.com\/es\/about-us\/","title":{"rendered":"ACERCA DE LA EMPRESA"},"content":{"rendered":"<p>[et_pb_section fb_built=&#8221;1&#8243; inner_shadow=&#8221;on&#8221; admin_label=&#8221;section&#8221; module_id=&#8221;Sobre la empresa&#8221; _builder_version=&#8221;4.27.4&#8243; background_color=&#8221;#ffffff&#8221; use_background_color_gradient=&#8221;on&#8221; background_color_gradient_stops=&#8221;#ffffff 0%|#ffffff 100%&#8221; background_color_gradient_start=&#8221;#ffffff&#8221; background_color_gradient_end=&#8221;#ffffff&#8221; background_image=&#8221;https:\/\/www.innosen.com\/wp-content\/uploads\/2018\/02\/About-Us-Background-1080x720p.jpg&#8221; min_height=&#8221;689.7px&#8221; custom_margin=&#8221;||-8px|||&#8221; custom_padding=&#8221;29px|0px|10mm|0px&#8221; global_colors_info=&#8221;{}&#8221;][et_pb_row _builder_version=&#8221;4.21.0&#8243; _module_preset=&#8221;default&#8221; global_colors_info=&#8221;{}&#8221;][et_pb_column type=&#8221;4_4&#8243; _builder_version=&#8221;4.21.0&#8243; _module_preset=&#8221;default&#8221; global_colors_info=&#8221;{}&#8221;][lwp_divi_breadcrumbs font_icon=&#8221;$||divi||400&#8243; _builder_version=&#8221;4.21.0&#8243; _module_preset=&#8221;default&#8221; module_text_color=&#8221;#000000&#8243; global_colors_info=&#8221;{}&#8221;][\/lwp_divi_breadcrumbs][\/et_pb_column][\/et_pb_row][et_pb_row column_structure=&#8221;1_2,1_2&#8243; _builder_version=&#8221;4.27.4&#8243; background_size=&#8221;initial&#8221; background_position=&#8221;top_left&#8221; background_repeat=&#8221;repeat&#8221; global_colors_info=&#8221;{}&#8221;][et_pb_column type=&#8221;1_2&#8243; _builder_version=&#8221;4.16&#8243; custom_padding=&#8221;|||&#8221; global_colors_info=&#8221;{}&#8221; custom_padding__hover=&#8221;|||&#8221;][et_pb_text admin_label=&#8221;Who we are&#8221; _builder_version=&#8221;4.27.4&#8243; text_font=&#8221;Roboto|700|||||||&#8221; text_text_color=&#8221;#6d6d6d&#8221; text_font_size=&#8221;30px&#8221; text_line_height=&#8221;1em&#8221; header_font=&#8221;Roboto|700|||||||&#8221; header_text_color=&#8221;#424242&#8243; header_font_size=&#8221;50&#8243; global_colors_info=&#8221;{}&#8221;]<\/p>\n<h1 style=\"text-align: left;\">ACERCA DE LA EMPRESA<\/h1>\n<p>[\/et_pb_text][et_pb_text _builder_version=&#8221;4.27.4&#8243; text_font=&#8221;&#8211;et_global_body_font||||||||&#8221; text_line_height=&#8221;2.1em&#8221; hover_enabled=&#8221;0&#8243; global_colors_info=&#8221;{}&#8221; sticky_enabled=&#8221;0&#8243;]<\/p>\n<p style=\"text-align: left;\"><strong>INNOSEN <\/strong>es una empresa con grandes aspiraciones.<\/p>\n<p style=\"text-align: left;\">Con m\u00e1s de 20 a\u00f1os de experiencia en la industria de fabricaci\u00f3n de latas, aspiramos a convertirnos en la empresa m\u00e1s admirada especializada en la garant\u00eda de calidad y en sensores para el embalaje met\u00e1lico.<\/p>\n<p style=\"text-align: left;\"><strong>Queremos alcanzarlo manteni\u00e9ndonos fieles a lo que consideramos que es importante:<\/strong><\/p>\n<ul>\n<li style=\"text-align: left;\">Velar por los intereses de nuestros empleados, clientes, proveedores y accionistas<\/li>\n<li style=\"text-align: left;\">Dirigir nuestro negocio con honestidad, integridad y transparencia<\/li>\n<li style=\"text-align: left;\">Mostrar tolerancia cero ante la corrupci\u00f3n<\/li>\n<li style=\"text-align: left;\">Preocuparnos por el medioambiente<\/li>\n<li style=\"text-align: left;\">Producir productos con la mejor calidad y m\u00e1xima innovaci\u00f3n<\/li>\n<li style=\"text-align: left;\">Aceptar los retos y dirigir nuestro equipo hacia la b\u00fasqueda de las soluciones m\u00e1s innovadoras para las necesidades de nuestros clientes<\/li>\n<li style=\"text-align: left;\">Brindar un servicio de calidad que supere las expectativas de nuestros clientes<\/li>\n<\/ul>\n<p style=\"text-align: left;\">Nuestras oficinas se encuentran en varias localizaciones alrededor del mundo. Colaboramos con nuestros socios, comerciales y distribuidores para permanecer cercanos a nuestros clientes.<\/p>\n<p style=\"text-align: left;\">Hacemos esto porque valoramos lo que nuestros clientes valoran.<\/p>\n<p style=\"text-align: left;\"><strong>Hacemos esto porque valoramos lo que nuestros clientes valoran.<\/strong><\/p>\n<p>[\/et_pb_text][\/et_pb_column][et_pb_column type=&#8221;1_2&#8243; _builder_version=&#8221;4.16&#8243; custom_padding=&#8221;|||&#8221; global_colors_info=&#8221;{}&#8221; custom_padding__hover=&#8221;|||&#8221;][et_pb_text admin_label=&#8221;Our Team&#8221; _builder_version=&#8221;4.27.4&#8243; text_font=&#8221;Roboto|700|||||||&#8221; text_text_color=&#8221;#6d6d6d&#8221; text_font_size=&#8221;30px&#8221; text_line_height=&#8221;1em&#8221; header_font=&#8221;Roboto|700|||||||&#8221; header_text_color=&#8221;#424242&#8243; header_font_size=&#8221;50&#8243; global_colors_info=&#8221;{}&#8221;]<\/p>\n<h1 style=\"text-align: left;\">NUESTRO EQUIPO<\/h1>\n<p>[\/et_pb_text][et_pb_gallery gallery_ids=&#8221;35353,35374,33857&#8243; fullwidth=&#8221;on&#8221; _builder_version=&#8221;4.27.4&#8243; _module_preset=&#8221;default&#8221; border_radii=&#8221;on|10px|10px|10px|10px&#8221; global_colors_info=&#8221;{}&#8221;][\/et_pb_gallery][\/et_pb_column][\/et_pb_row][\/et_pb_section][et_pb_section fb_built=&#8221;1&#8243; custom_padding_last_edited=&#8221;on|desktop&#8221; parallax_method_1=&#8221;off&#8221; parallax_method_2=&#8221;off&#8221; parallax_method_3=&#8221;off&#8221; disabled_on=&#8221;off|off|off&#8221; admin_label=&#8221;ENGLISH FOOTER&#8221; _builder_version=&#8221;4.27.0&#8243; background_color=&#8221;#ff6600&#8243; min_height=&#8221;417.9px&#8221; custom_margin=&#8221;0px||0px||true|false&#8221; custom_padding=&#8221;||||false|false&#8221; custom_padding_tablet=&#8221;50px|0|50px|0&#8243; custom_padding_phone=&#8221;&#8221; z_index_tablet=&#8221;500&#8243; global_module=&#8221;19914&#8243; saved_tabs=&#8221;all&#8221; collapsed=&#8221;off&#8221; global_colors_info=&#8221;{}&#8221;][et_pb_row _builder_version=&#8221;4.16&#8243; custom_margin=&#8221;||0mm|&#8221; custom_padding=&#8221;30px||0mm||false|false&#8221; global_colors_info=&#8221;{}&#8221;][et_pb_column type=&#8221;4_4&#8243; _builder_version=&#8221;4.16&#8243; custom_padding=&#8221;|||&#8221; global_colors_info=&#8221;{}&#8221; custom_padding__hover=&#8221;|||&#8221;][et_pb_text admin_label=&#8221;Office&#8221; _builder_version=&#8221;4.16&#8243; header_font=&#8221;|700|||||||&#8221; header_text_color=&#8221;#ffffff&#8221; header_2_font=&#8221;|700|||||||&#8221; header_2_font_size=&#8221;25px&#8221; custom_margin=&#8221;5mm|||&#8221; custom_padding=&#8221;||0mm|&#8221; global_colors_info=&#8221;{}&#8221;]<\/p>\n<h2><span style=\"color: #ffffff;\">OFICINAS<\/span><\/h2>\n<p>[\/et_pb_text][\/et_pb_column][\/et_pb_row][et_pb_row column_structure=&#8221;1_4,1_4,1_4,1_4&#8243; use_custom_gutter=&#8221;on&#8221; gutter_width=&#8221;1&#8243; column_padding_mobile=&#8221;on&#8221; _builder_version=&#8221;4.16&#8243; background_size=&#8221;initial&#8221; background_position=&#8221;top_left&#8221; background_repeat=&#8221;repeat&#8221; custom_margin=&#8221;0px||0px|&#8221; custom_padding=&#8221;0px||0px|&#8221; global_colors_info=&#8221;{}&#8221;][et_pb_column type=&#8221;1_4&#8243; _builder_version=&#8221;4.16&#8243; custom_padding=&#8221;|||&#8221; global_colors_info=&#8221;{}&#8221; custom_padding__hover=&#8221;|||&#8221;][et_pb_text admin_label=&#8221;Spain&#8221; _builder_version=&#8221;4.21.0&#8243; text_font=&#8221;|300|||||||&#8221; text_text_color=&#8221;#ffffff&#8221; text_font_size=&#8221;13&#8243; background_size=&#8221;initial&#8221; background_position=&#8221;top_left&#8221; background_repeat=&#8221;repeat&#8221; custom_padding=&#8221;||10px|&#8221; use_border_color=&#8221;off&#8221; global_colors_info=&#8221;{}&#8221;]<\/p>\n<p><strong>Espa\u00f1a<\/strong><br \/><span class=\"fontstyle0\">Rom\u00e0 Piera i Arcal, 8<br \/>08330 Premi\u00e0 de Mar (Barcelona)<br \/>Espa\u00f1a<br \/>Tel:<br \/>+34 937 549 526<\/span><br \/>Email: info@innosen.com<\/p>\n<p>[\/et_pb_text][\/et_pb_column][et_pb_column type=&#8221;1_4&#8243; _builder_version=&#8221;4.16&#8243; custom_padding=&#8221;|||&#8221; global_colors_info=&#8221;{}&#8221; custom_padding__hover=&#8221;|||&#8221;][et_pb_text admin_label=&#8221;Hongkong&#8221; _builder_version=&#8221;4.16&#8243; text_font=&#8221;|300|||||||&#8221; text_text_color=&#8221;#ffffff&#8221; text_font_size=&#8221;13&#8243; background_size=&#8221;initial&#8221; background_position=&#8221;top_left&#8221; background_repeat=&#8221;repeat&#8221; custom_padding=&#8221;||10px|&#8221; use_border_color=&#8221;off&#8221; global_colors_info=&#8221;{}&#8221;]<\/p>\n<p><strong>Hong Kong<\/strong><br \/>11th Floor Dah Sing Life Building<br \/>99 Des Voeux Road Central<br \/>Hong Kong<br \/>Tel: +852 2127 0699<\/p>\n<p>[\/et_pb_text][\/et_pb_column][et_pb_column type=&#8221;1_4&#8243; _builder_version=&#8221;4.16&#8243; custom_padding=&#8221;|||&#8221; global_colors_info=&#8221;{}&#8221; custom_padding__hover=&#8221;|||&#8221;][et_pb_text admin_label=&#8221;Philippines&#8221; _builder_version=&#8221;4.16&#8243; text_font=&#8221;|300|||||||&#8221; text_text_color=&#8221;#ffffff&#8221; text_font_size=&#8221;13&#8243; background_size=&#8221;initial&#8221; background_position=&#8221;top_left&#8221; background_repeat=&#8221;repeat&#8221; custom_padding=&#8221;||10px|&#8221; use_border_color=&#8221;off&#8221; global_colors_info=&#8221;{}&#8221;]<\/p>\n<p><strong>Filipinas<\/strong><br \/>808 Citystate Centre Building<br \/>709 Shaw Boulevard<br \/>1600 Pasig City<br \/>Filipinas<br \/>Tel: +63 2 8696 6965 \/<br \/>+63 2 8696 6978<\/p>\n<p>[\/et_pb_text][\/et_pb_column][et_pb_column type=&#8221;1_4&#8243; _builder_version=&#8221;4.16&#8243; custom_padding=&#8221;|||&#8221; global_colors_info=&#8221;{}&#8221; custom_padding__hover=&#8221;|||&#8221;][et_pb_text admin_label=&#8221;USA&#8221; _builder_version=&#8221;4.16&#8243; text_font=&#8221;|300|||||||&#8221; text_text_color=&#8221;#ffffff&#8221; text_font_size=&#8221;13&#8243; background_size=&#8221;initial&#8221; background_position=&#8221;top_left&#8221; background_repeat=&#8221;repeat&#8221; custom_padding=&#8221;||10px|&#8221; use_border_color=&#8221;off&#8221; global_colors_info=&#8221;{}&#8221;]<\/p>\n<p><strong>Estados Unidos (EE. UU.)<\/strong><br \/>7691 N.Overland Trail<br \/>80524 Fort Collins<br \/>Colorado<br \/>Estados Unidos (EE. UU.)<br \/>Tel: +1 970 305 8721<\/p>\n<p>[\/et_pb_text][\/et_pb_column][\/et_pb_row][et_pb_row column_structure=&#8221;1_2,1_4,1_4&#8243; _builder_version=&#8221;4.16&#8243; custom_margin=&#8221;0mm|||&#8221; custom_padding=&#8221;27px|0px|30px|0px|false|false&#8221; global_colors_info=&#8221;{}&#8221;][et_pb_column type=&#8221;1_2&#8243; _builder_version=&#8221;4.16&#8243; custom_padding=&#8221;|||&#8221; global_colors_info=&#8221;{}&#8221; custom_padding__hover=&#8221;|||&#8221;][et_pb_text _builder_version=&#8221;4.27.0&#8243; text_font=&#8221;|300|||||||&#8221; text_font_size=&#8221;13px&#8221; background_layout=&#8221;dark&#8221; global_colors_info=&#8221;{}&#8221;]<\/p>\n<div class=\"footerMenu\"><strong><a href=\"\/\">P\u00e1gina Inicial<\/a> | <a href=\"https:\/\/www.innosen.com\/es\/contact\/\"> Contactenos<\/a> | <a href=\"https:\/\/www.innosen.com\/es\/privacy\/\"> Privacidad<\/a>| <a class=\"print-link\"><a class=\"print-link\" href=\"javascript:window.print()\">Print This Page<\/a><\/a><\/strong><\/div>\n<div>\u00a9 2024 Innosen. Todos los derechos reservados.<\/div>\n<p>&nbsp;<\/p>\n<p>[\/et_pb_text][\/et_pb_column][et_pb_column type=&#8221;1_4&#8243; _builder_version=&#8221;4.16&#8243; custom_padding=&#8221;|||&#8221; global_colors_info=&#8221;{}&#8221; custom_padding__hover=&#8221;|||&#8221;][et_pb_social_media_follow url_new_window=&#8221;off&#8221; follow_button=&#8221;on&#8221; _builder_version=&#8221;4.21.0&#8243; text_orientation=&#8221;left&#8221; background_layout=&#8221;dark&#8221; global_colors_info=&#8221;{}&#8221;][et_pb_social_media_follow_network social_network=&#8221;linkedin&#8221; url=&#8221;https:\/\/www.linkedin.com\/company\/innosen\/&#8221; _builder_version=&#8221;4.21.0&#8243; background_color=&#8221;#007bb6&#8243; global_colors_info=&#8221;{}&#8221; follow_button=&#8221;on&#8221; url_new_window=&#8221;off&#8221;]linkedin[\/et_pb_social_media_follow_network][\/et_pb_social_media_follow][\/et_pb_column][et_pb_column type=&#8221;1_4&#8243; _builder_version=&#8221;4.16&#8243; custom_padding=&#8221;|||&#8221; global_colors_info=&#8221;{}&#8221; custom_padding__hover=&#8221;|||&#8221;][\/et_pb_column][\/et_pb_row][\/et_pb_section]<\/p>\n<script>function getWR360PopupSkin(){return 'light_rounded';}<\/script>","protected":false},"excerpt":{"rendered":"<p>INNOSEN es una empresa con grandes aspiraciones. Con m\u00e1s de 20 a\u00f1os de experiencia en la industria de fabricaci\u00f3n de latas, aspiramos a convertirnos en la empresa m\u00e1s admirada especializada en la garant\u00eda de calidad y en sensores para el embalaje met\u00e1lico.<\/p>\n","protected":false},"author":1,"featured_media":0,"parent":0,"menu_order":0,"comment_status":"closed","ping_status":"closed","template":"","meta":{"_et_pb_use_builder":"on","_et_pb_old_content":"","_et_gb_content_width":"","_monsterinsights_skip_tracking":false,"_monsterinsights_sitenote_active":false,"_monsterinsights_sitenote_note":"","_monsterinsights_sitenote_category":0,"footnotes":""},"class_list":["post-15760","page","type-page","status-publish","hentry"],"yoast_head":"<!-- This site is optimized with the Yoast SEO Premium plugin v20.1 (Yoast SEO v24.9) - https:\/\/yoast.com\/wordpress\/plugins\/seo\/ -->\n<title>ACERCA DE LA EMPRESA | Innosen<\/title>\n<meta name=\"description\" content=\"ACERCA DE LA EMPRESA INNOSEN es una empresa con grandes aspiraciones. Con m\u00e1s de 20 a\u00f1os de experiencia en la industria de fabricaci\u00f3n de latas, aspiramos a convertirnos en la empresa m\u00e1s admirada especializada en la garant\u00eda de calidad y en sensores para el embalaje met\u00e1lico.\" \/>\n<meta name=\"robots\" content=\"index, follow, max-snippet:-1, max-image-preview:large, max-video-preview:-1\" \/>\n<link rel=\"canonical\" href=\"https:\/\/www.innosen.com\/es\/about-us\/\" \/>\n<script type=\"application\/ld+json\" class=\"yoast-schema-graph\">{\"@context\":\"https:\/\/schema.org\",\"@graph\":[{\"@type\":\"WebPage\",\"@id\":\"https:\/\/www.innosen.com\/es\/about-us\/\",\"url\":\"https:\/\/www.innosen.com\/es\/about-us\/\",\"name\":\"ACERCA DE LA EMPRESA | Innosen\",\"isPartOf\":{\"@id\":\"https:\/\/www.innosen.com\/#website\"},\"datePublished\":\"2018-01-12T08:05:18+00:00\",\"dateModified\":\"2025-05-29T05:25:46+00:00\",\"description\":\"ACERCA DE LA EMPRESA INNOSEN es una empresa con grandes aspiraciones. Con m\u00e1s de 20 a\u00f1os de experiencia en la industria de fabricaci\u00f3n de latas, aspiramos a convertirnos en la empresa m\u00e1s admirada especializada en la garant\u00eda de calidad y en sensores para el embalaje met\u00e1lico.\",\"breadcrumb\":{\"@id\":\"https:\/\/www.innosen.com\/es\/about-us\/#breadcrumb\"},\"inLanguage\":\"es-ES\",\"potentialAction\":[{\"@type\":\"ReadAction\",\"target\":[\"https:\/\/www.innosen.com\/es\/about-us\/\"]}]},{\"@type\":\"BreadcrumbList\",\"@id\":\"https:\/\/www.innosen.com\/es\/about-us\/#breadcrumb\",\"itemListElement\":[{\"@type\":\"ListItem\",\"position\":1,\"name\":\"Home\",\"item\":\"https:\/\/www.innosen.com\/es\/\"},{\"@type\":\"ListItem\",\"position\":2,\"name\":\"ACERCA DE LA EMPRESA\"}]},{\"@type\":\"WebSite\",\"@id\":\"https:\/\/www.innosen.com\/#website\",\"url\":\"https:\/\/www.innosen.com\/\",\"name\":\"Innosen\",\"description\":\"Innovative Sensors for Canmaking\",\"publisher\":{\"@id\":\"https:\/\/www.innosen.com\/#organization\"},\"potentialAction\":[{\"@type\":\"SearchAction\",\"target\":{\"@type\":\"EntryPoint\",\"urlTemplate\":\"https:\/\/www.innosen.com\/?s={search_term_string}\"},\"query-input\":{\"@type\":\"PropertyValueSpecification\",\"valueRequired\":true,\"valueName\":\"search_term_string\"}}],\"inLanguage\":\"es-ES\"},{\"@type\":\"Organization\",\"@id\":\"https:\/\/www.innosen.com\/#organization\",\"name\":\"Innosen\",\"url\":\"https:\/\/www.innosen.com\/\",\"logo\":{\"@type\":\"ImageObject\",\"inLanguage\":\"es-ES\",\"@id\":\"https:\/\/www.innosen.com\/#\/schema\/logo\/image\/\",\"url\":\"\",\"contentUrl\":\"\",\"caption\":\"Innosen\"},\"image\":{\"@id\":\"https:\/\/www.innosen.com\/#\/schema\/logo\/image\/\"},\"sameAs\":[\"https:\/\/www.linkedin.com\/company\/innosen\/\",\"https:\/\/www.youtube.com\/channel\/UClrXAfXhkiKqnqqtU4Sn2Lg?view_as=subscriber\"]}]}<\/script>\n<!-- \/ Yoast SEO Premium plugin. -->","yoast_head_json":{"title":"ACERCA DE LA EMPRESA | Innosen","description":"ACERCA DE LA EMPRESA INNOSEN es una empresa con grandes aspiraciones. Con m\u00e1s de 20 a\u00f1os de experiencia en la industria de fabricaci\u00f3n de latas, aspiramos a convertirnos en la empresa m\u00e1s admirada especializada en la garant\u00eda de calidad y en sensores para el embalaje met\u00e1lico.","robots":{"index":"index","follow":"follow","max-snippet":"max-snippet:-1","max-image-preview":"max-image-preview:large","max-video-preview":"max-video-preview:-1"},"canonical":"https:\/\/www.innosen.com\/es\/about-us\/","schema":{"@context":"https:\/\/schema.org","@graph":[{"@type":"WebPage","@id":"https:\/\/www.innosen.com\/es\/about-us\/","url":"https:\/\/www.innosen.com\/es\/about-us\/","name":"ACERCA DE LA EMPRESA | Innosen","isPartOf":{"@id":"https:\/\/www.innosen.com\/#website"},"datePublished":"2018-01-12T08:05:18+00:00","dateModified":"2025-05-29T05:25:46+00:00","description":"ACERCA DE LA EMPRESA INNOSEN es una empresa con grandes aspiraciones. Con m\u00e1s de 20 a\u00f1os de experiencia en la industria de fabricaci\u00f3n de latas, aspiramos a convertirnos en la empresa m\u00e1s admirada especializada en la garant\u00eda de calidad y en sensores para el embalaje met\u00e1lico.","breadcrumb":{"@id":"https:\/\/www.innosen.com\/es\/about-us\/#breadcrumb"},"inLanguage":"es-ES","potentialAction":[{"@type":"ReadAction","target":["https:\/\/www.innosen.com\/es\/about-us\/"]}]},{"@type":"BreadcrumbList","@id":"https:\/\/www.innosen.com\/es\/about-us\/#breadcrumb","itemListElement":[{"@type":"ListItem","position":1,"name":"Home","item":"https:\/\/www.innosen.com\/es\/"},{"@type":"ListItem","position":2,"name":"ACERCA DE LA EMPRESA"}]},{"@type":"WebSite","@id":"https:\/\/www.innosen.com\/#website","url":"https:\/\/www.innosen.com\/","name":"Innosen","description":"Innovative Sensors for Canmaking","publisher":{"@id":"https:\/\/www.innosen.com\/#organization"},"potentialAction":[{"@type":"SearchAction","target":{"@type":"EntryPoint","urlTemplate":"https:\/\/www.innosen.com\/?s={search_term_string}"},"query-input":{"@type":"PropertyValueSpecification","valueRequired":true,"valueName":"search_term_string"}}],"inLanguage":"es-ES"},{"@type":"Organization","@id":"https:\/\/www.innosen.com\/#organization","name":"Innosen","url":"https:\/\/www.innosen.com\/","logo":{"@type":"ImageObject","inLanguage":"es-ES","@id":"https:\/\/www.innosen.com\/#\/schema\/logo\/image\/","url":"","contentUrl":"","caption":"Innosen"},"image":{"@id":"https:\/\/www.innosen.com\/#\/schema\/logo\/image\/"},"sameAs":["https:\/\/www.linkedin.com\/company\/innosen\/","https:\/\/www.youtube.com\/channel\/UClrXAfXhkiKqnqqtU4Sn2Lg?view_as=subscriber"]}]}},"_links":{"self":[{"href":"https:\/\/www.innosen.com\/es\/wp-json\/wp\/v2\/pages\/15760","targetHints":{"allow":["GET"]}}],"collection":[{"href":"https:\/\/www.innosen.com\/es\/wp-json\/wp\/v2\/pages"}],"about":[{"href":"https:\/\/www.innosen.com\/es\/wp-json\/wp\/v2\/types\/page"}],"author":[{"embeddable":true,"href":"https:\/\/www.innosen.com\/es\/wp-json\/wp\/v2\/users\/1"}],"replies":[{"embeddable":true,"href":"https:\/\/www.innosen.com\/es\/wp-json\/wp\/v2\/comments?post=15760"}],"version-history":[{"count":14,"href":"https:\/\/www.innosen.com\/es\/wp-json\/wp\/v2\/pages\/15760\/revisions"}],"predecessor-version":[{"id":35412,"href":"https:\/\/www.innosen.com\/es\/wp-json\/wp\/v2\/pages\/15760\/revisions\/35412"}],"wp:attachment":[{"href":"https:\/\/www.innosen.com\/es\/wp-json\/wp\/v2\/media?parent=15760"}],"curies":[{"name":"wp","href":"https:\/\/api.w.org\/{rel}","templated":true}]}}