{"id":5216,"date":"2016-04-20T15:43:44","date_gmt":"2016-04-20T07:43:44","guid":{"rendered":"\/de\/drums_pails\/"},"modified":"2021-02-11T18:10:38","modified_gmt":"2021-02-11T10:10:38","slug":"drums_pails","status":"publish","type":"page","link":"https:\/\/www.innosen.com\/de\/drums_pails\/","title":{"rendered":"Produkte f\u00fcr F\u00e4sser und Eimer"},"content":{"rendered":"<p>[et_pb_section fb_built=&#8221;1&#8243; custom_padding_last_edited=&#8221;on|desktop&#8221; admin_label=&#8221;section&#8221; _builder_version=&#8221;3.22&#8243; background_color=&#8221;#ffffff&#8221; custom_padding_tablet=&#8221;50px|0|50px|0&#8243; custom_padding_phone=&#8221;&#8221; transparent_background=&#8221;off&#8221; padding_mobile=&#8221;off&#8221; make_fullwidth=&#8221;off&#8221; use_custom_width=&#8221;off&#8221; width_unit=&#8221;on&#8221;][et_pb_row _builder_version=&#8221;3.25&#8243; background_size=&#8221;initial&#8221; background_position=&#8221;top_left&#8221; background_repeat=&#8221;repeat&#8221;][et_pb_column type=&#8221;4_4&#8243; _builder_version=&#8221;3.25&#8243; custom_padding=&#8221;|||&#8221; custom_padding__hover=&#8221;|||&#8221;][et_pb_post_title meta=&#8221;off&#8221; featured_image=&#8221;off&#8221; _builder_version=&#8221;3.0.87&#8243; title_all_caps=&#8221;off&#8221; background_color=&#8221;rgba(255,255,255,0)&#8221; parallax=&#8221;on&#8221; parallax_effect=&#8221;on&#8221; module_bg_color=&#8221;rgba(255,255,255,0)&#8221; use_border_color=&#8221;off&#8221; border_color=&#8221;#ffffff&#8221; border_style=&#8221;solid&#8221;][\/et_pb_post_title][\/et_pb_column][\/et_pb_row][et_pb_row column_structure=&#8221;1_3,1_3,1_3&#8243; admin_label=&#8221;row&#8221; _builder_version=&#8221;3.25&#8243; background_size=&#8221;initial&#8221; background_position=&#8221;top_left&#8221; background_repeat=&#8221;repeat&#8221;][et_pb_column type=&#8221;1_3&#8243; _builder_version=&#8221;3.25&#8243; custom_padding=&#8221;|||&#8221; custom_padding__hover=&#8221;|||&#8221;][et_pb_blurb title=&#8221;Doppelblechdetektor&#8221; url=&#8221;\/de\/3pc\/double_sheet_detector\/&#8221; image=&#8221;\/wp-content\/uploads\/2016\/02\/images_new-site_0017_IS231_Double_Sheet_Detector.jpg&#8221; alt=&#8221;Doppelblechdetektor&#8221; image_max_width=&#8221;none&#8221; admin_label=&#8221;Double Sheet Detector&#8221; _builder_version=&#8221;3.0.87&#8243; background_size=&#8221;initial&#8221; background_position=&#8221;top_left&#8221; background_repeat=&#8221;repeat&#8221; animation=&#8221;off&#8221; use_border_color=&#8221;off&#8221; border_color=&#8221;#ffffff&#8221; border_style=&#8221;solid&#8221; saved_tabs=&#8221;all&#8221;]<\/p>\n<p>Ein v\u00f6llig selbstst\u00e4ndiger Sensor, der echten Schutz vor Doppelbleche bietet, da er sich bei Tafelwechsel automatisch selbst kalibriert und somit nach dem Einbau keine weitere Aufmerksamkeit verlangt \u2026 <a href=\"\/de\/3pc\/double_sheet_detector\/\">MEHR<\/a><\/p>\n<p>[\/et_pb_blurb][\/et_pb_column][et_pb_column type=&#8221;1_3&#8243; _builder_version=&#8221;3.25&#8243; custom_padding=&#8221;|||&#8221; custom_padding__hover=&#8221;|||&#8221;][et_pb_blurb title=&#8221;Aussparungs-\u00fcberwachungs-sensor&#8221; url=&#8221;\/de\/3pc\/plain_margin_inspector\/&#8221; image=&#8221;\/wp-content\/uploads\/2016\/02\/Innosen-IS610-Plain-Margin-Inspector.jpg&#8221; alt=&#8221;Aussparungs-\u00fcberwachungs-sensor&#8221; image_max_width=&#8221;none&#8221; admin_label=&#8221;Plain Margin Inspector&#8221; _builder_version=&#8221;3.0.87&#8243; background_size=&#8221;initial&#8221; background_position=&#8221;top_left&#8221; background_repeat=&#8221;repeat&#8221; animation=&#8221;off&#8221; use_border_color=&#8221;off&#8221; border_color=&#8221;#ffffff&#8221; border_style=&#8221;solid&#8221; saved_tabs=&#8221;all&#8221;]<\/p>\n<p>Das IS610 Aussparungs-\u00dcberwachungs-Sensor ist ein selbstkalibrierender, selbstlernender Sensor f\u00fcr Scheren, der effizient Lackverschmutzungen auf den Aussparungen der Tafeln erkennt \u2026 <a href=\"\/de\/3pc\/plain_margin_inspector\/\">MEHR<\/a><\/p>\n<p>[\/et_pb_blurb][\/et_pb_column][et_pb_column type=&#8221;1_3&#8243; _builder_version=&#8221;3.25&#8243; custom_padding=&#8221;|||&#8221; custom_padding__hover=&#8221;|||&#8221;][et_pb_blurb title=&#8221;Lackfehlerdetektor&#8221; url=&#8221;\/de\/3pc\/missing_lacquer_detector\/&#8221; image=&#8221;\/wp-content\/uploads\/2016\/02\/Innosen-IS641-IS651-Missing-Lacquer-Detector.jpg&#8221; alt=&#8221;Lackfehlerdetektor&#8221; image_max_width=&#8221;none&#8221; admin_label=&#8221;Missing Lacquer Detector&#8221; _builder_version=&#8221;3.0.87&#8243; background_size=&#8221;initial&#8221; background_position=&#8221;top_left&#8221; background_repeat=&#8221;repeat&#8221; animation=&#8221;off&#8221; use_border_color=&#8221;off&#8221; border_color=&#8221;#ffffff&#8221; border_style=&#8221;solid&#8221; saved_tabs=&#8221;all&#8221;]<\/p>\n<p>Erfasst unlackierte Tafeln und Dosen mit Liniengeschwindigkeit. Arbeitet mit allen farbigen- und Klarlacken \u2026 <a href=\"\/de\/3pc\/missing_lacquer_detector\/\">MEHR<\/a><\/p>\n<p>[\/et_pb_blurb][\/et_pb_column][\/et_pb_row][et_pb_row column_structure=&#8221;1_3,1_3,1_3&#8243; admin_label=&#8221;Row&#8221; _builder_version=&#8221;3.25&#8243; background_size=&#8221;initial&#8221; background_position=&#8221;top_left&#8221; background_repeat=&#8221;repeat&#8221;][et_pb_column type=&#8221;1_3&#8243; _builder_version=&#8221;3.25&#8243; custom_padding=&#8221;|||&#8221; custom_padding__hover=&#8221;|||&#8221;][et_pb_blurb title=&#8221;Halb-automatisches porenmessger\u00e4t ( enamel rater )&#8221; url=&#8221;\/de\/qa_systems\/semi_automatic_enamel_rater\/&#8221; image=&#8221;\/wp-content\/uploads\/2016\/02\/Innosen-SI9100-Enamel-Rater.jpg&#8221; alt=&#8221;Halb-automatisches porenmessger\u00e4t ( enamel rater )&#8221; image_max_width=&#8221;none&#8221; admin_label=&#8221;Semi-Automatic Enamel Rater&#8221; _builder_version=&#8221;3.0.87&#8243; background_size=&#8221;initial&#8221; background_position=&#8221;top_left&#8221; background_repeat=&#8221;repeat&#8221; animation=&#8221;off&#8221; use_border_color=&#8221;off&#8221; border_color=&#8221;#ffffff&#8221; border_style=&#8221;solid&#8221; saved_tabs=&#8221;all&#8221;]<\/p>\n<p>Reduzieren Sie Messfehler mit moderner Elektronik, Selbstschutz-einrichtungen, haltbarer Konstruktion und praktischem Betrieb mit Innosens neuestem halb-automatischen Porenmessger\u00e4t \u2026 <a href=\"\/qa_systems\/semi_automatic_enamel_rater\/\">MEHR<\/a><\/p>\n<p>[\/et_pb_blurb][\/et_pb_column][et_pb_column type=&#8221;1_3&#8243; _builder_version=&#8221;3.25&#8243; custom_padding=&#8221;|||&#8221; custom_padding__hover=&#8221;|||&#8221;][et_pb_blurb title=&#8221;Superstand ( mit adapter f\u00fcr kronenkorken )&#8221; url=&#8221;\/de\/qa_systems\/can_stand_for_enamel_rater\/&#8221; image=&#8221;\/wp-content\/uploads\/2021\/02\/IS9015-NA-225px.jpg&#8221; alt=&#8221;IS9015-NA-225px&#8221; image_max_width=&#8221;none&#8221; admin_label=&#8221;Can Stand&#8221; _builder_version=&#8221;4.8.2&#8243; background_size=&#8221;initial&#8221; background_position=&#8221;top_left&#8221; background_repeat=&#8221;repeat&#8221; animation=&#8221;off&#8221; hover_enabled=&#8221;0&#8243; use_border_color=&#8221;off&#8221; border_color=&#8221;#ffffff&#8221; border_style=&#8221;solid&#8221; saved_tabs=&#8221;all&#8221; sticky_enabled=&#8221;0&#8243;]<\/p>\n<p>f\u00fcr Metallverpackungsprodukte mit engen H\u00e4lsen, gro\u00dfen Bodendurchmessern oder niedrigen Profilen \u2026 <a href=\"\/de\/qa_systems\/can_stand_for_enamel_rater\/\">MEHR<\/a><\/p>\n<p>[\/et_pb_blurb][\/et_pb_column][et_pb_column type=&#8221;1_3&#8243; _builder_version=&#8221;3.25&#8243; custom_padding=&#8221;|||&#8221; custom_padding__hover=&#8221;|||&#8221;][et_pb_blurb title=&#8221;Elektrolyte management system&#8221; url=&#8221;\/de\/qa_systems\/electrolyte_management_system\/&#8221; image=&#8221;\/wp-content\/uploads\/2016\/02\/Innosen-IS9024-Electrolyte-Management-System.jpg&#8221; alt=&#8221;Elektrolyte management system&#8221; image_max_width=&#8221;none&#8221; admin_label=&#8221;Electrolyte Management System&#8221; _builder_version=&#8221;3.0.87&#8243; background_size=&#8221;initial&#8221; background_position=&#8221;top_left&#8221; background_repeat=&#8221;repeat&#8221; animation=&#8221;off&#8221; use_border_color=&#8221;off&#8221; border_color=&#8221;#ffffff&#8221; border_style=&#8221;solid&#8221; saved_tabs=&#8221;all&#8221;]<\/p>\n<p>Keine m\u00fchsame Handhabung von Elektrolyten mehr \u2026 <a href=\"\/de\/qa_systems\/electrolyte_management_system\/\">MEHR<\/a><\/p>\n<p>[\/et_pb_blurb][\/et_pb_column][\/et_pb_row][et_pb_row column_structure=&#8221;1_3,1_3,1_3&#8243; admin_label=&#8221;Row&#8221; _builder_version=&#8221;3.25&#8243; background_size=&#8221;initial&#8221; background_position=&#8221;top_left&#8221; background_repeat=&#8221;repeat&#8221;][et_pb_column type=&#8221;1_3&#8243; _builder_version=&#8221;3.25&#8243; custom_padding=&#8221;|||&#8221; custom_padding__hover=&#8221;|||&#8221;][et_pb_blurb title=&#8221;Deckelporenmessger\u00e4t&#8221; url=&#8221;\/de\/qa_systems\/end_adapter_enamel_rater\/&#8221; image=&#8221;\/wp-content\/uploads\/2016\/02\/Innosen-IS9020-End-Adapter-for-Enamel-Rater.jpg&#8221; alt=&#8221;Deckelporenmessger\u00e4t&#8221; image_max_width=&#8221;none&#8221; admin_label=&#8221;Adapter for Enamel Rating of Ends&#8221; _builder_version=&#8221;3.0.87&#8243; background_size=&#8221;initial&#8221; background_position=&#8221;top_left&#8221; background_repeat=&#8221;repeat&#8221; animation=&#8221;off&#8221; use_border_color=&#8221;off&#8221; border_color=&#8221;#ffffff&#8221; border_style=&#8221;solid&#8221; saved_tabs=&#8221;all&#8221;]<\/p>\n<p>es wird f\u00fcr Pr\u00fcfung der Lackporosit\u00e4t an einer Vielzahl von Deckeltypen und \u2013gr\u00f6\u00dfens \u2026 <a href=\"\/de\/qa_systems\/end_adapter_enamel_rater\/\">MEHR<\/a><\/p>\n<p>[\/et_pb_blurb][\/et_pb_column][et_pb_column type=&#8221;1_3&#8243; _builder_version=&#8221;3.25&#8243; custom_padding=&#8221;|||&#8221; custom_padding__hover=&#8221;|||&#8221;][et_pb_blurb title=&#8221;Zuschnittprobenadapter&#8221; url=&#8221;\/de\/qa_systems\/sheet_sample_adapter_for_enamel_rater\/&#8221; image=&#8221;\/wp-content\/uploads\/2016\/02\/Innosen-IS9020-Sheet-Adapter-for-Enamel-Rater.jpg&#8221; alt=&#8221;Zuschnittprobenadapter&#8221; image_max_width=&#8221;none&#8221; admin_label=&#8221;Adapter for enamel rating of flat sheets&#8221; _builder_version=&#8221;3.0.87&#8243; background_size=&#8221;initial&#8221; background_position=&#8221;top_left&#8221; background_repeat=&#8221;repeat&#8221; animation=&#8221;off&#8221; use_border_color=&#8221;off&#8221; border_color=&#8221;#ffffff&#8221; border_style=&#8221;solid&#8221; saved_tabs=&#8221;all&#8221;]<\/p>\n<div id=\"lipsum\">es wird f\u00fcr Pr\u00fcfung der Lackporosit\u00e4t an Tafeln, die Proben einer bekannten Gr\u00f6\u00dfe benutzen bestimmt \u2026 <a href=\"\/de\/qa_systems\/sheet_sample_adapter_for_enamel_rater\/\">MEHR<\/a><\/div>\n<p>[\/et_pb_blurb][\/et_pb_column][et_pb_column type=&#8221;1_3&#8243; _builder_version=&#8221;3.25&#8243; custom_padding=&#8221;|||&#8221; custom_padding__hover=&#8221;|||&#8221;][et_pb_blurb title=&#8221;Thermischer messwerterfasser f\u00fcr tafel\u00f6fen und nahtlacktrocknung&#8221; url=&#8221;\/de\/3pc\/oven_logger_welded_can_lines\/&#8221; image=&#8221;\/wp-content\/uploads\/2016\/02\/Innosen-SL2000-Thermal-Oven-Logger.jpg&#8221; alt=&#8221;Thermischer messwerterfasser f\u00fcr tafel\u00f6fen und nahtlacktrocknung&#8221; image_max_width=&#8221;none&#8221; admin_label=&#8221;Thermal Oven Logger&#8221; _builder_version=&#8221;3.0.87&#8243; background_size=&#8221;initial&#8221; background_position=&#8221;top_left&#8221; background_repeat=&#8221;repeat&#8221; animation=&#8221;off&#8221; use_border_color=&#8221;off&#8221; border_color=&#8221;#ffffff&#8221; border_style=&#8221;solid&#8221; saved_tabs=&#8221;all&#8221;]<\/p>\n<p>Sie sind nicht l\u00e4nger auf Vermutungen bei der Ofeneinstellung angewiesen, da Sie ein komplettes und genaues Bild des Trocknungsvorgangs erhalten \u2026 <a href=\"\/de\/3pc\/oven_logger_welded_can_lines\/\">MEHR<\/a><\/p>\n<p>[\/et_pb_blurb][\/et_pb_column][\/et_pb_row][\/et_pb_section][et_pb_section fb_built=&#8221;1&#8243; custom_padding_last_edited=&#8221;on|desktop&#8221; admin_label=&#8221;Section&#8221; _builder_version=&#8221;3.22&#8243; background_color=&#8221;#ffffff&#8221; custom_padding=&#8221;100px|||&#8221; custom_padding_tablet=&#8221;50px|0|50px|0&#8243; custom_padding_phone=&#8221;&#8221; transparent_background=&#8221;off&#8221; padding_mobile=&#8221;off&#8221; make_fullwidth=&#8221;off&#8221; use_custom_width=&#8221;off&#8221; width_unit=&#8221;on&#8221;][et_pb_row admin_label=&#8221;Row&#8221; _builder_version=&#8221;3.25&#8243; background_size=&#8221;initial&#8221; background_position=&#8221;top_left&#8221; background_repeat=&#8221;repeat&#8221;][et_pb_column type=&#8221;4_4&#8243; _builder_version=&#8221;3.25&#8243; custom_padding=&#8221;|||&#8221; custom_padding__hover=&#8221;|||&#8221;][\/et_pb_column][\/et_pb_row][\/et_pb_section][et_pb_section fb_built=&#8221;1&#8243; custom_padding_last_edited=&#8221;on|desktop&#8221; parallax_method_1=&#8221;off&#8221; parallax_method_2=&#8221;off&#8221; parallax_method_3=&#8221;off&#8221; disabled_on=&#8221;off|off|off&#8221; _builder_version=&#8221;3.22&#8243; background_color=&#8221;#ff6600&#8243; custom_padding=&#8221;0px|||&#8221; custom_padding_tablet=&#8221;50px|0|50px|0&#8243; custom_padding_phone=&#8221;&#8221;][et_pb_row _builder_version=&#8221;3.25&#8243; background_size=&#8221;initial&#8221; background_position=&#8221;top_left&#8221; background_repeat=&#8221;repeat&#8221; custom_margin=&#8221;||0mm|&#8221; custom_padding=&#8221;||0mm|&#8221;][et_pb_column type=&#8221;4_4&#8243; _builder_version=&#8221;3.25&#8243; custom_padding=&#8221;|||&#8221; custom_padding__hover=&#8221;|||&#8221;][et_pb_text admin_label=&#8221;Office&#8221; _builder_version=&#8221;3.27.4&#8243; header_font=&#8221;Roboto|700|||||||&#8221; header_text_color=&#8221;#ffffff&#8221; background_size=&#8221;initial&#8221; background_position=&#8221;top_left&#8221; background_repeat=&#8221;repeat&#8221; custom_margin=&#8221;5mm|||&#8221; custom_padding=&#8221;||0mm|&#8221;]<\/p>\n<h1>STANDORTE<\/h1>\n<p>[\/et_pb_text][\/et_pb_column][\/et_pb_row][et_pb_row column_structure=&#8221;1_4,1_4,1_4,1_4&#8243; use_custom_gutter=&#8221;on&#8221; gutter_width=&#8221;1&#8243; column_padding_mobile=&#8221;on&#8221; _builder_version=&#8221;3.25&#8243; background_size=&#8221;initial&#8221; background_position=&#8221;top_left&#8221; background_repeat=&#8221;repeat&#8221; custom_margin=&#8221;0px||0px|&#8221; custom_padding=&#8221;0px||0px|&#8221;][et_pb_column type=&#8221;1_4&#8243; _builder_version=&#8221;3.25&#8243; custom_padding=&#8221;|||&#8221; custom_padding__hover=&#8221;|||&#8221;][et_pb_text admin_label=&#8221;Spain&#8221; _builder_version=&#8221;3.27.4&#8243; text_font=&#8221;Roboto|300|||||||&#8221; text_text_color=&#8221;#ffffff&#8221; text_font_size=&#8221;13&#8243; background_size=&#8221;initial&#8221; background_position=&#8221;top_left&#8221; background_repeat=&#8221;repeat&#8221; custom_padding=&#8221;||10px|&#8221; use_border_color=&#8221;off&#8221;]<strong>Spanien<\/strong><br \/>\nRom\u00e0 Piera i Arcal, 8<br \/>\n08330 Premi\u00e0 de Mar (Barcelona)<br \/>\nSpanien<br \/>\nMehrsprachige Hauptrufnummer:<br \/>\n+34 937 549 526<br \/>\nAlternative Direktrufnummern:<br \/>\nFran\u00e7ais: +33 1 76 64 12 87<br \/>\nEnglish: +44 1905 887845<br \/>\nFax: +34 937 549 687<br \/>\n[\/et_pb_text][\/et_pb_column][et_pb_column type=&#8221;1_4&#8243; _builder_version=&#8221;3.25&#8243; custom_padding=&#8221;|||&#8221; custom_padding__hover=&#8221;|||&#8221;][et_pb_text admin_label=&#8221;Hongkong&#8221; _builder_version=&#8221;3.27.4&#8243; text_font=&#8221;Roboto|300|||||||&#8221; text_text_color=&#8221;#ffffff&#8221; text_font_size=&#8221;13&#8243; background_size=&#8221;initial&#8221; background_position=&#8221;top_left&#8221; background_repeat=&#8221;repeat&#8221; custom_padding=&#8221;||10px|&#8221; use_border_color=&#8221;off&#8221;]<strong>Hong Kong<\/strong><br \/>\n11th Floor Dah Sing Life Building<br \/>\n99 Des Voeux Road Central<br \/>\nHong Kong<br \/>\nTel: +852 2127 0699<br \/>\n[\/et_pb_text][\/et_pb_column][et_pb_column type=&#8221;1_4&#8243; _builder_version=&#8221;3.25&#8243; custom_padding=&#8221;|||&#8221; custom_padding__hover=&#8221;|||&#8221;][et_pb_text admin_label=&#8221;Philippines&#8221; _builder_version=&#8221;3.27.4&#8243; text_font=&#8221;Roboto|300|||||||&#8221; text_text_color=&#8221;#ffffff&#8221; text_font_size=&#8221;13&#8243; background_size=&#8221;initial&#8221; background_position=&#8221;top_left&#8221; background_repeat=&#8221;repeat&#8221; custom_padding=&#8221;||10px|&#8221; use_border_color=&#8221;off&#8221;]<strong>Philippinen<\/strong><br \/>\n808 Citystate Centre Building<br \/>\n709 Shaw Boulevard<br \/>\n1600 Pasig City<br \/>\nPhilippinen<br \/>\nTel: +63 2 696 6965<br \/>\nFax: +63 2 696 6159<br \/>\n[\/et_pb_text][\/et_pb_column][et_pb_column type=&#8221;1_4&#8243; _builder_version=&#8221;3.25&#8243; custom_padding=&#8221;|||&#8221; custom_padding__hover=&#8221;|||&#8221;][et_pb_text admin_label=&#8221;USA&#8221; _builder_version=&#8221;3.27.4&#8243; text_font=&#8221;Roboto|300|||||||&#8221; text_text_color=&#8221;#ffffff&#8221; text_font_size=&#8221;13&#8243; background_size=&#8221;initial&#8221; background_position=&#8221;top_left&#8221; background_repeat=&#8221;repeat&#8221; custom_padding=&#8221;||10px|&#8221; use_border_color=&#8221;off&#8221;]<strong>Vereinigte Staaten von Amerika<\/strong><br \/>\n7691 N.Overland Trail<br \/>\n80524 Fort Collins<br \/>\nColorado<br \/>\nUSA<br \/>\nTel: +1 970 237 5046<br \/>\n[\/et_pb_text][\/et_pb_column][\/et_pb_row][et_pb_row column_structure=&#8221;1_2,1_4,1_4&#8243; _builder_version=&#8221;3.25&#8243; custom_margin=&#8221;0mm|||&#8221;][et_pb_column type=&#8221;1_2&#8243; _builder_version=&#8221;3.25&#8243; custom_padding=&#8221;|||&#8221; custom_padding__hover=&#8221;|||&#8221;][et_pb_text _builder_version=&#8221;3.27.4&#8243;]<\/p>\n<div class=\"footerMenu\"><a href=\"https:\/\/www.innosen.com\/de\/\">Startseite|\u00a0 <\/a><a href=\"https:\/\/www.innosen.com\/de\/contact\/\">Kontact\u00a0 \u00a0|\u00a0\u00a0<\/a><a href=\"https:\/\/www.innosen.com\/de\/privacy\/\">Datenschutz |\u00a0\u00a0<\/a><a href=\"https:\/\/www.innosen.com\/de\/sitemap\/\">Sitemap |\u00a0\u00a0<\/a><a class=\"print-link\"><a class=\"print-link\" href=\"javascript:window.print()\">Drucken sie diese seite<\/a><\/a><\/div>\n<p>[\/et_pb_text][\/et_pb_column][et_pb_column type=&#8221;1_4&#8243; _builder_version=&#8221;3.25&#8243; custom_padding=&#8221;|||&#8221; custom_padding__hover=&#8221;|||&#8221;][et_pb_social_media_follow url_new_window=&#8221;off&#8221; follow_button=&#8221;on&#8221; _builder_version=&#8221;3.0.106&#8243; text_orientation=&#8221;left&#8221; background_layout=&#8221;dark&#8221;][et_pb_social_media_follow_network social_network=&#8221;linkedin&#8221; url=&#8221;https:\/\/www.linkedin.com\/company\/innosen\/&#8221; _builder_version=&#8221;3.0.106&#8243; background_color=&#8221;#007bb6&#8243; follow_button=&#8221;on&#8221; url_new_window=&#8221;off&#8221;]LinkedIn<br \/>\n[\/et_pb_social_media_follow_network][\/et_pb_social_media_follow][\/et_pb_column][et_pb_column type=&#8221;1_4&#8243; _builder_version=&#8221;3.25&#8243; custom_padding=&#8221;|||&#8221; custom_padding__hover=&#8221;|||&#8221;][et_pb_text admin_label=&#8221;All rights Reserved&#8221; _builder_version=&#8221;3.27.4&#8243; text_font=&#8221;Roboto|300|||||||&#8221; text_text_color=&#8221;#ffffff&#8221; text_font_size=&#8221;13&#8243; background_size=&#8221;initial&#8221; background_position=&#8221;top_left&#8221; background_repeat=&#8221;repeat&#8221; custom_padding=&#8221;||10px|&#8221; use_border_color=&#8221;off&#8221;]\u00a9 2018 Innosen. Alle Rechte vorbehalten.<br \/>\n[\/et_pb_text][\/et_pb_column][\/et_pb_row][\/et_pb_section]<\/p>\n<script>function getWR360PopupSkin(){return 'light_rounded';}<\/script>","protected":false},"excerpt":{"rendered":"<p>Ein v\u00f6llig selbstst\u00e4ndiger Sensor, der echten Schutz vor Doppelbleche bietet, da er sich bei Tafelwechsel automatisch selbst kalibriert und somit nach dem Einbau keine weitere Aufmerksamkeit verlangt \u2026 MEHR Das IS610 Aussparungs-\u00dcberwachungs-Sensor ist ein selbstkalibrierender, selbstlernender Sensor f\u00fcr Scheren, der effizient Lackverschmutzungen auf den Aussparungen der Tafeln erkennt \u2026 MEHR Erfasst unlackierte Tafeln und Dosen [&hellip;]<\/p>\n","protected":false},"author":1,"featured_media":0,"parent":0,"menu_order":0,"comment_status":"closed","ping_status":"closed","template":"","meta":{"_et_pb_use_builder":"on","_et_pb_old_content":"","_et_gb_content_width":"","_monsterinsights_skip_tracking":false,"_monsterinsights_sitenote_active":false,"_monsterinsights_sitenote_note":"","_monsterinsights_sitenote_category":0,"footnotes":""},"class_list":["post-5216","page","type-page","status-publish","hentry"],"yoast_head":"<!-- This site is optimized with the Yoast SEO Premium plugin v20.1 (Yoast SEO v24.9) - https:\/\/yoast.com\/wordpress\/plugins\/seo\/ -->\n<title>Produkte f\u00fcr F\u00e4sser und Eimer - Innosen<\/title>\n<meta name=\"description\" content=\"Produkte f\u00fcr F\u00e4sser und Eimer -\" \/>\n<meta name=\"robots\" content=\"index, follow, max-snippet:-1, max-image-preview:large, max-video-preview:-1\" \/>\n<link rel=\"canonical\" href=\"https:\/\/www.innosen.com\/de\/drums_pails\/\" \/>\n<script type=\"application\/ld+json\" class=\"yoast-schema-graph\">{\"@context\":\"https:\/\/schema.org\",\"@graph\":[{\"@type\":\"WebPage\",\"@id\":\"\/de\/drums_pails\/\",\"url\":\"https:\/\/www.innosen.com\/de\/drums_pails\/\",\"name\":\"Produkte f\u00fcr F\u00e4sser und Eimer - Innosen\",\"isPartOf\":{\"@id\":\"https:\/\/www.innosen.com\/#website\"},\"datePublished\":\"2016-04-20T07:43:44+00:00\",\"dateModified\":\"2021-02-11T10:10:38+00:00\",\"description\":\"Produkte f\u00fcr F\u00e4sser und Eimer -\",\"breadcrumb\":{\"@id\":\"https:\/\/www.innosen.com\/de\/drums_pails\/#breadcrumb\"},\"inLanguage\":\"de-DE\",\"potentialAction\":[{\"@type\":\"ReadAction\",\"target\":[\"https:\/\/www.innosen.com\/de\/drums_pails\/\"]}]},{\"@type\":\"BreadcrumbList\",\"@id\":\"https:\/\/www.innosen.com\/de\/drums_pails\/#breadcrumb\",\"itemListElement\":[{\"@type\":\"ListItem\",\"position\":1,\"name\":\"Home\",\"item\":\"https:\/\/www.innosen.com\/de\/\"},{\"@type\":\"ListItem\",\"position\":2,\"name\":\"Produkte f\u00fcr F\u00e4sser und Eimer\"}]},{\"@type\":\"WebSite\",\"@id\":\"https:\/\/www.innosen.com\/#website\",\"url\":\"https:\/\/www.innosen.com\/\",\"name\":\"Innosen\",\"description\":\"Innovative Sensors for Canmaking\",\"publisher\":{\"@id\":\"https:\/\/www.innosen.com\/#organization\"},\"potentialAction\":[{\"@type\":\"SearchAction\",\"target\":{\"@type\":\"EntryPoint\",\"urlTemplate\":\"https:\/\/www.innosen.com\/?s={search_term_string}\"},\"query-input\":{\"@type\":\"PropertyValueSpecification\",\"valueRequired\":true,\"valueName\":\"search_term_string\"}}],\"inLanguage\":\"de-DE\"},{\"@type\":\"Organization\",\"@id\":\"https:\/\/www.innosen.com\/#organization\",\"name\":\"Innosen\",\"url\":\"https:\/\/www.innosen.com\/\",\"logo\":{\"@type\":\"ImageObject\",\"inLanguage\":\"de-DE\",\"@id\":\"https:\/\/www.innosen.com\/#\/schema\/logo\/image\/\",\"url\":\"\",\"contentUrl\":\"\",\"caption\":\"Innosen\"},\"image\":{\"@id\":\"https:\/\/www.innosen.com\/#\/schema\/logo\/image\/\"},\"sameAs\":[\"https:\/\/www.linkedin.com\/company\/innosen\/\",\"https:\/\/www.youtube.com\/channel\/UClrXAfXhkiKqnqqtU4Sn2Lg?view_as=subscriber\"]}]}<\/script>\n<!-- \/ Yoast SEO Premium plugin. -->","yoast_head_json":{"title":"Produkte f\u00fcr F\u00e4sser und Eimer - Innosen","description":"Produkte f\u00fcr F\u00e4sser und Eimer -","robots":{"index":"index","follow":"follow","max-snippet":"max-snippet:-1","max-image-preview":"max-image-preview:large","max-video-preview":"max-video-preview:-1"},"canonical":"https:\/\/www.innosen.com\/de\/drums_pails\/","schema":{"@context":"https:\/\/schema.org","@graph":[{"@type":"WebPage","@id":"\/de\/drums_pails\/","url":"https:\/\/www.innosen.com\/de\/drums_pails\/","name":"Produkte f\u00fcr F\u00e4sser und Eimer - Innosen","isPartOf":{"@id":"https:\/\/www.innosen.com\/#website"},"datePublished":"2016-04-20T07:43:44+00:00","dateModified":"2021-02-11T10:10:38+00:00","description":"Produkte f\u00fcr F\u00e4sser und Eimer -","breadcrumb":{"@id":"https:\/\/www.innosen.com\/de\/drums_pails\/#breadcrumb"},"inLanguage":"de-DE","potentialAction":[{"@type":"ReadAction","target":["https:\/\/www.innosen.com\/de\/drums_pails\/"]}]},{"@type":"BreadcrumbList","@id":"https:\/\/www.innosen.com\/de\/drums_pails\/#breadcrumb","itemListElement":[{"@type":"ListItem","position":1,"name":"Home","item":"https:\/\/www.innosen.com\/de\/"},{"@type":"ListItem","position":2,"name":"Produkte f\u00fcr F\u00e4sser und Eimer"}]},{"@type":"WebSite","@id":"https:\/\/www.innosen.com\/#website","url":"https:\/\/www.innosen.com\/","name":"Innosen","description":"Innovative Sensors for Canmaking","publisher":{"@id":"https:\/\/www.innosen.com\/#organization"},"potentialAction":[{"@type":"SearchAction","target":{"@type":"EntryPoint","urlTemplate":"https:\/\/www.innosen.com\/?s={search_term_string}"},"query-input":{"@type":"PropertyValueSpecification","valueRequired":true,"valueName":"search_term_string"}}],"inLanguage":"de-DE"},{"@type":"Organization","@id":"https:\/\/www.innosen.com\/#organization","name":"Innosen","url":"https:\/\/www.innosen.com\/","logo":{"@type":"ImageObject","inLanguage":"de-DE","@id":"https:\/\/www.innosen.com\/#\/schema\/logo\/image\/","url":"","contentUrl":"","caption":"Innosen"},"image":{"@id":"https:\/\/www.innosen.com\/#\/schema\/logo\/image\/"},"sameAs":["https:\/\/www.linkedin.com\/company\/innosen\/","https:\/\/www.youtube.com\/channel\/UClrXAfXhkiKqnqqtU4Sn2Lg?view_as=subscriber"]}]}},"_links":{"self":[{"href":"https:\/\/www.innosen.com\/de\/wp-json\/wp\/v2\/pages\/5216","targetHints":{"allow":["GET"]}}],"collection":[{"href":"https:\/\/www.innosen.com\/de\/wp-json\/wp\/v2\/pages"}],"about":[{"href":"https:\/\/www.innosen.com\/de\/wp-json\/wp\/v2\/types\/page"}],"author":[{"embeddable":true,"href":"https:\/\/www.innosen.com\/de\/wp-json\/wp\/v2\/users\/1"}],"replies":[{"embeddable":true,"href":"https:\/\/www.innosen.com\/de\/wp-json\/wp\/v2\/comments?post=5216"}],"version-history":[{"count":0,"href":"https:\/\/www.innosen.com\/de\/wp-json\/wp\/v2\/pages\/5216\/revisions"}],"wp:attachment":[{"href":"https:\/\/www.innosen.com\/de\/wp-json\/wp\/v2\/media?parent=5216"}],"curies":[{"name":"wp","href":"https:\/\/api.w.org\/{rel}","templated":true}]}}