{"id":1523,"date":"2016-03-17T11:09:20","date_gmt":"2016-03-17T11:09:20","guid":{"rendered":"\/de\/can_filling_sensors"},"modified":"2018-05-08T16:56:35","modified_gmt":"2018-05-08T08:56:35","slug":"can_filling_sensors","status":"publish","type":"page","link":"https:\/\/www.innosen.com\/de\/controls\/can_filling_sensors\/","title":{"rendered":"Sensoren f\u00fcr Dosenabf\u00fcllung"},"content":{"rendered":"<p>[et_pb_section bb_built=&#8221;1&#8243; admin_label=&#8221;section&#8221; next_background_color=&#8221;#e2e2e2&#8243;][et_pb_row admin_label=&#8221;Row&#8221; background_position=&#8221;top_left&#8221; background_repeat=&#8221;repeat&#8221; background_size=&#8221;initial&#8221;][et_pb_column type=&#8221;1_2&#8243;][et_pb_text admin_label=&#8221;Can Filling Line Sensors 11PH-330,340,341-XX series&#8221; background_layout=&#8221;light&#8221; text_orientation=&#8221;left&#8221; text_font=&#8221;Roboto|on||on|&#8221; use_border_color=&#8221;off&#8221; border_color=&#8221;#ffffff&#8221; border_style=&#8221;solid&#8221; text_font_size=&#8221;16&#8243; background_position=&#8221;top_left&#8221; background_repeat=&#8221;repeat&#8221; background_size=&#8221;initial&#8221;]<\/p>\n<h1>Sensoren f\u00fcr Dosenabf\u00fcllung<\/h1>\n<p>11PH-330,340,341-XX series<\/p>\n<p>[\/et_pb_text][et_pb_text admin_label=&#8221; stainless steel sensors designed specially for the needs of the can filling industry&#8221; background_layout=&#8221;light&#8221; text_orientation=&#8221;left&#8221; text_font=&#8221;Open Sans|on||on|&#8221; use_border_color=&#8221;off&#8221; border_color=&#8221;#ffffff&#8221; border_style=&#8221;solid&#8221; text_font_size=&#8221;18&#8243; text_line_height=&#8221;1.2&#8243; custom_margin=&#8221;|||25px&#8221; background_position=&#8221;top_left&#8221; background_repeat=&#8221;repeat&#8221; background_size=&#8221;initial&#8221;]<\/p>\n<p>Sensoren des edelstahls bestimmt besonders f\u00fcr die bed\u00fcrfnisse nach der dosenf\u00fcllungsindustrie<\/p>\n<p>[\/et_pb_text][et_pb_button admin_label=&#8221;Tell Me More&#8221; url_new_window=&#8221;on&#8221; button_text=&#8221;ERKL\u00c4REN SIE MIR MEHR&#8221; button_alignment=&#8221;left&#8221; background_layout=&#8221;light&#8221; custom_button=&#8221;on&#8221; button_text_color=&#8221;#ffffff&#8221; button_bg_color=&#8221;#dd3333&#8243; button_letter_spacing=&#8221;0&#8243; button_use_icon=&#8221;on&#8221; button_icon=&#8221;%%20%%&#8221; button_icon_placement=&#8221;right&#8221; button_on_hover=&#8221;on&#8221; button_letter_spacing_hover=&#8221;0&#8243; button_font=&#8221;Lato|||on|&#8221; button_url=&#8221;\/de\/contact&#8221; button_border_width=&#8221;0&#8243; button_border_radius=&#8221;5&#8243; button_text_size=&#8221;12&#8243; \/][et_pb_text admin_label=&#8221;Unique features allowing a &#8216;fit and forget&#8217; approach&#8221; background_layout=&#8221;light&#8221; text_orientation=&#8221;left&#8221; text_font=&#8221;Open Sans||||&#8221; use_border_color=&#8221;off&#8221; border_color=&#8221;#ffffff&#8221; border_style=&#8221;solid&#8221; custom_margin=&#8221;|||25px&#8221; text_text_color=&#8221;#1e73be&#8221; background_position=&#8221;top_left&#8221; background_repeat=&#8221;repeat&#8221; background_size=&#8221;initial&#8221;]<\/p>\n<p>Einzigartige Eigenschaften &#8211; &#8216; installieren und vergessen &#8216;<\/p>\n<p>[\/et_pb_text][et_pb_text admin_label=&#8221;It takes a special sensor to meet the stringent requirements of a food or beverage can filling line. The sensor must be completely sanitary, must withstand scorching steam and high pressure chemical washdowns. And it must be extremely reliable and stable, regardless of environment or treatment. Sencon&#8217;s sensors for can filling lines are specially designed to meet all these criteria.&#8221; background_layout=&#8221;light&#8221; text_orientation=&#8221;left&#8221; use_border_color=&#8221;off&#8221; border_color=&#8221;#ffffff&#8221; border_style=&#8221;solid&#8221; text_font=&#8221;Open Sans||||&#8221; custom_padding=&#8221;|25px||25px&#8221; text_font_size=&#8221;13&#8243; text_text_color=&#8221;#000000&#8243; background_position=&#8221;top_left&#8221; background_repeat=&#8221;repeat&#8221; background_size=&#8221;initial&#8221;]<\/p>\n<p>Es nimmt einen speziellen Sensor, um den zwingenden Anforderungen einer Nahrung oder Getr\u00e4nk- Dosenabf\u00fcllungslinie zu entsprechen. Der Sensor mu\u00df vollkommen hygienisch sein, mu\u00df sengendem Dampf und Hochdruck-Chemikalie waschung widerstehen. Und das mu\u00df \u00e4u\u00dferst zuverl\u00e4ssig und, unabh\u00e4ngig von Umwelt oder Behandlung stabil sein. Sensoren von Sencon werden besonders daf\u00fcr bestimmt, alle diese Kriterien zu treffen.<\/p>\n<p>[\/et_pb_text][et_pb_text admin_label=&#8221;Giving long, trouble-free service&#8221; background_layout=&#8221;light&#8221; text_orientation=&#8221;left&#8221; text_font=&#8221;Open Sans||||&#8221; use_border_color=&#8221;off&#8221; border_color=&#8221;#ffffff&#8221; border_style=&#8221;solid&#8221; custom_margin=&#8221;|||25px&#8221; text_text_color=&#8221;#1e73be&#8221; background_position=&#8221;top_left&#8221; background_repeat=&#8221;repeat&#8221; background_size=&#8221;initial&#8221;]<\/p>\n<p>Andauernd und st\u00f6rungsfrei<\/p>\n<p>[\/et_pb_text][\/et_pb_column][et_pb_column type=&#8221;1_2&#8243;][et_pb_image admin_label=&#8221;Official Sencon Product&#8221; src=&#8221;\/wp-content\/uploads\/2016\/03\/sencon-badge.jpg&#8221; alt=&#8221;Official Sencon Product&#8221; show_in_lightbox=&#8221;off&#8221; url_new_window=&#8221;off&#8221; use_overlay=&#8221;off&#8221; animation=&#8221;off&#8221; sticky=&#8221;on&#8221; align=&#8221;center&#8221; force_fullwidth=&#8221;off&#8221; always_center_on_mobile=&#8221;on&#8221; use_border_color=&#8221;off&#8221; border_color=&#8221;#ffffff&#8221; border_style=&#8221;solid&#8221; custom_css_main_element=&#8221;width: 150px;&#8221; animation_style=&#8221;none&#8221; animation_duration=&#8221;1000ms&#8221; animation_intensity_slide=&#8221;50%&#8221; show_bottom_space=&#8221;off&#8221; \/][et_pb_image admin_label=&#8221;filler_line_sensor&#8221; src=&#8221;\/wp-content\/uploads\/2016\/03\/filler_line_sensor-1.jpg&#8221; show_in_lightbox=&#8221;off&#8221; url_new_window=&#8221;off&#8221; use_overlay=&#8221;off&#8221; animation=&#8221;off&#8221; sticky=&#8221;off&#8221; align=&#8221;left&#8221; force_fullwidth=&#8221;on&#8221; always_center_on_mobile=&#8221;on&#8221; use_border_color=&#8221;off&#8221; border_color=&#8221;#ffffff&#8221; border_style=&#8221;solid&#8221; alt=&#8221;Sensoren f\u00fcr Dosenabf\u00fcllung&#8221; custom_margin=&#8221;|100px||100px&#8221; animation_style=&#8221;none&#8221; animation_duration=&#8221;1000ms&#8221; animation_intensity_slide=&#8221;50%&#8221; show_bottom_space=&#8221;on&#8221; \/][\/et_pb_column][\/et_pb_row][\/et_pb_section][et_pb_section bb_built=&#8221;1&#8243; admin_label=&#8221;Section&#8221; fullwidth=&#8221;off&#8221; specialty=&#8221;off&#8221; transparent_background=&#8221;off&#8221; background_color=&#8221;#e2e2e2&#8243; allow_player_pause=&#8221;off&#8221; inner_shadow=&#8221;off&#8221; parallax=&#8221;off&#8221; parallax_method=&#8221;off&#8221; padding_mobile=&#8221;off&#8221; make_fullwidth=&#8221;off&#8221; use_custom_width=&#8221;off&#8221; width_unit=&#8221;on&#8221; make_equal=&#8221;off&#8221; use_custom_gutter=&#8221;off&#8221; custom_padding_tablet=&#8221;50px|0|50px|0&#8243; custom_padding_last_edited=&#8221;on|desktop&#8221; prev_background_color=&#8221;#ffffff&#8221; next_background_color=&#8221;#ffffff&#8221;][et_pb_row admin_label=&#8221;Row&#8221; background_position=&#8221;top_left&#8221; background_repeat=&#8221;repeat&#8221; background_size=&#8221;initial&#8221;][et_pb_column type=&#8221;4_4&#8243;][et_pb_text admin_label=&#8221;Benefits&#8221; background_layout=&#8221;light&#8221; text_orientation=&#8221;left&#8221; use_border_color=&#8221;off&#8221; border_color=&#8221;#ffffff&#8221; border_style=&#8221;solid&#8221; text_font=&#8221;Open Sans|on||on|&#8221; text_font_size=&#8221;18&#8243; text_text_color=&#8221;#ff6600&#8243; text_line_height=&#8221;1.3&#8243; background_position=&#8221;top_left&#8221; background_repeat=&#8221;repeat&#8221; background_size=&#8221;initial&#8221;]<\/p>\n<h4>Vorteile<\/h4>\n<p>[\/et_pb_text][et_pb_text admin_label=&#8221; Rugged and dependable Hygienically efficient Quick and easy to install Unparalleled accuracy Zero-drift stability with zero maintenance Maximum performance on aluminium or steel Static-safe, uninterrupted processing&#8221; background_layout=&#8221;light&#8221; text_orientation=&#8221;left&#8221; use_border_color=&#8221;off&#8221; border_color=&#8221;#ffffff&#8221; border_style=&#8221;solid&#8221; module_class=&#8221;list&#8221; custom_margin=&#8221;|||50px&#8221; text_font=&#8221;Open Sans|on|||&#8221; text_line_height=&#8221;1.2&#8243; disabled=&#8221;off&#8221; disabled_on=&#8221;off|off|&#8221; background_position=&#8221;top_left&#8221; background_repeat=&#8221;repeat&#8221; background_size=&#8221;initial&#8221;]<\/p>\n<ul class=\"list\">\n<li>Robust und zuverl\u00e4ssig<\/li>\n<li>Hygienisch<\/li>\n<li>Schnell und einfach zu installieren<\/li>\n<li>Un\u00fcbertroffene Genauigkeit<\/li>\n<li>Keine Nullpunktverschiebung, keine Wartung<\/li>\n<li>Maximale Leistung auf Aluminium oder Stahl<\/li>\n<li>Elektrostatischfrei, ununterbrochene Verarbeitung<\/li>\n<\/ul>\n<p>[\/et_pb_text][\/et_pb_column][\/et_pb_row][\/et_pb_section][et_pb_section bb_built=&#8221;1&#8243; admin_label=&#8221;Section&#8221; fullwidth=&#8221;off&#8221; specialty=&#8221;off&#8221; transparent_background=&#8221;off&#8221; allow_player_pause=&#8221;off&#8221; inner_shadow=&#8221;off&#8221; parallax=&#8221;off&#8221; parallax_method=&#8221;off&#8221; padding_mobile=&#8221;off&#8221; make_fullwidth=&#8221;off&#8221; use_custom_width=&#8221;off&#8221; width_unit=&#8221;on&#8221; make_equal=&#8221;off&#8221; use_custom_gutter=&#8221;off&#8221; background_color=&#8221;#ffffff&#8221; custom_padding_tablet=&#8221;50px|0|50px|0&#8243; custom_padding_last_edited=&#8221;on|desktop&#8221; prev_background_color=&#8221;#e2e2e2&#8243; next_background_color=&#8221;#ff6600&#8243;][et_pb_row admin_label=&#8221;Row&#8221; make_fullwidth=&#8221;off&#8221; use_custom_width=&#8221;off&#8221; width_unit=&#8221;on&#8221; use_custom_gutter=&#8221;off&#8221; custom_padding=&#8221;50px|||&#8221; padding_mobile=&#8221;off&#8221; allow_player_pause=&#8221;off&#8221; parallax=&#8221;off&#8221; parallax_method=&#8221;off&#8221; make_equal=&#8221;off&#8221; parallax_1=&#8221;off&#8221; parallax_method_1=&#8221;off&#8221; parallax_2=&#8221;off&#8221; parallax_method_2=&#8221;off&#8221; parallax_3=&#8221;off&#8221; parallax_method_3=&#8221;off&#8221; column_padding_mobile=&#8221;on&#8221; background_position=&#8221;top_left&#8221; background_repeat=&#8221;repeat&#8221; background_size=&#8221;initial&#8221;][et_pb_column type=&#8221;4_4&#8243;][et_pb_image admin_label=&#8221;Filling Line Sensor Selector Guide&#8221; src=&#8221;\/wp-content\/uploads\/2016\/03\/Filling-Line-Sensor-Selector-Guide.jpg&#8221; alt=&#8221;Filling Line Sensor Selector Guide&#8221; show_in_lightbox=&#8221;off&#8221; url_new_window=&#8221;off&#8221; use_overlay=&#8221;off&#8221; animation=&#8221;off&#8221; sticky=&#8221;off&#8221; align=&#8221;center&#8221; force_fullwidth=&#8221;off&#8221; always_center_on_mobile=&#8221;on&#8221; use_border_color=&#8221;off&#8221; border_color=&#8221;#ffffff&#8221; border_style=&#8221;solid&#8221; animation_style=&#8221;none&#8221; animation_duration=&#8221;1000ms&#8221; animation_intensity_slide=&#8221;50%&#8221; show_bottom_space=&#8221;on&#8221; \/][\/et_pb_column][\/et_pb_row][\/et_pb_section][et_pb_section bb_built=&#8221;1&#8243; parallax_1=&#8221;off&#8221; parallax_2=&#8221;off&#8221; parallax_3=&#8221;off&#8221; parallax_method_1=&#8221;off&#8221; parallax_method_2=&#8221;off&#8221; parallax_method_3=&#8221;off&#8221; disabled_on=&#8221;off|off|off&#8221; custom_padding_last_edited=&#8221;on|desktop&#8221; _builder_version=&#8221;3.2&#8243; custom_padding=&#8221;0px|||&#8221; custom_padding_tablet=&#8221;50px|0|50px|0&#8243; background_color=&#8221;#ff6600&#8243; prev_background_color=&#8221;#ffffff&#8221; global_module=&#8221;17830&#8243;][et_pb_row global_parent=&#8221;17830&#8243; _builder_version=&#8221;3.0.90&#8243; custom_margin=&#8221;||0mm|&#8221; custom_padding=&#8221;||0mm|&#8221; background_position=&#8221;top_left&#8221; background_repeat=&#8221;repeat&#8221; background_size=&#8221;initial&#8221;][et_pb_column type=&#8221;4_4&#8243;][et_pb_text admin_label=&#8221;Office&#8221; global_parent=&#8221;17830&#8243; _builder_version=&#8221;3.0.91&#8243; background_layout=&#8221;light&#8221; header_font=&#8221;Roboto|700|||||||&#8221; header_text_color=&#8221;#ffffff&#8221; header_font_size=&#8221;25px&#8221; custom_padding=&#8221;||0mm|&#8221; custom_margin=&#8221;5mm|||&#8221; background_position=&#8221;top_left&#8221; background_repeat=&#8221;repeat&#8221; background_size=&#8221;initial&#8221;]<\/p>\n<h1>STANDORTE<\/h1>\n<p>[\/et_pb_text][\/et_pb_column][\/et_pb_row][et_pb_row global_parent=&#8221;17830&#8243; use_custom_gutter=&#8221;on&#8221; gutter_width=&#8221;1&#8243; custom_padding=&#8221;0px||0px|&#8221; column_padding_mobile=&#8221;on&#8221; parallax_method_1=&#8221;off&#8221; parallax_method_2=&#8221;off&#8221; parallax_method_3=&#8221;off&#8221; parallax_method_4=&#8221;off&#8221; _builder_version=&#8221;3.0.106&#8243; background_size=&#8221;initial&#8221; background_position=&#8221;top_left&#8221; background_repeat=&#8221;repeat&#8221; custom_margin=&#8221;0px||0px|&#8221;][et_pb_column type=&#8221;1_4&#8243;][et_pb_text admin_label=&#8221;Spain&#8221; global_parent=&#8221;17830&#8243; _builder_version=&#8221;3.0.106&#8243; text_font_size=&#8221;13&#8243; text_text_color=&#8221;#ffffff&#8221; background_size=&#8221;initial&#8221; background_position=&#8221;top_left&#8221; background_repeat=&#8221;repeat&#8221; custom_padding=&#8221;||10px|&#8221; use_border_color=&#8221;off&#8221; background_layout=&#8221;light&#8221; text_font=&#8221;Roboto|300|||||||&#8221;]<\/p>\n<p><strong>Spanien<\/strong><br \/>\nRom\u00e0 Piera i Arcal, 8<br \/>\n08330 Premi\u00e0 de Mar (Barcelona)<br \/>\nSpanien<br \/>\nMehrsprachige Hauptrufnummer:<br \/>\n+34 937 549 526<br \/>\nAlternative Direktrufnummern:<br \/>\nFran\u00e7ais: +33 1 76 64 12 87<br \/>\nEnglish: +44 1905 887845<br \/>\nFax: +34 937 549 687<\/p>\n<p>[\/et_pb_text][\/et_pb_column][et_pb_column type=&#8221;1_4&#8243;][et_pb_text admin_label=&#8221;Hongkong&#8221; global_parent=&#8221;17830&#8243; _builder_version=&#8221;3.0.106&#8243; text_font_size=&#8221;13&#8243; text_text_color=&#8221;#ffffff&#8221; background_size=&#8221;initial&#8221; background_position=&#8221;top_left&#8221; background_repeat=&#8221;repeat&#8221; custom_padding=&#8221;||10px|&#8221; use_border_color=&#8221;off&#8221; background_layout=&#8221;light&#8221; text_font=&#8221;Roboto|300|||||||&#8221;]<\/p>\n<p><strong>Hong Kong<\/strong><br \/>\n11th Floor Dah Sing Life Building<br \/>\n99 Des Voeux Road Central<br \/>\nHong Kong<br \/>\nTel: +852 2127 0699<\/p>\n<p>[\/et_pb_text][\/et_pb_column][et_pb_column type=&#8221;1_4&#8243;][et_pb_text admin_label=&#8221;Philippines&#8221; global_parent=&#8221;17830&#8243; _builder_version=&#8221;3.0.106&#8243; text_font_size=&#8221;13&#8243; text_text_color=&#8221;#ffffff&#8221; background_size=&#8221;initial&#8221; background_position=&#8221;top_left&#8221; background_repeat=&#8221;repeat&#8221; custom_padding=&#8221;||10px|&#8221; use_border_color=&#8221;off&#8221; background_layout=&#8221;light&#8221; text_font=&#8221;Roboto|300|||||||&#8221;]<\/p>\n<p><strong>Philippinen<\/strong><br \/>\n808 Citystate Centre Building<br \/>\n709 Shaw Boulevard<br \/>\n1600 Pasig City<br \/>\nPhilippinen<br \/>\nTel: +63 2 696 6965<br \/>\nFax: +63 2 696 6159<\/p>\n<p>[\/et_pb_text][\/et_pb_column][et_pb_column type=&#8221;1_4&#8243;][et_pb_text admin_label=&#8221;USA&#8221; global_parent=&#8221;17830&#8243; _builder_version=&#8221;3.2&#8243; text_font_size=&#8221;13&#8243; text_text_color=&#8221;#ffffff&#8221; background_size=&#8221;initial&#8221; background_position=&#8221;top_left&#8221; background_repeat=&#8221;repeat&#8221; custom_padding=&#8221;||10px|&#8221; use_border_color=&#8221;off&#8221; text_font=&#8221;Roboto|300|||||||&#8221;]<\/p>\n<p><strong>Vereinigte Staaten von Amerika<\/strong><br \/>\n7691 N.Overland Trail<br \/>\n80524 Fort Collins<br \/>\nColorado<br \/>\nUSA<br \/>\nTel: +1 970 237 5046<\/p>\n<p>[\/et_pb_text][\/et_pb_column][\/et_pb_row][et_pb_row global_parent=&#8221;17830&#8243; _builder_version=&#8221;3.0.106&#8243; custom_margin=&#8221;0mm|||&#8221;][et_pb_column type=&#8221;1_2&#8243;][et_pb_text global_parent=&#8221;17830&#8243; _builder_version=&#8221;3.0.106&#8243; background_layout=&#8221;light&#8221;]<\/p>\n<div class=\"footerMenu\"><a href=\"https:\/\/www.innosen.com\/de\/\">Startseite|\u00a0 <\/a><a href=\"https:\/\/www.innosen.com\/de\/contact\/\">Kontact\u00a0 \u00a0|\u00a0\u00a0<\/a><a href=\"https:\/\/www.innosen.com\/de\/privacy\/\">Datenschutz |\u00a0\u00a0<\/a><a href=\"https:\/\/www.innosen.com\/de\/sitemap\/\">Sitemap |\u00a0\u00a0<\/a><a class=\"print-link\"><a class=\"print-link\" href=\"javascript:window.print()\">Drucken sie diese seite<\/a><\/a><\/div>\n<p>[\/et_pb_text][\/et_pb_column][et_pb_column type=&#8221;1_4&#8243;][et_pb_social_media_follow global_parent=&#8221;17830&#8243; background_layout=&#8221;dark&#8221; url_new_window=&#8221;off&#8221; follow_button=&#8221;on&#8221; _builder_version=&#8221;3.0.106&#8243; text_orientation=&#8221;left&#8221;][et_pb_social_media_follow_network social_network=&#8221;linkedin&#8221; url=&#8221;https:\/\/www.linkedin.com\/company\/innosen\/&#8221; _builder_version=&#8221;3.0.106&#8243; background_color=&#8221;#007bb6&#8243; link_shape=&#8221;rounded_rectangle&#8221; follow_button=&#8221;on&#8221; url_new_window=&#8221;off&#8221; skype_action=&#8221;call&#8221; use_background_color_gradient=&#8221;off&#8221; background_color_gradient_start=&#8221;#2b87da&#8221; background_color_gradient_end=&#8221;#29c4a9&#8243; background_color_gradient_type=&#8221;linear&#8221; background_color_gradient_direction=&#8221;180deg&#8221; background_color_gradient_direction_radial=&#8221;center&#8221; background_color_gradient_start_position=&#8221;0%&#8221; background_color_gradient_end_position=&#8221;100%&#8221; background_color_gradient_overlays_image=&#8221;off&#8221; parallax=&#8221;off&#8221; parallax_method=&#8221;on&#8221; background_size=&#8221;cover&#8221; background_position=&#8221;center&#8221; background_repeat=&#8221;no-repeat&#8221; background_blend=&#8221;normal&#8221; allow_player_pause=&#8221;off&#8221; background_video_pause_outside_viewport=&#8221;on&#8221; box_shadow_style=&#8221;none&#8221;]<\/p>\n<p>LinkedIn<\/p>\n<p>[\/et_pb_social_media_follow_network][\/et_pb_social_media_follow][\/et_pb_column][et_pb_column type=&#8221;1_4&#8243;][et_pb_text admin_label=&#8221;All rights Reserved&#8221; global_parent=&#8221;17830&#8243; _builder_version=&#8221;3.0.106&#8243; text_font_size=&#8221;13&#8243; text_text_color=&#8221;#ffffff&#8221; background_size=&#8221;initial&#8221; background_position=&#8221;top_left&#8221; background_repeat=&#8221;repeat&#8221; custom_padding=&#8221;||10px|&#8221; use_border_color=&#8221;off&#8221; background_layout=&#8221;light&#8221; text_font=&#8221;Roboto|300|||||||&#8221;]<\/p>\n<p>\u00a9 2018 Innosen. Alle Rechte vorbehalten.<\/p>\n<p>[\/et_pb_text][\/et_pb_column][\/et_pb_row][\/et_pb_section]<\/p>\n<script>function getWR360PopupSkin(){return 'light_rounded';}<\/script>","protected":false},"excerpt":{"rendered":"<p>Sensoren f\u00fcr Dosenabf\u00fcllung 11PH-330,340,341-XX series Sensoren des edelstahls bestimmt besonders f\u00fcr die bed\u00fcrfnisse nach der dosenf\u00fcllungsindustrie Einzigartige Eigenschaften &#8211; &#8216; installieren und vergessen &#8216; Es nimmt einen speziellen Sensor, um den zwingenden Anforderungen einer Nahrung oder Getr\u00e4nk- Dosenabf\u00fcllungslinie zu entsprechen. Der Sensor mu\u00df vollkommen hygienisch sein, mu\u00df sengendem Dampf und Hochdruck-Chemikalie waschung widerstehen. Und das [&hellip;]<\/p>\n","protected":false},"author":1,"featured_media":0,"parent":1764,"menu_order":0,"comment_status":"closed","ping_status":"closed","template":"","meta":{"_et_pb_use_builder":"on","_et_pb_old_content":"","_et_gb_content_width":"","_monsterinsights_skip_tracking":false,"_monsterinsights_sitenote_active":false,"_monsterinsights_sitenote_note":"","_monsterinsights_sitenote_category":0,"footnotes":""},"class_list":["post-1523","page","type-page","status-publish","hentry"],"yoast_head":"<!-- This site is optimized with the Yoast SEO Premium plugin v20.1 (Yoast SEO v24.9) - https:\/\/yoast.com\/wordpress\/plugins\/seo\/ -->\n<title>Sensoren f\u00fcr Dosenabf\u00fcllung - Innosen<\/title>\n<meta name=\"description\" content=\"Sensoren f\u00fcr Dosenabf\u00fcllung -\" \/>\n<meta name=\"robots\" content=\"index, follow, max-snippet:-1, max-image-preview:large, max-video-preview:-1\" \/>\n<link rel=\"canonical\" href=\"https:\/\/www.innosen.com\/de\/controls\/can_filling_sensors\/\" \/>\n<script type=\"application\/ld+json\" class=\"yoast-schema-graph\">{\"@context\":\"https:\/\/schema.org\",\"@graph\":[{\"@type\":\"WebPage\",\"@id\":\"\/de\/controls\/can_filling_sensors\/\",\"url\":\"https:\/\/www.innosen.com\/de\/controls\/can_filling_sensors\/\",\"name\":\"Sensoren f\u00fcr Dosenabf\u00fcllung - Innosen\",\"isPartOf\":{\"@id\":\"https:\/\/www.innosen.com\/#website\"},\"datePublished\":\"2016-03-17T11:09:20+00:00\",\"dateModified\":\"2018-05-08T08:56:35+00:00\",\"description\":\"Sensoren f\u00fcr Dosenabf\u00fcllung -\",\"breadcrumb\":{\"@id\":\"https:\/\/www.innosen.com\/de\/controls\/can_filling_sensors\/#breadcrumb\"},\"inLanguage\":\"de-DE\",\"potentialAction\":[{\"@type\":\"ReadAction\",\"target\":[\"https:\/\/www.innosen.com\/de\/controls\/can_filling_sensors\/\"]}]},{\"@type\":\"BreadcrumbList\",\"@id\":\"https:\/\/www.innosen.com\/de\/controls\/can_filling_sensors\/#breadcrumb\",\"itemListElement\":[{\"@type\":\"ListItem\",\"position\":1,\"name\":\"Home\",\"item\":\"https:\/\/www.innosen.com\/de\/\"},{\"@type\":\"ListItem\",\"position\":2,\"name\":\"Produkte f\u00fcr Steuerung der linie\",\"item\":\"\/de\/controls\/\"},{\"@type\":\"ListItem\",\"position\":3,\"name\":\"Sensoren f\u00fcr Dosenabf\u00fcllung\"}]},{\"@type\":\"WebSite\",\"@id\":\"https:\/\/www.innosen.com\/#website\",\"url\":\"https:\/\/www.innosen.com\/\",\"name\":\"Innosen\",\"description\":\"Innovative Sensors for Canmaking\",\"publisher\":{\"@id\":\"https:\/\/www.innosen.com\/#organization\"},\"potentialAction\":[{\"@type\":\"SearchAction\",\"target\":{\"@type\":\"EntryPoint\",\"urlTemplate\":\"https:\/\/www.innosen.com\/?s={search_term_string}\"},\"query-input\":{\"@type\":\"PropertyValueSpecification\",\"valueRequired\":true,\"valueName\":\"search_term_string\"}}],\"inLanguage\":\"de-DE\"},{\"@type\":\"Organization\",\"@id\":\"https:\/\/www.innosen.com\/#organization\",\"name\":\"Innosen\",\"url\":\"https:\/\/www.innosen.com\/\",\"logo\":{\"@type\":\"ImageObject\",\"inLanguage\":\"de-DE\",\"@id\":\"https:\/\/www.innosen.com\/#\/schema\/logo\/image\/\",\"url\":\"\",\"contentUrl\":\"\",\"caption\":\"Innosen\"},\"image\":{\"@id\":\"https:\/\/www.innosen.com\/#\/schema\/logo\/image\/\"},\"sameAs\":[\"https:\/\/www.linkedin.com\/company\/innosen\/\",\"https:\/\/www.youtube.com\/channel\/UClrXAfXhkiKqnqqtU4Sn2Lg?view_as=subscriber\"]}]}<\/script>\n<!-- \/ Yoast SEO Premium plugin. -->","yoast_head_json":{"title":"Sensoren f\u00fcr Dosenabf\u00fcllung - Innosen","description":"Sensoren f\u00fcr Dosenabf\u00fcllung -","robots":{"index":"index","follow":"follow","max-snippet":"max-snippet:-1","max-image-preview":"max-image-preview:large","max-video-preview":"max-video-preview:-1"},"canonical":"https:\/\/www.innosen.com\/de\/controls\/can_filling_sensors\/","schema":{"@context":"https:\/\/schema.org","@graph":[{"@type":"WebPage","@id":"\/de\/controls\/can_filling_sensors\/","url":"https:\/\/www.innosen.com\/de\/controls\/can_filling_sensors\/","name":"Sensoren f\u00fcr Dosenabf\u00fcllung - Innosen","isPartOf":{"@id":"https:\/\/www.innosen.com\/#website"},"datePublished":"2016-03-17T11:09:20+00:00","dateModified":"2018-05-08T08:56:35+00:00","description":"Sensoren f\u00fcr Dosenabf\u00fcllung -","breadcrumb":{"@id":"https:\/\/www.innosen.com\/de\/controls\/can_filling_sensors\/#breadcrumb"},"inLanguage":"de-DE","potentialAction":[{"@type":"ReadAction","target":["https:\/\/www.innosen.com\/de\/controls\/can_filling_sensors\/"]}]},{"@type":"BreadcrumbList","@id":"https:\/\/www.innosen.com\/de\/controls\/can_filling_sensors\/#breadcrumb","itemListElement":[{"@type":"ListItem","position":1,"name":"Home","item":"https:\/\/www.innosen.com\/de\/"},{"@type":"ListItem","position":2,"name":"Produkte f\u00fcr Steuerung der linie","item":"\/de\/controls\/"},{"@type":"ListItem","position":3,"name":"Sensoren f\u00fcr Dosenabf\u00fcllung"}]},{"@type":"WebSite","@id":"https:\/\/www.innosen.com\/#website","url":"https:\/\/www.innosen.com\/","name":"Innosen","description":"Innovative Sensors for Canmaking","publisher":{"@id":"https:\/\/www.innosen.com\/#organization"},"potentialAction":[{"@type":"SearchAction","target":{"@type":"EntryPoint","urlTemplate":"https:\/\/www.innosen.com\/?s={search_term_string}"},"query-input":{"@type":"PropertyValueSpecification","valueRequired":true,"valueName":"search_term_string"}}],"inLanguage":"de-DE"},{"@type":"Organization","@id":"https:\/\/www.innosen.com\/#organization","name":"Innosen","url":"https:\/\/www.innosen.com\/","logo":{"@type":"ImageObject","inLanguage":"de-DE","@id":"https:\/\/www.innosen.com\/#\/schema\/logo\/image\/","url":"","contentUrl":"","caption":"Innosen"},"image":{"@id":"https:\/\/www.innosen.com\/#\/schema\/logo\/image\/"},"sameAs":["https:\/\/www.linkedin.com\/company\/innosen\/","https:\/\/www.youtube.com\/channel\/UClrXAfXhkiKqnqqtU4Sn2Lg?view_as=subscriber"]}]}},"_links":{"self":[{"href":"https:\/\/www.innosen.com\/de\/wp-json\/wp\/v2\/pages\/1523","targetHints":{"allow":["GET"]}}],"collection":[{"href":"https:\/\/www.innosen.com\/de\/wp-json\/wp\/v2\/pages"}],"about":[{"href":"https:\/\/www.innosen.com\/de\/wp-json\/wp\/v2\/types\/page"}],"author":[{"embeddable":true,"href":"https:\/\/www.innosen.com\/de\/wp-json\/wp\/v2\/users\/1"}],"replies":[{"embeddable":true,"href":"https:\/\/www.innosen.com\/de\/wp-json\/wp\/v2\/comments?post=1523"}],"version-history":[{"count":0,"href":"https:\/\/www.innosen.com\/de\/wp-json\/wp\/v2\/pages\/1523\/revisions"}],"up":[{"embeddable":true,"href":"https:\/\/www.innosen.com\/de\/wp-json\/wp\/v2\/pages\/1764"}],"wp:attachment":[{"href":"https:\/\/www.innosen.com\/de\/wp-json\/wp\/v2\/media?parent=1523"}],"curies":[{"name":"wp","href":"https:\/\/api.w.org\/{rel}","templated":true}]}}