{"id":14859,"date":"2018-01-04T11:24:05","date_gmt":"2018-01-04T03:24:05","guid":{"rendered":"\/?page_id=14859"},"modified":"2025-05-29T11:10:15","modified_gmt":"2025-05-29T03:10:15","slug":"events","status":"publish","type":"page","link":"https:\/\/www.innosen.com\/de\/events\/","title":{"rendered":"VERANSTALTUNGEN"},"content":{"rendered":"<p>[et_pb_section fb_built=&#8221;1&#8243; custom_padding_last_edited=&#8221;on|desktop&#8221; next_background_color=&#8221;#ffffff&#8221; admin_label=&#8221;Header&#8221; _builder_version=&#8221;4.27.0&#8243; background_color=&#8221;#ffffff&#8221; use_background_color_gradient=&#8221;on&#8221; background_color_gradient_stops=&#8221;#ffffff 0%|#eef9ff 100%&#8221; background_color_gradient_start=&#8221;#ffffff&#8221; background_color_gradient_end=&#8221;#eef9ff&#8221; background_image=&#8221;\/wp-content\/uploads\/2019\/03\/hosting-company-01.png&#8221; background_size=&#8221;contain&#8221; background_position=&#8221;bottom_center&#8221; custom_margin=&#8221;0px||||false|false&#8221; custom_padding=&#8221;119px||119px||true|false&#8221; custom_padding_tablet=&#8221;||24vw|&#8221; custom_padding_phone=&#8221;&#8221; bottom_divider_style=&#8221;waves2&#8243; bottom_divider_height=&#8221;50px&#8221; global_colors_info=&#8221;{}&#8221;][et_pb_row _builder_version=&#8221;4.22.0&#8243; _module_preset=&#8221;default&#8221; custom_margin=&#8221;0px||0px||false|false&#8221; custom_padding=&#8221;0px||0px||false|false&#8221; global_colors_info=&#8221;{}&#8221;][et_pb_column type=&#8221;4_4&#8243; _builder_version=&#8221;4.21.0&#8243; _module_preset=&#8221;default&#8221; global_colors_info=&#8221;{}&#8221;][lwp_divi_breadcrumbs font_icon=&#8221;$||divi||400&#8243; disabled_on=&#8221;off|off|off&#8221; _builder_version=&#8221;4.21.0&#8243; _module_preset=&#8221;default&#8221; module_text_color=&#8221;#000000&#8243; global_colors_info=&#8221;{}&#8221;][\/lwp_divi_breadcrumbs][\/et_pb_column][\/et_pb_row][et_pb_row custom_padding_last_edited=&#8221;on|phone&#8221; _builder_version=&#8221;4.22.0&#8243; custom_padding_tablet=&#8221;&#8221; custom_padding_phone=&#8221;30px||||false|false&#8221; global_colors_info=&#8221;{}&#8221;][et_pb_column type=&#8221;4_4&#8243; _builder_version=&#8221;4.16&#8243; custom_padding=&#8221;|||&#8221; custom_padding_tablet=&#8221;0px|||&#8221; custom_padding_last_edited=&#8221;off|desktop&#8221; global_colors_info=&#8221;{}&#8221; custom_padding__hover=&#8221;|||&#8221;][et_pb_text admin_label=&#8221;Title&#8221; _builder_version=&#8221;4.22.0&#8243; text_font=&#8221;||||||||&#8221; text_font_size=&#8221;16px&#8221; text_line_height=&#8221;2em&#8221; ul_font=&#8221;||||||||&#8221; ol_font=&#8221;||||||||&#8221; header_font=&#8221;Rubik|500|||||||&#8221; header_font_size=&#8221;52px&#8221; header_line_height=&#8221;1.2em&#8221; header_2_font=&#8221;||||||||&#8221; header_3_font=&#8221;||||||||&#8221; header_4_font=&#8221;||||||||&#8221; header_5_font=&#8221;||||||||&#8221; header_6_font=&#8221;||||||||&#8221; text_orientation=&#8221;center&#8221; max_width=&#8221;700px&#8221; module_alignment=&#8221;center&#8221; header_font_size_tablet=&#8221;42px&#8221; header_font_size_phone=&#8221;32px&#8221; header_font_size_last_edited=&#8221;on|desktop&#8221; inline_fonts=&#8221;Source Sans Pro,Roboto&#8221; global_colors_info=&#8221;{}&#8221;]<\/p>\n<h1><span style=\"font-family: Roboto;\"><strong>AUSSTELLUNGEN\/ VERANSTALTUNGEN<\/strong><\/span><\/h1>\n<p>[\/et_pb_text][et_pb_text admin_label=&#8221;Text&#8221; _builder_version=&#8221;4.27.4&#8243; text_font=&#8221;Source Sans Pro||||||||&#8221; text_font_size=&#8221;16px&#8221; text_line_height=&#8221;2em&#8221; ul_font=&#8221;||||||||&#8221; ol_font=&#8221;||||||||&#8221; header_font=&#8221;Rubik|500|||||||&#8221; header_font_size=&#8221;52px&#8221; header_line_height=&#8221;1.2em&#8221; header_2_font=&#8221;||||||||&#8221; header_3_font=&#8221;||||||||&#8221; header_4_font=&#8221;||||||||&#8221; header_5_font=&#8221;||||||||&#8221; header_6_font=&#8221;||||||||&#8221; text_orientation=&#8221;center&#8221; max_width=&#8221;700px&#8221; module_alignment=&#8221;center&#8221; hover_enabled=&#8221;0&#8243; header_font_size_tablet=&#8221;42px&#8221; header_font_size_phone=&#8221;32px&#8221; header_font_size_last_edited=&#8221;on|desktop&#8221; global_colors_info=&#8221;{}&#8221; sticky_enabled=&#8221;0&#8243;]<\/p>\n<p>Innosens Ziel ist es, L\u00f6sungen f\u00fcr alle Dosenherstellungsprobleme zu finden. Deshalb nehmen wir jedes Jahr an diesen Veranstaltungen teil. Wir m\u00f6chten Wissen und neue Entwicklungen teilen, so dass Dosenhersteller mit Qualit\u00e4tssicherungs-Systemen ausgestattet, Ausfallzeiten reduziert und Produktionseffizienz maximiert werden.<\/p>\n<p>[\/et_pb_text][\/et_pb_column][\/et_pb_row][\/et_pb_section][et_pb_section fb_built=&#8221;1&#8243; _builder_version=&#8221;4.16&#8243; custom_padding=&#8221;0px|0px|179px|0px|false|false&#8221; global_colors_info=&#8221;{}&#8221;][et_pb_row column_structure=&#8221;2_5,3_5&#8243; _builder_version=&#8221;4.16&#8243; global_colors_info=&#8221;{}&#8221;][et_pb_column type=&#8221;2_5&#8243; _builder_version=&#8221;4.16&#8243; custom_padding=&#8221;|||&#8221; global_colors_info=&#8221;{}&#8221; custom_padding__hover=&#8221;|||&#8221;][et_pb_text admin_label=&#8221;Upcoming Events&#8221; _builder_version=&#8221;4.25.1&#8243; text_font=&#8221;Open Sans|on||on|&#8221; text_text_color=&#8221;#ff6600&#8243; text_font_size=&#8221;30&#8243; header_font=&#8221;Roboto|500|||||||&#8221; header_text_color=&#8221;#ff6600&#8243; header_font_size=&#8221;60px&#8221; header_2_font=&#8221;Roboto|300|||||||&#8221; header_2_text_color=&#8221;#464646&#8243; header_2_font_size=&#8221;35px&#8221; background_size=&#8221;initial&#8221; background_position=&#8221;top_left&#8221; background_repeat=&#8221;repeat&#8221; use_border_color=&#8221;off&#8221; global_colors_info=&#8221;{}&#8221;]<\/p>\n<h2>BEVORSTEHENDE TERMINE<\/h2>\n<p>[\/et_pb_text][et_pb_text disabled_on=&#8221;off|off|off&#8221; _builder_version=&#8221;4.27.4&#8243; text_font=&#8221;Roboto||||||||&#8221; hover_enabled=&#8221;0&#8243; global_colors_info=&#8221;{}&#8221; sticky_enabled=&#8221;0&#8243;]<\/p>\n<p><b><a href=\"https:\/\/www.asia-can.com\/\">Asia CanTech 2025<\/a><br \/><\/b>6.\u20138. Oktober<br \/>Bangkok, Thailand<\/p>\n<p><a href=\"https:\/\/www.metpack.de\/market-leader\/\"><strong>MetPack 2026<\/strong><\/a><br \/>5.-8. Mai<br \/>Deutschland<\/p>\n<p>[\/et_pb_text][et_pb_text disabled_on=&#8221;on|on|on&#8221; _builder_version=&#8221;4.27.4&#8243; text_font=&#8221;Roboto||||||||&#8221; hover_enabled=&#8221;0&#8243; global_colors_info=&#8221;{}&#8221; sticky_enabled=&#8221;0&#8243; disabled=&#8221;on&#8221;]<\/p>\n<p><strong><a href=\"https:\/\/cannexfillex.com\/\">Cannex Fillex de las Am\u00e9ricas 2025<\/a><br \/><\/strong>29.April \u2013 1. Mai<br \/>Denver, Colorado, USA<strong><br \/><\/strong><strong><br \/><a href=\"https:\/\/latamcan.com\/\">Latamcan 2025 <\/a><\/strong><br \/>21.\u201323. Mai<br \/>S\u00e3o Paulo, Brasilien<\/p>\n<p>[\/et_pb_text][\/et_pb_column][et_pb_column type=&#8221;3_5&#8243; _builder_version=&#8221;4.16&#8243; custom_padding=&#8221;|||&#8221; global_colors_info=&#8221;{}&#8221; custom_padding__hover=&#8221;|||&#8221;][et_pb_text disabled_on=&#8221;on|on|on&#8221; admin_label=&#8221;Upcoming Events&#8221; _builder_version=&#8221;4.27.0&#8243; text_font=&#8221;Open Sans|on||on|&#8221; text_text_color=&#8221;#ff6600&#8243; text_font_size=&#8221;30&#8243; header_font=&#8221;Roboto|500|||||||&#8221; header_text_color=&#8221;#ff6600&#8243; header_font_size=&#8221;60px&#8221; header_2_font=&#8221;Roboto|300|||||||&#8221; header_2_text_color=&#8221;#464646&#8243; header_2_font_size=&#8221;35px&#8221; background_size=&#8221;initial&#8221; background_position=&#8221;top_left&#8221; background_repeat=&#8221;repeat&#8221; use_border_color=&#8221;off&#8221; disabled=&#8221;on&#8221; global_colors_info=&#8221;{}&#8221;]<\/p>\n<h2>NEUESTE AKTUALISIERUNG<br \/><\/h2>\n<p>[\/et_pb_text][et_pb_text disabled_on=&#8221;on|on|on&#8221; _builder_version=&#8221;4.27.0&#8243; text_font=&#8221;Roboto||||||||&#8221; disabled=&#8221;on&#8221; global_colors_info=&#8221;{}&#8221;]<\/p>\n<p>BE OUR VIP at the ASIA CANTECH 2024!<\/p>\n<p>We\u2019ve got great news! Innosen is bringing you to Asia CanTech 2024 on October 21\u201323, as we give away 1 VIP pass!<\/p>\n<p>Join us as canmakers, fillers, and suppliers in the Asia-Pacific Region gather to showcase products and the latest innovations in the industry.<\/p>\n<p>The promo runs until August 30, 2024. <strong>The winner will be announced on September 3, 2024<\/strong>.<\/p>\n<p>For the promo mechanics: <a href=\"https:\/\/shorturl.at\/G0DkY\">https:\/\/shorturl.at\/G0DkY<\/a><\/p>\n<p>Register here: <a href=\"https:\/\/shorturl.at\/ba5lV\">https:\/\/shorturl.at\/ba5lV<\/a><\/p>\n<p>[\/et_pb_text][et_pb_image src=&#8221;https:\/\/www.innosen.com\/wp-content\/uploads\/2024\/08\/2024-ACT-Linkedin-1.jpg&#8221; title_text=&#8221;2024 ACT Linkedin (1)&#8221; url=&#8221;https:\/\/www.subscribepage.com\/2024actvipreg&#8221; disabled_on=&#8221;on|on|on&#8221; admin_label=&#8221;ACT VIP&#8221; _builder_version=&#8221;4.27.0&#8243; _module_preset=&#8221;default&#8221; border_radii=&#8221;on|10px|10px|10px|10px&#8221; disabled=&#8221;on&#8221; global_colors_info=&#8221;{}&#8221;][\/et_pb_image][et_pb_text admin_label=&#8221;Meet our Team&#8221; _builder_version=&#8221;4.27.4&#8243; text_font=&#8221;Open Sans|on||on|&#8221; text_text_color=&#8221;#ff6600&#8243; text_font_size=&#8221;30&#8243; header_font=&#8221;Roboto|500|||||||&#8221; header_text_color=&#8221;#ff6600&#8243; header_font_size=&#8221;60px&#8221; header_2_font=&#8221;Roboto|300|||||||&#8221; header_2_text_color=&#8221;#464646&#8243; header_2_font_size=&#8221;35px&#8221; background_size=&#8221;initial&#8221; background_position=&#8221;top_left&#8221; background_repeat=&#8221;repeat&#8221; hover_enabled=&#8221;0&#8243; use_border_color=&#8221;off&#8221; global_colors_info=&#8221;{}&#8221; sticky_enabled=&#8221;0&#8243;]<\/p>\n<h2>TREFFEN SIE UNSER TEAM<\/h2>\n<p>[\/et_pb_text][et_pb_image src=&#8221;https:\/\/www.innosen.com\/wp-content\/uploads\/2025\/05\/IMG_5306.jpg&#8221; title_text=&#8221;IMG_5306&#8243; admin_label=&#8221;Team Image&#8221; _builder_version=&#8221;4.27.4&#8243; _module_preset=&#8221;default&#8221; hover_enabled=&#8221;0&#8243; border_radii=&#8221;on|10px|10px|10px|10px&#8221; global_colors_info=&#8221;{}&#8221; sticky_enabled=&#8221;0&#8243;][\/et_pb_image][et_pb_text disabled_on=&#8221;on|on|on&#8221; admin_label=&#8221;Past Events&#8221; _builder_version=&#8221;4.23.1&#8243; text_font=&#8221;Open Sans|on||on|&#8221; text_text_color=&#8221;#ff6600&#8243; text_font_size=&#8221;30&#8243; header_font=&#8221;Roboto|500|||||||&#8221; header_text_color=&#8221;#ff6600&#8243; header_font_size=&#8221;60px&#8221; header_2_font=&#8221;Roboto|300|||||||&#8221; header_2_text_color=&#8221;#464646&#8243; header_2_font_size=&#8221;35px&#8221; background_size=&#8221;initial&#8221; background_position=&#8221;top_left&#8221; background_repeat=&#8221;repeat&#8221; use_border_color=&#8221;off&#8221; disabled=&#8221;on&#8221; global_colors_info=&#8221;{}&#8221;]<\/p>\n<h2>ERFOLGTE TERMINE<\/h2>\n<p>[\/et_pb_text][et_pb_text disabled_on=&#8221;on|on|on&#8221; _builder_version=&#8221;4.25.1&#8243; text_font=&#8221;Roboto||||||||&#8221; disabled=&#8221;on&#8221; global_colors_info=&#8221;{}&#8221;]<\/p>\n<p>2024 LATAMCAN | April 17-19 |Buenos Aires, Argentina<br \/>2023 IMDPA | 26.-28. September | Chicago, Illinois, USA<br \/>2023 Metpack | 2.-6. Mai, Essen, Deutschland<br \/>2022 Asien Cantech | 24.\u201326. Oktober, Bangkok, Thailand<br \/>2022 IMDPA-Jahreskonferenz | 4.-6. Oktober, Illinois, USA<br \/>2019 Asia Cantech | 28.-30. Oktober, Bangkok, Thailand<br \/>2019 IMDA-Jahreskonferenz | 23.-23. Mai, Illinois, USA<br \/>2019 Latamcan | 20.-22. Februar, Mexiko-Stadt, Mexiko<br \/>2019 Upakovka | 30.-31. Januar, Moskau, Russland<br \/>2018 Asia Cantech | 29.-31. Oktober, Bangkok, Thailand<br \/>2018 FISPAL | 26.-29. Juni, Sao Paulo, Brasilien<br \/>2018 IMDA Jahreskonferenz | 23.-24. Mai, Illinois, USA<br \/>2018 Euro Cantech | 19.-21. M\u00e4rz, Mailand, Italien<br \/>2017 Asia Cantech | 30. Oktober &#8211; 1. November | Bangkok, Thailand<br \/>2017 Latamcan | 4-6 Oktober, S\u00e3o Paulo, Brasilien<br \/>2017 Metpack | 2. bis 6. Mai, Essen, Deutschland<\/p>\n<p>[\/et_pb_text][\/et_pb_column][\/et_pb_row][\/et_pb_section][et_pb_section fb_built=&#8221;1&#8243; custom_padding_last_edited=&#8221;on|desktop&#8221; parallax_method_1=&#8221;off&#8221; parallax_method_2=&#8221;off&#8221; parallax_method_3=&#8221;off&#8221; disabled_on=&#8221;off|off|off&#8221; admin_label=&#8221;ENGLISH FOOTER&#8221; _builder_version=&#8221;4.27.0&#8243; background_color=&#8221;#ff6600&#8243; min_height=&#8221;417.9px&#8221; custom_margin=&#8221;0px||0px||true|false&#8221; custom_padding=&#8221;||||false|false&#8221; custom_padding_tablet=&#8221;50px|0|50px|0&#8243; custom_padding_phone=&#8221;&#8221; z_index_tablet=&#8221;500&#8243; global_module=&#8221;19914&#8243; saved_tabs=&#8221;all&#8221; collapsed=&#8221;off&#8221; global_colors_info=&#8221;{}&#8221;][et_pb_row _builder_version=&#8221;4.16&#8243; custom_margin=&#8221;||0mm|&#8221; custom_padding=&#8221;30px||0mm||false|false&#8221; global_colors_info=&#8221;{}&#8221;][et_pb_column type=&#8221;4_4&#8243; _builder_version=&#8221;4.16&#8243; custom_padding=&#8221;|||&#8221; global_colors_info=&#8221;{}&#8221; custom_padding__hover=&#8221;|||&#8221;][et_pb_text admin_label=&#8221;Office&#8221; _builder_version=&#8221;4.16&#8243; header_font=&#8221;|700|||||||&#8221; header_text_color=&#8221;#ffffff&#8221; header_2_font=&#8221;|700|||||||&#8221; header_2_font_size=&#8221;25px&#8221; custom_margin=&#8221;5mm|||&#8221; custom_padding=&#8221;||0mm|&#8221; global_colors_info=&#8221;{}&#8221;]<\/p>\n<h2><span style=\"color: #ffffff;\">STANDORTE<\/span><\/h2>\n<p>[\/et_pb_text][\/et_pb_column][\/et_pb_row][et_pb_row column_structure=&#8221;1_4,1_4,1_4,1_4&#8243; use_custom_gutter=&#8221;on&#8221; gutter_width=&#8221;1&#8243; column_padding_mobile=&#8221;on&#8221; _builder_version=&#8221;4.16&#8243; background_size=&#8221;initial&#8221; background_position=&#8221;top_left&#8221; background_repeat=&#8221;repeat&#8221; custom_margin=&#8221;0px||0px|&#8221; custom_padding=&#8221;0px||0px|&#8221; global_colors_info=&#8221;{}&#8221;][et_pb_column type=&#8221;1_4&#8243; _builder_version=&#8221;4.16&#8243; custom_padding=&#8221;|||&#8221; global_colors_info=&#8221;{}&#8221; custom_padding__hover=&#8221;|||&#8221;][et_pb_text admin_label=&#8221;Spain&#8221; _builder_version=&#8221;4.21.0&#8243; text_font=&#8221;|300|||||||&#8221; text_text_color=&#8221;#ffffff&#8221; text_font_size=&#8221;13&#8243; background_size=&#8221;initial&#8221; background_position=&#8221;top_left&#8221; background_repeat=&#8221;repeat&#8221; custom_padding=&#8221;||10px|&#8221; use_border_color=&#8221;off&#8221; global_colors_info=&#8221;{}&#8221;]<\/p>\n<p><strong>Spain<\/strong><br \/><span class=\"fontstyle0\">Rom\u00e0 Piera i Arcal, 8<br \/>08330 Premi\u00e0 de Mar (Barcelona)<br \/>Spain<br \/>Mehrsprachige Hauptrufnummer:<br \/>+34 937 549 526<\/span><br \/>Email: info@innosen.com<\/p>\n<p>[\/et_pb_text][\/et_pb_column][et_pb_column type=&#8221;1_4&#8243; _builder_version=&#8221;4.16&#8243; custom_padding=&#8221;|||&#8221; global_colors_info=&#8221;{}&#8221; custom_padding__hover=&#8221;|||&#8221;][et_pb_text admin_label=&#8221;Hongkong&#8221; _builder_version=&#8221;4.16&#8243; text_font=&#8221;|300|||||||&#8221; text_text_color=&#8221;#ffffff&#8221; text_font_size=&#8221;13&#8243; background_size=&#8221;initial&#8221; background_position=&#8221;top_left&#8221; background_repeat=&#8221;repeat&#8221; custom_padding=&#8221;||10px|&#8221; use_border_color=&#8221;off&#8221; global_colors_info=&#8221;{}&#8221;]<\/p>\n<p><strong>Hong Kong<\/strong><br \/>11th Floor Dah Sing Life Building<br \/>99 Des Voeux Road Central<br \/>Hong Kong<br \/>Tel: +852 2127 0699<\/p>\n<p>[\/et_pb_text][\/et_pb_column][et_pb_column type=&#8221;1_4&#8243; _builder_version=&#8221;4.16&#8243; custom_padding=&#8221;|||&#8221; global_colors_info=&#8221;{}&#8221; custom_padding__hover=&#8221;|||&#8221;][et_pb_text admin_label=&#8221;Philippines&#8221; _builder_version=&#8221;4.16&#8243; text_font=&#8221;|300|||||||&#8221; text_text_color=&#8221;#ffffff&#8221; text_font_size=&#8221;13&#8243; background_size=&#8221;initial&#8221; background_position=&#8221;top_left&#8221; background_repeat=&#8221;repeat&#8221; custom_padding=&#8221;||10px|&#8221; use_border_color=&#8221;off&#8221; global_colors_info=&#8221;{}&#8221;]<\/p>\n<p><strong>Philippines<\/strong><br \/>808 Citystate Centre Building<br \/>709 Shaw Boulevard<br \/>1600 Pasig City<br \/>Philippines<br \/>Tel: +63 2 8696 6965 \/<br \/>+63 2 8696 6978<\/p>\n<p>[\/et_pb_text][\/et_pb_column][et_pb_column type=&#8221;1_4&#8243; _builder_version=&#8221;4.16&#8243; custom_padding=&#8221;|||&#8221; global_colors_info=&#8221;{}&#8221; custom_padding__hover=&#8221;|||&#8221;][et_pb_text admin_label=&#8221;USA&#8221; _builder_version=&#8221;4.16&#8243; text_font=&#8221;|300|||||||&#8221; text_text_color=&#8221;#ffffff&#8221; text_font_size=&#8221;13&#8243; background_size=&#8221;initial&#8221; background_position=&#8221;top_left&#8221; background_repeat=&#8221;repeat&#8221; custom_padding=&#8221;||10px|&#8221; use_border_color=&#8221;off&#8221; global_colors_info=&#8221;{}&#8221;]<\/p>\n<p><strong>USA<\/strong><br \/>7691 N.Overland Trail<br \/>80524 Fort Collins<br \/>Colorado<br \/>USA<br \/>Tel: +1 970 305 8721<\/p>\n<p>[\/et_pb_text][\/et_pb_column][\/et_pb_row][et_pb_row column_structure=&#8221;1_2,1_4,1_4&#8243; _builder_version=&#8221;4.16&#8243; custom_margin=&#8221;0mm|||&#8221; custom_padding=&#8221;27px|0px|30px|0px|false|false&#8221; global_colors_info=&#8221;{}&#8221;][et_pb_column type=&#8221;1_2&#8243; _builder_version=&#8221;4.16&#8243; custom_padding=&#8221;|||&#8221; global_colors_info=&#8221;{}&#8221; custom_padding__hover=&#8221;|||&#8221;][et_pb_text _builder_version=&#8221;4.27.0&#8243; text_font=&#8221;|300|||||||&#8221; text_font_size=&#8221;13px&#8221; background_layout=&#8221;dark&#8221; global_colors_info=&#8221;{}&#8221;]<\/p>\n<div class=\"footerMenu\"><strong><a href=\"\/\">Startseite<\/a> | <a href=\"https:\/\/www.innosen.com\/de\/contact\/\">Kontact<\/a> | <a href=\"https:\/\/www.innosen.com\/de\/privacy\/\">Datenschutz<\/a>| <a class=\"print-link\"><a class=\"print-link\" href=\"javascript:window.print()\">Print This Page<\/a><\/a><\/strong><\/div>\n<div>\u00a9 2024 Innosen. Alle Rechte vorbehalten.<\/div>\n<p>&nbsp;<\/p>\n<p>[\/et_pb_text][\/et_pb_column][et_pb_column type=&#8221;1_4&#8243; _builder_version=&#8221;4.16&#8243; custom_padding=&#8221;|||&#8221; global_colors_info=&#8221;{}&#8221; custom_padding__hover=&#8221;|||&#8221;][et_pb_social_media_follow url_new_window=&#8221;off&#8221; follow_button=&#8221;on&#8221; _builder_version=&#8221;4.21.0&#8243; text_orientation=&#8221;left&#8221; background_layout=&#8221;dark&#8221; global_colors_info=&#8221;{}&#8221;][et_pb_social_media_follow_network social_network=&#8221;linkedin&#8221; url=&#8221;https:\/\/www.linkedin.com\/company\/innosen\/&#8221; _builder_version=&#8221;4.21.0&#8243; background_color=&#8221;#007bb6&#8243; global_colors_info=&#8221;{}&#8221; follow_button=&#8221;on&#8221; url_new_window=&#8221;off&#8221;]linkedin[\/et_pb_social_media_follow_network][\/et_pb_social_media_follow][\/et_pb_column][et_pb_column type=&#8221;1_4&#8243; _builder_version=&#8221;4.16&#8243; custom_padding=&#8221;|||&#8221; global_colors_info=&#8221;{}&#8221; custom_padding__hover=&#8221;|||&#8221;][\/et_pb_column][\/et_pb_row][\/et_pb_section][et_pb_section fb_built=&#8221;1&#8243; theme_builder_area=&#8221;post_content&#8221; _builder_version=&#8221;4.27.4&#8243; _module_preset=&#8221;default&#8221;][et_pb_row _builder_version=&#8221;4.27.4&#8243; _module_preset=&#8221;default&#8221; theme_builder_area=&#8221;post_content&#8221;][et_pb_column _builder_version=&#8221;4.27.4&#8243; _module_preset=&#8221;default&#8221; theme_builder_area=&#8221;post_content&#8221;][et_pb_image _builder_version=&#8221;4.27.4&#8243; _module_preset=&#8221;default&#8221; src=&#8221;https:\/\/www.innosen.com\/wp-content\/uploads\/2025\/05\/IMG_5306.jpg&#8221; theme_builder_area=&#8221;post_content&#8221;][\/et_pb_image][\/et_pb_column][\/et_pb_row][\/et_pb_section]<\/p>\n<script>function getWR360PopupSkin(){return 'light_rounded';}<\/script>","protected":false},"excerpt":{"rendered":"<p>Innosens Ziel ist es, L\u00f6sungen f\u00fcr alle Dosenherstellungsprobleme zu finden. Deshalb nehmen wir jedes Jahr an diesen Veranstaltungen teil. Wir m\u00f6chten Wissen und neue Entwicklungen teilen, so dass Dosenhersteller mit Qualit\u00e4tssicherungs-Systemen ausgestattet, Ausfallzeiten reduziert und Produktionseffizienz maximiert werden.<\/p>\n","protected":false},"author":1,"featured_media":0,"parent":0,"menu_order":0,"comment_status":"closed","ping_status":"closed","template":"","meta":{"_et_pb_use_builder":"on","_et_pb_old_content":"","_et_gb_content_width":"","_monsterinsights_skip_tracking":false,"_monsterinsights_sitenote_active":false,"_monsterinsights_sitenote_note":"","_monsterinsights_sitenote_category":0,"footnotes":""},"class_list":["post-14859","page","type-page","status-publish","hentry"],"yoast_head":"<!-- This site is optimized with the Yoast SEO Premium plugin v20.1 (Yoast SEO v24.9) - https:\/\/yoast.com\/wordpress\/plugins\/seo\/ -->\n<title>AUSSTELLUNGEN\/ VERANSTALTUNGEN | innosen<\/title>\n<meta name=\"description\" content=\"Hier sind einige Veranstaltungen, an denen Innosen dieses Jahr teilnehmen wird.\" \/>\n<meta name=\"robots\" content=\"index, follow, max-snippet:-1, max-image-preview:large, max-video-preview:-1\" \/>\n<link rel=\"canonical\" href=\"https:\/\/www.innosen.com\/de\/events\/\" \/>\n<script type=\"application\/ld+json\" class=\"yoast-schema-graph\">{\"@context\":\"https:\/\/schema.org\",\"@graph\":[{\"@type\":\"WebPage\",\"@id\":\"https:\/\/www.innosen.com\/de\/events\/\",\"url\":\"https:\/\/www.innosen.com\/de\/events\/\",\"name\":\"AUSSTELLUNGEN\/ VERANSTALTUNGEN | innosen\",\"isPartOf\":{\"@id\":\"https:\/\/www.innosen.com\/#website\"},\"datePublished\":\"2018-01-04T03:24:05+00:00\",\"dateModified\":\"2025-05-29T03:10:15+00:00\",\"description\":\"Hier sind einige Veranstaltungen, an denen Innosen dieses Jahr teilnehmen wird.\",\"breadcrumb\":{\"@id\":\"https:\/\/www.innosen.com\/de\/events\/#breadcrumb\"},\"inLanguage\":\"de-DE\",\"potentialAction\":[{\"@type\":\"ReadAction\",\"target\":[\"https:\/\/www.innosen.com\/de\/events\/\"]}]},{\"@type\":\"BreadcrumbList\",\"@id\":\"https:\/\/www.innosen.com\/de\/events\/#breadcrumb\",\"itemListElement\":[{\"@type\":\"ListItem\",\"position\":1,\"name\":\"Home\",\"item\":\"https:\/\/www.innosen.com\/de\/\"},{\"@type\":\"ListItem\",\"position\":2,\"name\":\"VERANSTALTUNGEN\"}]},{\"@type\":\"WebSite\",\"@id\":\"https:\/\/www.innosen.com\/#website\",\"url\":\"https:\/\/www.innosen.com\/\",\"name\":\"Innosen\",\"description\":\"Innovative Sensors for Canmaking\",\"publisher\":{\"@id\":\"https:\/\/www.innosen.com\/#organization\"},\"potentialAction\":[{\"@type\":\"SearchAction\",\"target\":{\"@type\":\"EntryPoint\",\"urlTemplate\":\"https:\/\/www.innosen.com\/?s={search_term_string}\"},\"query-input\":{\"@type\":\"PropertyValueSpecification\",\"valueRequired\":true,\"valueName\":\"search_term_string\"}}],\"inLanguage\":\"de-DE\"},{\"@type\":\"Organization\",\"@id\":\"https:\/\/www.innosen.com\/#organization\",\"name\":\"Innosen\",\"url\":\"https:\/\/www.innosen.com\/\",\"logo\":{\"@type\":\"ImageObject\",\"inLanguage\":\"de-DE\",\"@id\":\"https:\/\/www.innosen.com\/#\/schema\/logo\/image\/\",\"url\":\"\",\"contentUrl\":\"\",\"caption\":\"Innosen\"},\"image\":{\"@id\":\"https:\/\/www.innosen.com\/#\/schema\/logo\/image\/\"},\"sameAs\":[\"https:\/\/www.linkedin.com\/company\/innosen\/\",\"https:\/\/www.youtube.com\/channel\/UClrXAfXhkiKqnqqtU4Sn2Lg?view_as=subscriber\"]}]}<\/script>\n<!-- \/ Yoast SEO Premium plugin. -->","yoast_head_json":{"title":"AUSSTELLUNGEN\/ VERANSTALTUNGEN | innosen","description":"Hier sind einige Veranstaltungen, an denen Innosen dieses Jahr teilnehmen wird.","robots":{"index":"index","follow":"follow","max-snippet":"max-snippet:-1","max-image-preview":"max-image-preview:large","max-video-preview":"max-video-preview:-1"},"canonical":"https:\/\/www.innosen.com\/de\/events\/","schema":{"@context":"https:\/\/schema.org","@graph":[{"@type":"WebPage","@id":"https:\/\/www.innosen.com\/de\/events\/","url":"https:\/\/www.innosen.com\/de\/events\/","name":"AUSSTELLUNGEN\/ VERANSTALTUNGEN | innosen","isPartOf":{"@id":"https:\/\/www.innosen.com\/#website"},"datePublished":"2018-01-04T03:24:05+00:00","dateModified":"2025-05-29T03:10:15+00:00","description":"Hier sind einige Veranstaltungen, an denen Innosen dieses Jahr teilnehmen wird.","breadcrumb":{"@id":"https:\/\/www.innosen.com\/de\/events\/#breadcrumb"},"inLanguage":"de-DE","potentialAction":[{"@type":"ReadAction","target":["https:\/\/www.innosen.com\/de\/events\/"]}]},{"@type":"BreadcrumbList","@id":"https:\/\/www.innosen.com\/de\/events\/#breadcrumb","itemListElement":[{"@type":"ListItem","position":1,"name":"Home","item":"https:\/\/www.innosen.com\/de\/"},{"@type":"ListItem","position":2,"name":"VERANSTALTUNGEN"}]},{"@type":"WebSite","@id":"https:\/\/www.innosen.com\/#website","url":"https:\/\/www.innosen.com\/","name":"Innosen","description":"Innovative Sensors for Canmaking","publisher":{"@id":"https:\/\/www.innosen.com\/#organization"},"potentialAction":[{"@type":"SearchAction","target":{"@type":"EntryPoint","urlTemplate":"https:\/\/www.innosen.com\/?s={search_term_string}"},"query-input":{"@type":"PropertyValueSpecification","valueRequired":true,"valueName":"search_term_string"}}],"inLanguage":"de-DE"},{"@type":"Organization","@id":"https:\/\/www.innosen.com\/#organization","name":"Innosen","url":"https:\/\/www.innosen.com\/","logo":{"@type":"ImageObject","inLanguage":"de-DE","@id":"https:\/\/www.innosen.com\/#\/schema\/logo\/image\/","url":"","contentUrl":"","caption":"Innosen"},"image":{"@id":"https:\/\/www.innosen.com\/#\/schema\/logo\/image\/"},"sameAs":["https:\/\/www.linkedin.com\/company\/innosen\/","https:\/\/www.youtube.com\/channel\/UClrXAfXhkiKqnqqtU4Sn2Lg?view_as=subscriber"]}]}},"_links":{"self":[{"href":"https:\/\/www.innosen.com\/de\/wp-json\/wp\/v2\/pages\/14859","targetHints":{"allow":["GET"]}}],"collection":[{"href":"https:\/\/www.innosen.com\/de\/wp-json\/wp\/v2\/pages"}],"about":[{"href":"https:\/\/www.innosen.com\/de\/wp-json\/wp\/v2\/types\/page"}],"author":[{"embeddable":true,"href":"https:\/\/www.innosen.com\/de\/wp-json\/wp\/v2\/users\/1"}],"replies":[{"embeddable":true,"href":"https:\/\/www.innosen.com\/de\/wp-json\/wp\/v2\/comments?post=14859"}],"version-history":[{"count":15,"href":"https:\/\/www.innosen.com\/de\/wp-json\/wp\/v2\/pages\/14859\/revisions"}],"predecessor-version":[{"id":35362,"href":"https:\/\/www.innosen.com\/de\/wp-json\/wp\/v2\/pages\/14859\/revisions\/35362"}],"wp:attachment":[{"href":"https:\/\/www.innosen.com\/de\/wp-json\/wp\/v2\/media?parent=14859"}],"curies":[{"name":"wp","href":"https:\/\/api.w.org\/{rel}","templated":true}]}}